{"id":10969,"date":"2025-10-31T20:09:55","date_gmt":"2025-10-31T20:09:55","guid":{"rendered":"http:\/\/rubenam"},"modified":"2026-03-31T08:24:30","modified_gmt":"2026-03-31T06:24:30","slug":"refunds_returns","status":"publish","type":"page","link":"https:\/\/terretabarefoot.com\/en\/reembolso_devoluciones\/","title":{"rendered":"Returns and refunds policy"},"content":{"rendered":"<p><\/p>\n\n\n\n<p><\/p>\n\n\n\n<p><\/p>\n\n\n\n<p><\/p>\n\n\n\n<h2 class=\"wp-block-heading \\&quot;wp-block-heading\\&quot;\">Exchanges and Returns.<\/h2>\n\n\n\n<h3 class=\"\\&quot;wp-block-heading\\&quot; wp-block-heading\"><strong>SHIPPING COSTS<\/strong><\/h3>\n\n\n\n<p>Shipping costs are not included in the price and will be shown to you before you finalize your purchase, depending on the shipping address of each order.<\/p>\n\n\n\n<p>Below, we detail the shipping costs:<\/p>\n\n\n\n<p>&nbsp;&nbsp;<strong>PENINSULA:<\/strong><\/p>\n\n\n\n<ul class=\"wp-block-list \\&quot;wp-block-list\\&quot;\">\n<li>\u2013 ENV\u00cdO PREMIUM VIA NACEX A DOMICILIO (24-72h. Laborales): 5,5\u20ac. &nbsp;<br><strong>BALEARICS:<\/strong><\/li>\n\n\n\n<li>\u2013 STANDARD DELIVERY VIA NACEX TO YOUR HOME (48-72h. Working days): \u20ac10.<br><strong>PORTUGAL:<\/strong> &nbsp;&nbsp;<\/li>\n\n\n\n<li>\u2013 STANDARD HOME DELIVERY (48-72h. Working days): \u20ac6.<\/li>\n<\/ul>\n\n\n\n<p><\/p>\n\n\n\n<h3 class=\"\\&quot;wp-block-heading\\&quot; wp-block-heading\"><strong>CHANGES<\/strong><\/h3>\n\n\n\n<p>We cannot guarantee continuous stock availability, therefore we cannot offer size exchanges. For size or color exchanges, you must place a new order as soon as possible and process the return of the unwanted item.<\/p>\n\n\n\n<h3 class=\"\\&quot;wp-block-heading\\&quot; wp-block-heading\"><strong><br>RETURNS<\/strong><\/h3>\n\n\n\n<ul class=\"wp-block-list \\&quot;wp-block-list\\&quot;\">\n<li>Have&nbsp;<strong>15-day deadline<\/strong>&nbsp;to make a return.<\/li>\n\n\n\n<li>Send us an email to hola@terretabarefoot.com with the subject&nbsp;<strong>RETURN<\/strong>, with your name, order number, reason for return and by what means you wish to send us the product.<\/li>\n\n\n\n<li>After requesting a return, the product must be sent&nbsp;<strong>within 7 business days of the request.<\/strong>&nbsp; If it is not sent within that timeframe,&nbsp;<strong>No returns will be accepted<\/strong>.<\/li>\n<\/ul>\n\n\n\n<p>For the return&nbsp;<strong>There are two options<\/strong>:<\/p>\n\n\n\n<p>&nbsp;<strong>1.<\/strong>&nbsp;Por cuenta del cliente a trav\u00e9s de un sistema de env\u00edo certificado, y que nos env\u00ede el n\u00famero de seguimiento al correo&nbsp;hola@terretabarefoot.com<\/p>\n\n\n\n<p><strong>&nbsp;2<\/strong>. Delivery to office or Nacex Point: When contacting us, you must tell us that you want to do it this way and we will generate a label that will be sent to your email with the instructions to follow, in which case the return cost for up to 2 pairs (for more pairs the price will vary according to weight) will be: &nbsp;&nbsp;<\/p>\n\n\n\n<p><strong>\u2013 Peninsula: \u20ac6&nbsp;<\/strong><\/p>\n\n\n\n<p><strong>\u2013 Balearic Islands: \u20ac10.&nbsp;<\/strong><\/p>\n\n\n\n<p><strong>\u2013 Portugal: \u20ac7<\/strong><\/p>\n\n\n\n<ul class=\"wp-block-list \\&quot;wp-block-list\\&quot;\">\n<li>Return shipping costs will be deducted from the refund amount.&nbsp;<\/li>\n\n\n\n<li>Any promotional items received, such as gifts or additional discounts, must be returned along with the item(s) for which the customer is exercising their right of return. Otherwise, the corresponding amount for those items, as well as the applicable shipping costs, will be deducted from the refund.<\/li>\n\n\n\n<li>You will have to return the item.&nbsp;<strong>without having made use<\/strong>, The item must be returned in its original box with all original packaging materials, including protective paper and padding. Returns will not be accepted if the item is not in perfect condition. We reserve the right to withhold a full refund if these requirements are not met, or to refuse the return altogether. In the latter case, we will contact you to explain how to arrange for the return shipping costs.&nbsp;<\/li>\n\n\n\n<li>The shoe box must be sent protected (with a plastic bag, a larger cardboard box, or a bubble envelope).,&nbsp;<strong>NEVER STICK LABELS AND\/OR TAPE ON THE ORIGINAL BOX<\/strong>. If a return is received in this manner, we reserve the right to deduct the cost of the return and any depreciation the product may have suffered from the refund amount.<\/li>\n\n\n\n<li>When the product has&nbsp;<strong>damaged during transport<\/strong>&nbsp;is&nbsp;<strong>essential<\/strong>&nbsp;Please let us know.&nbsp;<strong>on the same day you receive the goods and note the issue on the carrier&#039;s delivery note<\/strong>.<\/li>\n\n\n\n<li>Once we receive your shipment, if everything is correct, we will issue a refund using the same payment method you used when placing your order. If you paid by bank transfer, we will request your account number to process the refund.<\/li>\n\n\n\n<li>The refund will be issued in a&nbsp;<strong>maximum term of 14 days<\/strong>&nbsp;from the moment the product is received at our facilities.<\/li>\n\n\n\n<li>If the return is due to the shipment receiving a different item than the one ordered, or a damaged or defective product, Terreta Barefoot will cover the shipping and return costs, provided the customer notifies them within a maximum period of&nbsp;<strong>2 calendar days<\/strong>&nbsp;From the moment the shipment is received, we will offer a replacement with the one originally ordered or a refund of the amount paid if the above is not possible due to lack of stock.&nbsp;<\/li>\n\n\n\n<li>Para devoluciones del resto de paises, env\u00eda correo y te informaremos de los pasos a seguir.<\/li>\n<\/ul>\n\n\n\n<h3 class=\"\\&quot;wp-block-heading\\&quot; wp-block-heading\"><strong>IMPORTANT:<\/strong><\/h3>\n\n\n\n<ul class=\"wp-block-list \\&quot;wp-block-list\\&quot;\">\n<li>Please note that the product color may vary slightly from the model in the photo due to different materials and\/or screen tones.<\/li>\n\n\n\n<li>For your own benefit, we advise you to use a shipping system that guarantees the integrity of the product when returning it; it is your responsibility until it reaches us.<\/li>\n<\/ul>\n\n\n\n<p>After requesting a return, the product must be sent&nbsp;<strong>within 7 business days of the request.<\/strong>&nbsp; If it is not sent within that timeframe,&nbsp;<strong>No returns will be accepted<\/strong>.<\/p>","protected":false},"excerpt":{"rendered":"<p>Cambios y Devoluciones. GASTOS DE ENV\u00cdO Los gastos de env\u00edo no est\u00e1n incluidos en el precio y&#8230;<\/p>","protected":false},"author":778,"featured_media":0,"parent":0,"menu_order":0,"comment_status":"closed","ping_status":"closed","template":"","meta":{"footnotes":""},"class_list":["post-10969","page","type-page","status-publish","hentry"],"yoast_head":"<!-- This site is optimized with the Yoast SEO plugin v27.2 - https:\/\/yoast.com\/product\/yoast-seo-wordpress\/ -->\n<title>Pol\u00edtica de devoluciones y reembolsos - Terreta barefoot<\/title>\n<meta name=\"robots\" content=\"index, follow, max-snippet:-1, max-image-preview:large, max-video-preview:-1\" \/>\n<link rel=\"canonical\" href=\"https:\/\/terretabarefoot.com\/en\/refunds_returns\/\" \/>\n<meta property=\"og:locale\" content=\"en_GB\" \/>\n<meta property=\"og:type\" content=\"article\" \/>\n<meta property=\"og:title\" content=\"Pol\u00edtica de devoluciones y reembolsos - Terreta barefoot\" \/>\n<meta property=\"og:description\" content=\"Cambios y Devoluciones. GASTOS DE ENV\u00cdO Los gastos de env\u00edo no est\u00e1n incluidos en el precio y...\" \/>\n<meta property=\"og:url\" content=\"https:\/\/terretabarefoot.com\/en\/refunds_returns\/\" \/>\n<meta property=\"og:site_name\" content=\"Terreta barefoot\" \/>\n<meta property=\"article:modified_time\" content=\"2026-03-31T06:24:30+00:00\" \/>\n<meta name=\"twitter:card\" content=\"summary_large_image\" \/>\n<meta name=\"twitter:label1\" content=\"Tiempo de lectura\" \/>\n\t<meta name=\"twitter:data1\" content=\"4 minutos\" \/>\n<script type=\"application\/ld+json\" class=\"yoast-schema-graph\">{\"@context\":\"https:\/\/schema.org\",\"@graph\":[{\"@type\":\"WebPage\",\"@id\":\"https:\/\/terretabarefoot.com\/reembolso_devoluciones\/\",\"url\":\"https:\/\/terretabarefoot.com\/reembolso_devoluciones\/\",\"name\":\"Pol\u00edtica de devoluciones y reembolsos - Terreta barefoot\",\"isPartOf\":{\"@id\":\"https:\/\/terretabarefoot.com\/#website\"},\"datePublished\":\"2025-10-31T20:09:55+00:00\",\"dateModified\":\"2026-03-31T06:24:30+00:00\",\"breadcrumb\":{\"@id\":\"https:\/\/terretabarefoot.com\/reembolso_devoluciones\/#breadcrumb\"},\"inLanguage\":\"es\",\"potentialAction\":[{\"@type\":\"ReadAction\",\"target\":[\"https:\/\/terretabarefoot.com\/reembolso_devoluciones\/\"]}]},{\"@type\":\"BreadcrumbList\",\"@id\":\"https:\/\/terretabarefoot.com\/reembolso_devoluciones\/#breadcrumb\",\"itemListElement\":[{\"@type\":\"ListItem\",\"position\":1,\"name\":\"Portada\",\"item\":\"https:\/\/terretabarefoot.com\/\"},{\"@type\":\"ListItem\",\"position\":2,\"name\":\"Pol\u00edtica de devoluciones y reembolsos\"}]},{\"@type\":\"WebSite\",\"@id\":\"https:\/\/terretabarefoot.com\/#website\",\"url\":\"https:\/\/terretabarefoot.com\/\",\"name\":\"Terreta barefoot\",\"description\":\"It\u00b4s barefoot time :-)\",\"publisher\":{\"@id\":\"https:\/\/terretabarefoot.com\/#organization\"},\"potentialAction\":[{\"@type\":\"SearchAction\",\"target\":{\"@type\":\"EntryPoint\",\"urlTemplate\":\"https:\/\/terretabarefoot.com\/?s={search_term_string}\"},\"query-input\":{\"@type\":\"PropertyValueSpecification\",\"valueRequired\":true,\"valueName\":\"search_term_string\"}}],\"inLanguage\":\"es\"},{\"@type\":\"Organization\",\"@id\":\"https:\/\/terretabarefoot.com\/#organization\",\"name\":\"Terreta barefoot\",\"url\":\"https:\/\/terretabarefoot.com\/\",\"logo\":{\"@type\":\"ImageObject\",\"inLanguage\":\"es\",\"@id\":\"https:\/\/terretabarefoot.com\/#\/schema\/logo\/image\/\",\"url\":\"https:\/\/terretabarefoot.com\/wp-content\/uploads\/2023\/11\/895f73df-647a-4039-ad35-2894cebe7370.png\",\"contentUrl\":\"https:\/\/terretabarefoot.com\/wp-content\/uploads\/2023\/11\/895f73df-647a-4039-ad35-2894cebe7370.png\",\"width\":150,\"height\":99,\"caption\":\"Terreta barefoot\"},\"image\":{\"@id\":\"https:\/\/terretabarefoot.com\/#\/schema\/logo\/image\/\"}}]}<\/script>\n<!-- \/ Yoast SEO plugin. -->","yoast_head_json":{"title":"Returns and Refunds Policy - Terreta barefoot","robots":{"index":"index","follow":"follow","max-snippet":"max-snippet:-1","max-image-preview":"max-image-preview:large","max-video-preview":"max-video-preview:-1"},"canonical":"https:\/\/terretabarefoot.com\/en\/refunds_returns\/","og_locale":"en_GB","og_type":"article","og_title":"Pol\u00edtica de devoluciones y reembolsos - Terreta barefoot","og_description":"Cambios y Devoluciones. GASTOS DE ENV\u00cdO Los gastos de env\u00edo no est\u00e1n incluidos en el precio y...","og_url":"https:\/\/terretabarefoot.com\/en\/refunds_returns\/","og_site_name":"Terreta barefoot","article_modified_time":"2026-03-31T06:24:30+00:00","twitter_card":"summary_large_image","twitter_misc":{"Tiempo de lectura":"4 minutos"},"schema":{"@context":"https:\/\/schema.org","@graph":[{"@type":"WebPage","@id":"https:\/\/terretabarefoot.com\/reembolso_devoluciones\/","url":"https:\/\/terretabarefoot.com\/reembolso_devoluciones\/","name":"Returns and Refunds Policy - Terreta barefoot","isPartOf":{"@id":"https:\/\/terretabarefoot.com\/#website"},"datePublished":"2025-10-31T20:09:55+00:00","dateModified":"2026-03-31T06:24:30+00:00","breadcrumb":{"@id":"https:\/\/terretabarefoot.com\/reembolso_devoluciones\/#breadcrumb"},"inLanguage":"es","potentialAction":[{"@type":"ReadAction","target":["https:\/\/terretabarefoot.com\/reembolso_devoluciones\/"]}]},{"@type":"BreadcrumbList","@id":"https:\/\/terretabarefoot.com\/reembolso_devoluciones\/#breadcrumb","itemListElement":[{"@type":"ListItem","position":1,"name":"Portada","item":"https:\/\/terretabarefoot.com\/"},{"@type":"ListItem","position":2,"name":"Pol\u00edtica de devoluciones y reembolsos"}]},{"@type":"WebSite","@id":"https:\/\/terretabarefoot.com\/#website","url":"https:\/\/terretabarefoot.com\/","name":"barefoot Terreta","description":"It&#039;s barefoot time :-)","publisher":{"@id":"https:\/\/terretabarefoot.com\/#organization"},"potentialAction":[{"@type":"SearchAction","target":{"@type":"EntryPoint","urlTemplate":"https:\/\/terretabarefoot.com\/?s={search_term_string}"},"query-input":{"@type":"PropertyValueSpecification","valueRequired":true,"valueName":"search_term_string"}}],"inLanguage":"es"},{"@type":"Organization","@id":"https:\/\/terretabarefoot.com\/#organization","name":"barefoot Terreta","url":"https:\/\/terretabarefoot.com\/","logo":{"@type":"ImageObject","inLanguage":"es","@id":"https:\/\/terretabarefoot.com\/#\/schema\/logo\/image\/","url":"https:\/\/terretabarefoot.com\/wp-content\/uploads\/2023\/11\/895f73df-647a-4039-ad35-2894cebe7370.png","contentUrl":"https:\/\/terretabarefoot.com\/wp-content\/uploads\/2023\/11\/895f73df-647a-4039-ad35-2894cebe7370.png","width":150,"height":99,"caption":"Terreta barefoot"},"image":{"@id":"https:\/\/terretabarefoot.com\/#\/schema\/logo\/image\/"}}]}},"_links":{"self":[{"href":"https:\/\/terretabarefoot.com\/en\/wp-json\/wp\/v2\/pages\/10969","targetHints":{"allow":["GET"]}}],"collection":[{"href":"https:\/\/terretabarefoot.com\/en\/wp-json\/wp\/v2\/pages"}],"about":[{"href":"https:\/\/terretabarefoot.com\/en\/wp-json\/wp\/v2\/types\/page"}],"author":[{"embeddable":true,"href":"https:\/\/terretabarefoot.com\/en\/wp-json\/wp\/v2\/users\/778"}],"replies":[{"embeddable":true,"href":"https:\/\/terretabarefoot.com\/en\/wp-json\/wp\/v2\/comments?post=10969"}],"version-history":[{"count":5,"href":"https:\/\/terretabarefoot.com\/en\/wp-json\/wp\/v2\/pages\/10969\/revisions"}],"predecessor-version":[{"id":15730,"href":"https:\/\/terretabarefoot.com\/en\/wp-json\/wp\/v2\/pages\/10969\/revisions\/15730"}],"wp:attachment":[{"href":"https:\/\/terretabarefoot.com\/en\/wp-json\/wp\/v2\/media?parent=10969"}],"curies":[{"name":"wp","href":"https:\/\/api.w.org\/{rel}","templated":true}]}}