{"id":11358,"date":"2025-11-08T11:25:52","date_gmt":"2025-11-08T09:25:52","guid":{"rendered":"https:\/\/terretabarefoot.com\/?post_type=product&#038;p=11358"},"modified":"2026-04-11T19:36:02","modified_gmt":"2026-04-11T17:36:02","slug":"daim-lycra-perle","status":"publish","type":"product","link":"https:\/\/terretabarefoot.com\/fr\/producto\/perleta-licra-ante\/","title":{"rendered":"Lycra Suede Perleta"},"content":{"rendered":"<p class=\"\" data-start=\"279\" data-end=\"504\"><img decoding=\"async\" class=\"emoji\" role=\"img\" draggable=\"false\" src=\"https:\/\/s.w.org\/images\/core\/emoji\/15.1.0\/svg\/1f9b6.svg\" alt=\"\ud83e\uddb6\" \/>\u00a0<strong data-start=\"282\" data-end=\"340\">Zone des orteils anatomique \u2013 Respecte la forme naturelle de votre pied<\/strong><br data-start=\"340\" data-end=\"343\" \/>Con\u00e7u avec une forme\u00a0<strong data-start=\"366\" data-end=\"388\">large et ergonomique<\/strong>, L&#039;espace pr\u00e9vu pour les orteils permet \u00e0 ces derniers de s&#039;\u00e9tendre librement, offrant un confort maximal et \u00e9vitant toute pression inutile.<\/p>\n<p class=\"\" data-start=\"506\" data-end=\"718\"><img decoding=\"async\" class=\"emoji\" role=\"img\" draggable=\"false\" src=\"https:\/\/s.w.org\/images\/core\/emoji\/15.1.0\/svg\/2195.svg\" alt=\"\u2195\ufe0f\" \/>\u00a0<strong data-start=\"509\" data-end=\"559\">Z\u00e9ro chute \u2013 Mouvement naturel sans inclinaison<\/strong><br data-start=\"559\" data-end=\"562\" \/>La semelle \u00e0 drop z\u00e9ro maintient le talon et les orteils \u00e0 la m\u00eame hauteur, favorisant ainsi une foul\u00e9e plus stable.\u00a0<strong data-start=\"661\" data-end=\"682\">posture saine<\/strong>\u00a0et une foul\u00e9e plus naturelle et stable.<\/p>\n<p class=\"\" data-start=\"720\" data-end=\"911\"><img decoding=\"async\" class=\"emoji\" role=\"img\" draggable=\"false\" src=\"https:\/\/s.w.org\/images\/core\/emoji\/15.1.0\/svg\/1f388.svg\" alt=\"\ud83c\udf88\" \/>\u00a0<strong data-start=\"723\" data-end=\"773\">L\u00e9g\u00e8ret\u00e9 \u2013 Une l\u00e9g\u00e8ret\u00e9 que vous remarquerez \u00e0 chaque pas<\/strong><br data-start=\"773\" data-end=\"776\" \/>Fabriqu\u00e9es avec des mat\u00e9riaux ultra-l\u00e9gers, les bottes Perleta offrent une grande libert\u00e9 de mouvement. Marchez plus librement, sans encombrement inutile.<\/p>\n<p class=\"\" data-start=\"913\" data-end=\"1132\"><img decoding=\"async\" class=\"emoji\" role=\"img\" draggable=\"false\" src=\"https:\/\/s.w.org\/images\/core\/emoji\/15.1.0\/svg\/2728.svg\" alt=\"\u2728\" \/>\u00a0<strong data-start=\"916\" data-end=\"973\">Semelle int\u00e9rieure fine et plate \u2013 Contact maximal avec le sol<\/strong><br data-start=\"973\" data-end=\"976\" \/><strong data-start=\"1020\" data-end=\"1057\">\u00a0Semelle fine,<\/strong> Notre nouvelle semelle de 5 mm d&#039;\u00e9paisseur offre une excellente sensation au sol, am\u00e9liore votre \u00e9quilibre et renforce vos pieds \u00e0 chaque utilisation.<\/p>","protected":false},"excerpt":{"rendered":"<p data-start=\"590\" data-end=\"864\">El <strong data-start=\"593\" data-end=\"619\">bot\u00edn barefoot Perleta<\/strong> est\u00e1 dise\u00f1ado para quienes buscan un calzado c\u00f3modo, vers\u00e1til y con est\u00e9tica minimalista. Su confecci\u00f3n en <strong data-start=\"727\" data-end=\"753\">licra con acabado ante<\/strong> ofrece una gran adaptabilidad al pie, envolvi\u00e9ndolo con suavidad y permitiendo total libertad de movimiento.<\/p>\n<p data-start=\"866\" data-end=\"1081\">Gracias a su <strong data-start=\"879\" data-end=\"898\">tejido el\u00e1stico<\/strong>, se ajusta como una segunda piel sin oprimir, garantizando confort durante todo el d\u00eda. Su textura tipo ante le aporta un aspecto elegante y c\u00e1lido, ideal para los meses m\u00e1s fr\u00edos.<\/p>\n<p data-start=\"1083\" data-end=\"1333\">La <strong data-start=\"1086\" data-end=\"1112\">suela barefoot de 5 mm<\/strong> proporciona una excelente flexibilidad y una conexi\u00f3n natural con el suelo, respetando la postura y el movimiento del pie. La <strong data-start=\"1239\" data-end=\"1277\">horma ancha y la puntera anat\u00f3mica<\/strong> permiten que los dedos se mantengan libres y c\u00f3modos.<\/p>\n<p data-start=\"1335\" data-end=\"1452\">Disponible en <strong data-start=\"1349\" data-end=\"1375\">tres colores naturales<\/strong> \u2014beige, cuero y negro\u2014, el Perleta combina con cualquier estilo y ocasi\u00f3n.<\/p>\n<p data-start=\"1468\" data-end=\"1538\">\ud83d\udc49 Consulta nuestra <a href=\"https:\/\/terretabarefoot.com\/guia-tallas-marina-carabassi\/\">[Gu\u00eda de tallas]<\/a> para elegir tu ajuste perfecto.<\/p>\n","protected":false},"featured_media":11399,"template":"","meta":[],"etheme_brands":[],"product_brand":[],"product_cat":[171,168],"product_tag":[],"class_list":{"0":"post-11358","1":"product","2":"type-product","3":"status-publish","4":"has-post-thumbnail","6":"product_cat-botines","7":"product_cat-veganos","8":"pa_talla-73","9":"pa_talla-74","10":"pa_talla-75","11":"pa_talla-77","12":"pa_talla-78","13":"pa_talla-79","14":"pa_talla-80","16":"first","17":"instock","18":"sale","19":"taxable","20":"shipping-taxable","21":"purchasable","22":"product-type-variable"},"yoast_head":"<!-- This site is optimized with the Yoast SEO plugin v27.2 - https:\/\/yoast.com\/product\/yoast-seo-wordpress\/ -->\n<title>Perleta Licra Ante - Terreta barefoot<\/title>\n<meta name=\"robots\" content=\"index, follow, max-snippet:-1, max-image-preview:large, max-video-preview:-1\" \/>\n<link rel=\"canonical\" href=\"https:\/\/terretabarefoot.com\/fr\/produit\/daim-lycra-perle\/\" \/>\n<meta property=\"og:locale\" content=\"fr_FR\" \/>\n<meta property=\"og:type\" content=\"article\" \/>\n<meta property=\"og:title\" content=\"Perleta Licra Ante - Terreta barefoot\" \/>\n<meta property=\"og:description\" content=\"El bot\u00edn barefoot Perleta est\u00e1 dise\u00f1ado para quienes buscan un calzado c\u00f3modo, vers\u00e1til y con est\u00e9tica minimalista. Su confecci\u00f3n en licra con acabado ante ofrece una gran adaptabilidad al pie, envolvi\u00e9ndolo con suavidad y permitiendo total libertad de movimiento. Gracias a su tejido el\u00e1stico, se ajusta como una segunda piel sin oprimir, garantizando confort durante todo el d\u00eda. Su textura tipo ante le aporta un aspecto elegante y c\u00e1lido, ideal para los meses m\u00e1s fr\u00edos. La suela barefoot de 5 mm proporciona una excelente flexibilidad y una conexi\u00f3n natural con el suelo, respetando la postura y el movimiento del pie. La horma ancha y la puntera anat\u00f3mica permiten que los dedos se mantengan libres y c\u00f3modos. Disponible en tres colores naturales \u2014beige, cuero y negro\u2014, el Perleta combina con cualquier estilo y ocasi\u00f3n. \ud83d\udc49 Consulta nuestra [Gu\u00eda de tallas] para elegir tu ajuste perfecto.\" \/>\n<meta property=\"og:url\" content=\"https:\/\/terretabarefoot.com\/fr\/produit\/daim-lycra-perle\/\" \/>\n<meta property=\"og:site_name\" content=\"Terreta barefoot\" \/>\n<meta property=\"article:modified_time\" content=\"2026-04-11T17:36:02+00:00\" \/>\n<meta property=\"og:image\" content=\"https:\/\/terretabarefoot.com\/wp-content\/uploads\/2025\/11\/1Ante-Cuero-scaled.jpg\" \/>\n\t<meta property=\"og:image:width\" content=\"2560\" \/>\n\t<meta property=\"og:image:height\" content=\"2175\" \/>\n\t<meta property=\"og:image:type\" content=\"image\/jpeg\" \/>\n<meta name=\"twitter:card\" content=\"summary_large_image\" \/>\n<meta name=\"twitter:label1\" content=\"Tiempo de lectura\" \/>\n\t<meta name=\"twitter:data1\" content=\"2 minutos\" \/>\n<script type=\"application\/ld+json\" class=\"yoast-schema-graph\">{\"@context\":\"https:\/\/schema.org\",\"@graph\":[{\"@type\":\"WebPage\",\"@id\":\"https:\/\/terretabarefoot.com\/producto\/perleta-licra-ante\/\",\"url\":\"https:\/\/terretabarefoot.com\/producto\/perleta-licra-ante\/\",\"name\":\"Perleta Licra Ante - Terreta barefoot\",\"isPartOf\":{\"@id\":\"https:\/\/terretabarefoot.com\/#website\"},\"primaryImageOfPage\":{\"@id\":\"https:\/\/terretabarefoot.com\/producto\/perleta-licra-ante\/#primaryimage\"},\"image\":{\"@id\":\"https:\/\/terretabarefoot.com\/producto\/perleta-licra-ante\/#primaryimage\"},\"thumbnailUrl\":\"https:\/\/terretabarefoot.com\/wp-content\/uploads\/2025\/11\/1Ante-Cuero-scaled.jpg\",\"datePublished\":\"2025-11-08T09:25:52+00:00\",\"dateModified\":\"2026-04-11T17:36:02+00:00\",\"breadcrumb\":{\"@id\":\"https:\/\/terretabarefoot.com\/producto\/perleta-licra-ante\/#breadcrumb\"},\"inLanguage\":\"es\",\"potentialAction\":[{\"@type\":\"ReadAction\",\"target\":[\"https:\/\/terretabarefoot.com\/producto\/perleta-licra-ante\/\"]}]},{\"@type\":\"ImageObject\",\"inLanguage\":\"es\",\"@id\":\"https:\/\/terretabarefoot.com\/producto\/perleta-licra-ante\/#primaryimage\",\"url\":\"https:\/\/terretabarefoot.com\/wp-content\/uploads\/2025\/11\/1Ante-Cuero-scaled.jpg\",\"contentUrl\":\"https:\/\/terretabarefoot.com\/wp-content\/uploads\/2025\/11\/1Ante-Cuero-scaled.jpg\",\"width\":2560,\"height\":2175},{\"@type\":\"BreadcrumbList\",\"@id\":\"https:\/\/terretabarefoot.com\/producto\/perleta-licra-ante\/#breadcrumb\",\"itemListElement\":[{\"@type\":\"ListItem\",\"position\":1,\"name\":\"Portada\",\"item\":\"https:\/\/terretabarefoot.com\/\"},{\"@type\":\"ListItem\",\"position\":2,\"name\":\"Tienda\",\"item\":\"https:\/\/terretabarefoot.com\/tienda\/\"},{\"@type\":\"ListItem\",\"position\":3,\"name\":\"Perleta Licra Ante\"}]},{\"@type\":\"WebSite\",\"@id\":\"https:\/\/terretabarefoot.com\/#website\",\"url\":\"https:\/\/terretabarefoot.com\/\",\"name\":\"Terreta barefoot\",\"description\":\"It\u00b4s barefoot time :-)\",\"publisher\":{\"@id\":\"https:\/\/terretabarefoot.com\/#organization\"},\"potentialAction\":[{\"@type\":\"SearchAction\",\"target\":{\"@type\":\"EntryPoint\",\"urlTemplate\":\"https:\/\/terretabarefoot.com\/?s={search_term_string}\"},\"query-input\":{\"@type\":\"PropertyValueSpecification\",\"valueRequired\":true,\"valueName\":\"search_term_string\"}}],\"inLanguage\":\"es\"},{\"@type\":\"Organization\",\"@id\":\"https:\/\/terretabarefoot.com\/#organization\",\"name\":\"Terreta barefoot\",\"url\":\"https:\/\/terretabarefoot.com\/\",\"logo\":{\"@type\":\"ImageObject\",\"inLanguage\":\"es\",\"@id\":\"https:\/\/terretabarefoot.com\/#\/schema\/logo\/image\/\",\"url\":\"https:\/\/terretabarefoot.com\/wp-content\/uploads\/2023\/11\/895f73df-647a-4039-ad35-2894cebe7370.png\",\"contentUrl\":\"https:\/\/terretabarefoot.com\/wp-content\/uploads\/2023\/11\/895f73df-647a-4039-ad35-2894cebe7370.png\",\"width\":150,\"height\":99,\"caption\":\"Terreta barefoot\"},\"image\":{\"@id\":\"https:\/\/terretabarefoot.com\/#\/schema\/logo\/image\/\"}}]}<\/script>\n<!-- \/ Yoast SEO plugin. -->","yoast_head_json":{"title":"Lycra Daim Perleta - Pieds Nus Terreta","robots":{"index":"index","follow":"follow","max-snippet":"max-snippet:-1","max-image-preview":"max-image-preview:large","max-video-preview":"max-video-preview:-1"},"canonical":"https:\/\/terretabarefoot.com\/fr\/produit\/daim-lycra-perle\/","og_locale":"fr_FR","og_type":"article","og_title":"Perleta Licra Ante - Terreta barefoot","og_description":"El bot\u00edn barefoot Perleta est\u00e1 dise\u00f1ado para quienes buscan un calzado c\u00f3modo, vers\u00e1til y con est\u00e9tica minimalista. Su confecci\u00f3n en licra con acabado ante ofrece una gran adaptabilidad al pie, envolvi\u00e9ndolo con suavidad y permitiendo total libertad de movimiento. Gracias a su tejido el\u00e1stico, se ajusta como una segunda piel sin oprimir, garantizando confort durante todo el d\u00eda. Su textura tipo ante le aporta un aspecto elegante y c\u00e1lido, ideal para los meses m\u00e1s fr\u00edos. La suela barefoot de 5 mm proporciona una excelente flexibilidad y una conexi\u00f3n natural con el suelo, respetando la postura y el movimiento del pie. La horma ancha y la puntera anat\u00f3mica permiten que los dedos se mantengan libres y c\u00f3modos. Disponible en tres colores naturales \u2014beige, cuero y negro\u2014, el Perleta combina con cualquier estilo y ocasi\u00f3n. \ud83d\udc49 Consulta nuestra [Gu\u00eda de tallas] para elegir tu ajuste perfecto.","og_url":"https:\/\/terretabarefoot.com\/fr\/produit\/daim-lycra-perle\/","og_site_name":"Terreta barefoot","article_modified_time":"2026-04-11T17:36:02+00:00","og_image":[{"width":2560,"height":2175,"url":"https:\/\/terretabarefoot.com\/wp-content\/uploads\/2025\/11\/1Ante-Cuero-scaled.jpg","type":"image\/jpeg"}],"twitter_card":"summary_large_image","twitter_misc":{"Tiempo de lectura":"2 minutos"},"schema":{"@context":"https:\/\/schema.org","@graph":[{"@type":"WebPage","@id":"https:\/\/terretabarefoot.com\/producto\/perleta-licra-ante\/","url":"https:\/\/terretabarefoot.com\/producto\/perleta-licra-ante\/","name":"Lycra Daim Perleta - Pieds Nus Terreta","isPartOf":{"@id":"https:\/\/terretabarefoot.com\/#website"},"primaryImageOfPage":{"@id":"https:\/\/terretabarefoot.com\/producto\/perleta-licra-ante\/#primaryimage"},"image":{"@id":"https:\/\/terretabarefoot.com\/producto\/perleta-licra-ante\/#primaryimage"},"thumbnailUrl":"https:\/\/terretabarefoot.com\/wp-content\/uploads\/2025\/11\/1Ante-Cuero-scaled.jpg","datePublished":"2025-11-08T09:25:52+00:00","dateModified":"2026-04-11T17:36:02+00:00","breadcrumb":{"@id":"https:\/\/terretabarefoot.com\/producto\/perleta-licra-ante\/#breadcrumb"},"inLanguage":"es","potentialAction":[{"@type":"ReadAction","target":["https:\/\/terretabarefoot.com\/producto\/perleta-licra-ante\/"]}]},{"@type":"ImageObject","inLanguage":"es","@id":"https:\/\/terretabarefoot.com\/producto\/perleta-licra-ante\/#primaryimage","url":"https:\/\/terretabarefoot.com\/wp-content\/uploads\/2025\/11\/1Ante-Cuero-scaled.jpg","contentUrl":"https:\/\/terretabarefoot.com\/wp-content\/uploads\/2025\/11\/1Ante-Cuero-scaled.jpg","width":2560,"height":2175},{"@type":"BreadcrumbList","@id":"https:\/\/terretabarefoot.com\/producto\/perleta-licra-ante\/#breadcrumb","itemListElement":[{"@type":"ListItem","position":1,"name":"Portada","item":"https:\/\/terretabarefoot.com\/"},{"@type":"ListItem","position":2,"name":"Tienda","item":"https:\/\/terretabarefoot.com\/tienda\/"},{"@type":"ListItem","position":3,"name":"Perleta Licra Ante"}]},{"@type":"WebSite","@id":"https:\/\/terretabarefoot.com\/#website","url":"https:\/\/terretabarefoot.com\/","name":"Terreta pieds nus","description":"C&#039;est l&#039;heure de marcher pieds nus :-)","publisher":{"@id":"https:\/\/terretabarefoot.com\/#organization"},"potentialAction":[{"@type":"SearchAction","target":{"@type":"EntryPoint","urlTemplate":"https:\/\/terretabarefoot.com\/?s={search_term_string}"},"query-input":{"@type":"PropertyValueSpecification","valueRequired":true,"valueName":"search_term_string"}}],"inLanguage":"es"},{"@type":"Organization","@id":"https:\/\/terretabarefoot.com\/#organization","name":"Terreta pieds nus","url":"https:\/\/terretabarefoot.com\/","logo":{"@type":"ImageObject","inLanguage":"es","@id":"https:\/\/terretabarefoot.com\/#\/schema\/logo\/image\/","url":"https:\/\/terretabarefoot.com\/wp-content\/uploads\/2023\/11\/895f73df-647a-4039-ad35-2894cebe7370.png","contentUrl":"https:\/\/terretabarefoot.com\/wp-content\/uploads\/2023\/11\/895f73df-647a-4039-ad35-2894cebe7370.png","width":150,"height":99,"caption":"Terreta barefoot"},"image":{"@id":"https:\/\/terretabarefoot.com\/#\/schema\/logo\/image\/"}}]}},"_links":{"self":[{"href":"https:\/\/terretabarefoot.com\/fr\/wp-json\/wp\/v2\/product\/11358","targetHints":{"allow":["GET"]}}],"collection":[{"href":"https:\/\/terretabarefoot.com\/fr\/wp-json\/wp\/v2\/product"}],"about":[{"href":"https:\/\/terretabarefoot.com\/fr\/wp-json\/wp\/v2\/types\/product"}],"wp:featuredmedia":[{"embeddable":true,"href":"https:\/\/terretabarefoot.com\/fr\/wp-json\/wp\/v2\/media\/11399"}],"wp:attachment":[{"href":"https:\/\/terretabarefoot.com\/fr\/wp-json\/wp\/v2\/media?parent=11358"}],"wp:term":[{"taxonomy":"brand","embeddable":true,"href":"https:\/\/terretabarefoot.com\/fr\/wp-json\/wp\/v2\/etheme_brands?post=11358"},{"taxonomy":"product_brand","embeddable":true,"href":"https:\/\/terretabarefoot.com\/fr\/wp-json\/wp\/v2\/product_brand?post=11358"},{"taxonomy":"product_cat","embeddable":true,"href":"https:\/\/terretabarefoot.com\/fr\/wp-json\/wp\/v2\/product_cat?post=11358"},{"taxonomy":"product_tag","embeddable":true,"href":"https:\/\/terretabarefoot.com\/fr\/wp-json\/wp\/v2\/product_tag?post=11358"}],"curies":[{"name":"wp","href":"https:\/\/api.w.org\/{rel}","templated":true}]}}