{"id":13564,"date":"2026-02-20T08:25:35","date_gmt":"2026-02-20T06:25:35","guid":{"rendered":"https:\/\/terretabarefoot.com\/?post_type=product&#038;p=13564"},"modified":"2026-03-09T20:16:09","modified_gmt":"2026-03-09T18:16:09","slug":"new-altamira-2-0-serraje-granate","status":"publish","type":"product","link":"https:\/\/terretabarefoot.com\/fr\/producto\/new-altamira-2-0-serraje-granate\/","title":{"rendered":"New Altamira 2.0 Serraje Granate"},"content":{"rendered":"<p class=\"\" data-start=\"279\" data-end=\"504\"><img decoding=\"async\" class=\"emoji\" role=\"img\" draggable=\"false\" src=\"https:\/\/s.w.org\/images\/core\/emoji\/15.1.0\/svg\/1f9b6.svg\" alt=\"\ud83e\uddb6\" \/>\u00a0<strong data-start=\"282\" data-end=\"340\">Zone des orteils anatomique \u2013 Respecte la forme naturelle de votre pied<\/strong><br data-start=\"340\" data-end=\"343\" \/>Con\u00e7u avec une forme\u00a0<strong data-start=\"366\" data-end=\"388\">large et ergonomique<\/strong>, L&#039;espace pr\u00e9vu pour les orteils permet \u00e0 ces derniers de s&#039;\u00e9tendre librement, offrant un confort maximal et \u00e9vitant toute pression inutile.<\/p>\n<p class=\"\" data-start=\"506\" data-end=\"718\"><img decoding=\"async\" class=\"emoji\" role=\"img\" draggable=\"false\" src=\"https:\/\/s.w.org\/images\/core\/emoji\/15.1.0\/svg\/2195.svg\" alt=\"\u2195\ufe0f\" \/>\u00a0<strong data-start=\"509\" data-end=\"559\">Z\u00e9ro chute \u2013 Mouvement naturel sans inclinaison<\/strong><br data-start=\"559\" data-end=\"562\" \/>La semelle \u00e0 drop z\u00e9ro maintient le talon et les orteils \u00e0 la m\u00eame hauteur, favorisant ainsi une foul\u00e9e plus stable.\u00a0<strong data-start=\"661\" data-end=\"682\">posture saine<\/strong>\u00a0et une foul\u00e9e plus naturelle et stable.<\/p>\n<p class=\"\" data-start=\"720\" data-end=\"911\"><img decoding=\"async\" class=\"emoji\" role=\"img\" draggable=\"false\" src=\"https:\/\/s.w.org\/images\/core\/emoji\/15.1.0\/svg\/1f388.svg\" alt=\"\ud83c\udf88\" \/>\u00a0<strong data-start=\"723\" data-end=\"773\">L\u00e9g\u00e8ret\u00e9 \u2013 Une l\u00e9g\u00e8ret\u00e9 que vous remarquerez \u00e0 chaque pas<\/strong><br data-start=\"773\" data-end=\"776\" \/>Fabricadas con materiales\u00a0 muy ligeros, los Mocasines Altamira te acompa\u00f1an sin esfuerzo. Camina m\u00e1s libre, sin cargas innecesarias.<\/p>\n<p class=\"\" data-start=\"913\" data-end=\"1132\"><img decoding=\"async\" class=\"emoji\" role=\"img\" draggable=\"false\" src=\"https:\/\/s.w.org\/images\/core\/emoji\/15.1.0\/svg\/2728.svg\" alt=\"\u2728\" \/>\u00a0<strong data-start=\"916\" data-end=\"973\">Semelle int\u00e9rieure fine et plate \u2013 Contact maximal avec le sol<\/strong><br data-start=\"973\" data-end=\"976\" \/><strong data-start=\"1020\" data-end=\"1057\">\u00a0Semelle fine,<\/strong> Notre nouvelle semelle de 5 mm d&#039;\u00e9paisseur offre une excellente sensation au sol, am\u00e9liore votre \u00e9quilibre et renforce vos pieds \u00e0 chaque utilisation.<\/p>","protected":false},"excerpt":{"rendered":"<p data-start=\"773\" data-end=\"1060\"><span style=\"color: #99cc00;\">\u00a1 PUNTOS IMPORTANTES!!<\/span><\/p>\n<p data-start=\"773\" data-end=\"1060\"><span style=\"color: #99cc00;\">1.-MODELO EN PREVENTA, LOS PEDIDOS SE EMPEZARAN A ENVIAR A PRINCIPIOS DE ABRIL Y TERMINAREMOS DE ENVIAR A FINALES DE ABRIL, SEGUN EL MODELO.<\/span><\/p>\n<p data-start=\"773\" data-end=\"1060\"><span style=\"color: #99cc00;\">2.-SOLO SE REALIZARA UN ENVIO, SI JUNTO A ESTE PEDIDO SE A\u00d1ADEN PARES EN STOCK, ESTOS SE RESERVARAN Y SE ENVIARAN JUNTO CON EL PEDIDO DE PREVENTA.<\/span><\/p>\n<p data-start=\"439\" data-end=\"598\"><strong data-start=\"454\" data-end=\"499\">N<\/strong><strong data-start=\"454\" data-end=\"499\">ueva versi\u00f3n de nuestro mocas\u00edn barefoot Altamira<\/strong>, redise\u00f1ado para ofrecer mayor estabilidad sin perder la esencia minimalista que lo caracteriza.<\/p>\n<p data-start=\"600\" data-end=\"744\">Fabricado en <strong data-start=\"613\" data-end=\"632\">piel de serraje<\/strong>, mantiene un estilo elegante, atemporal y f\u00e1cil de combinar, ideal tanto para looks casuales como m\u00e1s formales.<\/p>\n<h3 data-start=\"746\" data-end=\"775\">\ud83d\udd04 \u00bfQu\u00e9 hemos mejorado?<\/h3>\n<ul data-start=\"777\" data-end=\"1122\">\n<li data-start=\"911\" data-end=\"1013\">\n<p data-start=\"913\" data-end=\"1013\">\u2705 <strong data-start=\"915\" data-end=\"951\">El\u00e1sticos ocultos en la leng\u00fceta<\/strong>, que aportan una mejor sujeci\u00f3n y adaptabilidad al empeine.<\/p>\n<\/li>\n<li data-start=\"1014\" data-end=\"1122\">\n<p data-start=\"1016\" data-end=\"1122\">\u2705 <strong data-start=\"1018\" data-end=\"1050\">Esponja en la zona del tal\u00f3n<\/strong>, que mejora el ajuste y aumenta la sensaci\u00f3n de confort en cada paso.<\/p>\n<\/li>\n<\/ul>\n<p data-start=\"1124\" data-end=\"1304\">Gracias a su <strong data-start=\"1137\" data-end=\"1172\">horma ancha y puntera anat\u00f3mica<\/strong>, permite que los dedos se expandan libremente, respetando la forma natural del pie y favoreciendo una pisada estable y equilibrada.<\/p>\n<p data-start=\"1306\" data-end=\"1472\">\u26a0\ufe0f <strong data-start=\"1309\" data-end=\"1324\">Importante:<\/strong> aunque hemos mejorado la sujeci\u00f3n, este modelo <strong data-start=\"1372\" data-end=\"1410\">no lo recomendamos para pies finos<\/strong>, ya que su estructura est\u00e1 pensada para pies medios o anchos.<\/p>\n<p data-start=\"666\" data-end=\"963\">\ud83d\udc49 Consulta nuestra <a href=\"https:\/\/terretabarefoot.com\/guia-tallas-marina-carabassi\/\">[Gu\u00eda de tallas]<\/a> para elegir tu ajuste perfecto.<\/p>\n","protected":false},"featured_media":13575,"template":"","meta":[],"etheme_brands":[],"product_brand":[],"product_cat":[69],"product_tag":[],"class_list":{"0":"post-13564","1":"product","2":"type-product","3":"status-publish","4":"has-post-thumbnail","6":"product_cat-preventa","7":"pa_talla-73","8":"pa_talla-74","9":"pa_talla-75","10":"pa_talla-77","11":"pa_talla-78","12":"pa_talla-79","13":"pa_talla-80","14":"pa_talla-81","15":"pa_talla-82","16":"pa_talla-83","18":"first","19":"outofstock","20":"sale","21":"taxable","22":"shipping-taxable","23":"purchasable","24":"product-type-variable"},"yoast_head":"<!-- This site is optimized with the Yoast SEO plugin v27.2 - https:\/\/yoast.com\/product\/yoast-seo-wordpress\/ -->\n<title>New Altamira 2.0 Serraje Granate - Terreta barefoot<\/title>\n<meta name=\"robots\" content=\"index, follow, max-snippet:-1, max-image-preview:large, max-video-preview:-1\" \/>\n<link rel=\"canonical\" href=\"https:\/\/terretabarefoot.com\/fr\/produit\/new-altamira-2-0-serraje-granate\/\" \/>\n<meta property=\"og:locale\" content=\"fr_FR\" \/>\n<meta property=\"og:type\" content=\"article\" \/>\n<meta property=\"og:title\" content=\"New Altamira 2.0 Serraje Granate - Terreta barefoot\" \/>\n<meta property=\"og:description\" content=\"\u00a1 PUNTOS IMPORTANTES!! 1.-MODELO EN PREVENTA, LOS PEDIDOS SE EMPEZARAN A ENVIAR A PRINCIPIOS DE ABRIL Y TERMINAREMOS DE ENVIAR A FINALES DE ABRIL, SEGUN EL MODELO. 2.-SOLO SE REALIZARA UN ENVIO, SI JUNTO A ESTE PEDIDO SE A\u00d1ADEN PARES EN STOCK, ESTOS SE RESERVARAN Y SE ENVIARAN JUNTO CON EL PEDIDO DE PREVENTA. Nueva versi\u00f3n de nuestro mocas\u00edn barefoot Altamira, redise\u00f1ado para ofrecer mayor estabilidad sin perder la esencia minimalista que lo caracteriza. Fabricado en piel de serraje, mantiene un estilo elegante, atemporal y f\u00e1cil de combinar, ideal tanto para looks casuales como m\u00e1s formales.  \ud83d\udd04 \u00bfQu\u00e9 hemos mejorado?    \u2705 El\u00e1sticos ocultos en la leng\u00fceta, que aportan una mejor sujeci\u00f3n y adaptabilidad al empeine.    \u2705 Esponja en la zona del tal\u00f3n, que mejora el ajuste y aumenta la sensaci\u00f3n de confort en cada paso.   Gracias a su horma ancha y puntera anat\u00f3mica, permite que los dedos se expandan libremente, respetando la forma natural del pie y favoreciendo una pisada estable y equilibrada. \u26a0\ufe0f Importante: aunque hemos mejorado la sujeci\u00f3n, este modelo no lo recomendamos para pies finos, ya que su estructura est\u00e1 pensada para pies medios o anchos. \ud83d\udc49 Consulta nuestra [Gu\u00eda de tallas] para elegir tu ajuste perfecto.\" \/>\n<meta property=\"og:url\" content=\"https:\/\/terretabarefoot.com\/fr\/produit\/new-altamira-2-0-serraje-granate\/\" \/>\n<meta property=\"og:site_name\" content=\"Terreta barefoot\" \/>\n<meta property=\"article:modified_time\" content=\"2026-03-09T18:16:09+00:00\" \/>\n<meta property=\"og:image\" content=\"https:\/\/terretabarefoot.com\/wp-content\/uploads\/2026\/02\/107_0783-scaled.jpg\" \/>\n\t<meta property=\"og:image:width\" content=\"2560\" \/>\n\t<meta property=\"og:image:height\" content=\"1920\" \/>\n\t<meta property=\"og:image:type\" content=\"image\/jpeg\" \/>\n<meta name=\"twitter:card\" content=\"summary_large_image\" \/>\n<meta name=\"twitter:label1\" content=\"Tiempo de lectura\" \/>\n\t<meta name=\"twitter:data1\" content=\"2 minutos\" \/>\n<script type=\"application\/ld+json\" class=\"yoast-schema-graph\">{\"@context\":\"https:\/\/schema.org\",\"@graph\":[{\"@type\":\"WebPage\",\"@id\":\"https:\/\/terretabarefoot.com\/producto\/new-altamira-2-0-serraje-granate\/\",\"url\":\"https:\/\/terretabarefoot.com\/producto\/new-altamira-2-0-serraje-granate\/\",\"name\":\"New Altamira 2.0 Serraje Granate - Terreta barefoot\",\"isPartOf\":{\"@id\":\"https:\/\/terretabarefoot.com\/#website\"},\"primaryImageOfPage\":{\"@id\":\"https:\/\/terretabarefoot.com\/producto\/new-altamira-2-0-serraje-granate\/#primaryimage\"},\"image\":{\"@id\":\"https:\/\/terretabarefoot.com\/producto\/new-altamira-2-0-serraje-granate\/#primaryimage\"},\"thumbnailUrl\":\"https:\/\/terretabarefoot.com\/wp-content\/uploads\/2026\/02\/107_0783-scaled.jpg\",\"datePublished\":\"2026-02-20T06:25:35+00:00\",\"dateModified\":\"2026-03-09T18:16:09+00:00\",\"breadcrumb\":{\"@id\":\"https:\/\/terretabarefoot.com\/producto\/new-altamira-2-0-serraje-granate\/#breadcrumb\"},\"inLanguage\":\"es\",\"potentialAction\":[{\"@type\":\"ReadAction\",\"target\":[\"https:\/\/terretabarefoot.com\/producto\/new-altamira-2-0-serraje-granate\/\"]}]},{\"@type\":\"ImageObject\",\"inLanguage\":\"es\",\"@id\":\"https:\/\/terretabarefoot.com\/producto\/new-altamira-2-0-serraje-granate\/#primaryimage\",\"url\":\"https:\/\/terretabarefoot.com\/wp-content\/uploads\/2026\/02\/107_0783-scaled.jpg\",\"contentUrl\":\"https:\/\/terretabarefoot.com\/wp-content\/uploads\/2026\/02\/107_0783-scaled.jpg\",\"width\":2560,\"height\":1920,\"caption\":\"KODAK Digital Still Camera\"},{\"@type\":\"BreadcrumbList\",\"@id\":\"https:\/\/terretabarefoot.com\/producto\/new-altamira-2-0-serraje-granate\/#breadcrumb\",\"itemListElement\":[{\"@type\":\"ListItem\",\"position\":1,\"name\":\"Portada\",\"item\":\"https:\/\/terretabarefoot.com\/\"},{\"@type\":\"ListItem\",\"position\":2,\"name\":\"Tienda\",\"item\":\"https:\/\/terretabarefoot.com\/tienda\/\"},{\"@type\":\"ListItem\",\"position\":3,\"name\":\"New Altamira 2.0 Serraje Granate\"}]},{\"@type\":\"WebSite\",\"@id\":\"https:\/\/terretabarefoot.com\/#website\",\"url\":\"https:\/\/terretabarefoot.com\/\",\"name\":\"Terreta barefoot\",\"description\":\"It\u00b4s barefoot time :-)\",\"publisher\":{\"@id\":\"https:\/\/terretabarefoot.com\/#organization\"},\"potentialAction\":[{\"@type\":\"SearchAction\",\"target\":{\"@type\":\"EntryPoint\",\"urlTemplate\":\"https:\/\/terretabarefoot.com\/?s={search_term_string}\"},\"query-input\":{\"@type\":\"PropertyValueSpecification\",\"valueRequired\":true,\"valueName\":\"search_term_string\"}}],\"inLanguage\":\"es\"},{\"@type\":\"Organization\",\"@id\":\"https:\/\/terretabarefoot.com\/#organization\",\"name\":\"Terreta barefoot\",\"url\":\"https:\/\/terretabarefoot.com\/\",\"logo\":{\"@type\":\"ImageObject\",\"inLanguage\":\"es\",\"@id\":\"https:\/\/terretabarefoot.com\/#\/schema\/logo\/image\/\",\"url\":\"https:\/\/terretabarefoot.com\/wp-content\/uploads\/2023\/11\/895f73df-647a-4039-ad35-2894cebe7370.png\",\"contentUrl\":\"https:\/\/terretabarefoot.com\/wp-content\/uploads\/2023\/11\/895f73df-647a-4039-ad35-2894cebe7370.png\",\"width\":150,\"height\":99,\"caption\":\"Terreta barefoot\"},\"image\":{\"@id\":\"https:\/\/terretabarefoot.com\/#\/schema\/logo\/image\/\"}}]}<\/script>\n<!-- \/ Yoast SEO plugin. -->","yoast_head_json":{"title":"New Altamira 2.0 Serraje Granate - Terreta barefoot","robots":{"index":"index","follow":"follow","max-snippet":"max-snippet:-1","max-image-preview":"max-image-preview:large","max-video-preview":"max-video-preview:-1"},"canonical":"https:\/\/terretabarefoot.com\/fr\/produit\/new-altamira-2-0-serraje-granate\/","og_locale":"fr_FR","og_type":"article","og_title":"New Altamira 2.0 Serraje Granate - Terreta barefoot","og_description":"\u00a1 PUNTOS IMPORTANTES!! 1.-MODELO EN PREVENTA, LOS PEDIDOS SE EMPEZARAN A ENVIAR A PRINCIPIOS DE ABRIL Y TERMINAREMOS DE ENVIAR A FINALES DE ABRIL, SEGUN EL MODELO. 2.-SOLO SE REALIZARA UN ENVIO, SI JUNTO A ESTE PEDIDO SE A\u00d1ADEN PARES EN STOCK, ESTOS SE RESERVARAN Y SE ENVIARAN JUNTO CON EL PEDIDO DE PREVENTA. Nueva versi\u00f3n de nuestro mocas\u00edn barefoot Altamira, redise\u00f1ado para ofrecer mayor estabilidad sin perder la esencia minimalista que lo caracteriza. Fabricado en piel de serraje, mantiene un estilo elegante, atemporal y f\u00e1cil de combinar, ideal tanto para looks casuales como m\u00e1s formales.  \ud83d\udd04 \u00bfQu\u00e9 hemos mejorado?    \u2705 El\u00e1sticos ocultos en la leng\u00fceta, que aportan una mejor sujeci\u00f3n y adaptabilidad al empeine.    \u2705 Esponja en la zona del tal\u00f3n, que mejora el ajuste y aumenta la sensaci\u00f3n de confort en cada paso.   Gracias a su horma ancha y puntera anat\u00f3mica, permite que los dedos se expandan libremente, respetando la forma natural del pie y favoreciendo una pisada estable y equilibrada. \u26a0\ufe0f Importante: aunque hemos mejorado la sujeci\u00f3n, este modelo no lo recomendamos para pies finos, ya que su estructura est\u00e1 pensada para pies medios o anchos. \ud83d\udc49 Consulta nuestra [Gu\u00eda de tallas] para elegir tu ajuste perfecto.","og_url":"https:\/\/terretabarefoot.com\/fr\/produit\/new-altamira-2-0-serraje-granate\/","og_site_name":"Terreta barefoot","article_modified_time":"2026-03-09T18:16:09+00:00","og_image":[{"width":2560,"height":1920,"url":"https:\/\/terretabarefoot.com\/wp-content\/uploads\/2026\/02\/107_0783-scaled.jpg","type":"image\/jpeg"}],"twitter_card":"summary_large_image","twitter_misc":{"Tiempo de lectura":"2 minutos"},"schema":{"@context":"https:\/\/schema.org","@graph":[{"@type":"WebPage","@id":"https:\/\/terretabarefoot.com\/producto\/new-altamira-2-0-serraje-granate\/","url":"https:\/\/terretabarefoot.com\/producto\/new-altamira-2-0-serraje-granate\/","name":"New Altamira 2.0 Serraje Granate - Terreta barefoot","isPartOf":{"@id":"https:\/\/terretabarefoot.com\/#website"},"primaryImageOfPage":{"@id":"https:\/\/terretabarefoot.com\/producto\/new-altamira-2-0-serraje-granate\/#primaryimage"},"image":{"@id":"https:\/\/terretabarefoot.com\/producto\/new-altamira-2-0-serraje-granate\/#primaryimage"},"thumbnailUrl":"https:\/\/terretabarefoot.com\/wp-content\/uploads\/2026\/02\/107_0783-scaled.jpg","datePublished":"2026-02-20T06:25:35+00:00","dateModified":"2026-03-09T18:16:09+00:00","breadcrumb":{"@id":"https:\/\/terretabarefoot.com\/producto\/new-altamira-2-0-serraje-granate\/#breadcrumb"},"inLanguage":"es","potentialAction":[{"@type":"ReadAction","target":["https:\/\/terretabarefoot.com\/producto\/new-altamira-2-0-serraje-granate\/"]}]},{"@type":"ImageObject","inLanguage":"es","@id":"https:\/\/terretabarefoot.com\/producto\/new-altamira-2-0-serraje-granate\/#primaryimage","url":"https:\/\/terretabarefoot.com\/wp-content\/uploads\/2026\/02\/107_0783-scaled.jpg","contentUrl":"https:\/\/terretabarefoot.com\/wp-content\/uploads\/2026\/02\/107_0783-scaled.jpg","width":2560,"height":1920,"caption":"KODAK Digital Still Camera"},{"@type":"BreadcrumbList","@id":"https:\/\/terretabarefoot.com\/producto\/new-altamira-2-0-serraje-granate\/#breadcrumb","itemListElement":[{"@type":"ListItem","position":1,"name":"Portada","item":"https:\/\/terretabarefoot.com\/"},{"@type":"ListItem","position":2,"name":"Tienda","item":"https:\/\/terretabarefoot.com\/tienda\/"},{"@type":"ListItem","position":3,"name":"New Altamira 2.0 Serraje Granate"}]},{"@type":"WebSite","@id":"https:\/\/terretabarefoot.com\/#website","url":"https:\/\/terretabarefoot.com\/","name":"Terreta pieds nus","description":"C&#039;est l&#039;heure de marcher pieds nus :-)","publisher":{"@id":"https:\/\/terretabarefoot.com\/#organization"},"potentialAction":[{"@type":"SearchAction","target":{"@type":"EntryPoint","urlTemplate":"https:\/\/terretabarefoot.com\/?s={search_term_string}"},"query-input":{"@type":"PropertyValueSpecification","valueRequired":true,"valueName":"search_term_string"}}],"inLanguage":"es"},{"@type":"Organization","@id":"https:\/\/terretabarefoot.com\/#organization","name":"Terreta pieds nus","url":"https:\/\/terretabarefoot.com\/","logo":{"@type":"ImageObject","inLanguage":"es","@id":"https:\/\/terretabarefoot.com\/#\/schema\/logo\/image\/","url":"https:\/\/terretabarefoot.com\/wp-content\/uploads\/2023\/11\/895f73df-647a-4039-ad35-2894cebe7370.png","contentUrl":"https:\/\/terretabarefoot.com\/wp-content\/uploads\/2023\/11\/895f73df-647a-4039-ad35-2894cebe7370.png","width":150,"height":99,"caption":"Terreta barefoot"},"image":{"@id":"https:\/\/terretabarefoot.com\/#\/schema\/logo\/image\/"}}]}},"_links":{"self":[{"href":"https:\/\/terretabarefoot.com\/fr\/wp-json\/wp\/v2\/product\/13564","targetHints":{"allow":["GET"]}}],"collection":[{"href":"https:\/\/terretabarefoot.com\/fr\/wp-json\/wp\/v2\/product"}],"about":[{"href":"https:\/\/terretabarefoot.com\/fr\/wp-json\/wp\/v2\/types\/product"}],"wp:featuredmedia":[{"embeddable":true,"href":"https:\/\/terretabarefoot.com\/fr\/wp-json\/wp\/v2\/media\/13575"}],"wp:attachment":[{"href":"https:\/\/terretabarefoot.com\/fr\/wp-json\/wp\/v2\/media?parent=13564"}],"wp:term":[{"taxonomy":"brand","embeddable":true,"href":"https:\/\/terretabarefoot.com\/fr\/wp-json\/wp\/v2\/etheme_brands?post=13564"},{"taxonomy":"product_brand","embeddable":true,"href":"https:\/\/terretabarefoot.com\/fr\/wp-json\/wp\/v2\/product_brand?post=13564"},{"taxonomy":"product_cat","embeddable":true,"href":"https:\/\/terretabarefoot.com\/fr\/wp-json\/wp\/v2\/product_cat?post=13564"},{"taxonomy":"product_tag","embeddable":true,"href":"https:\/\/terretabarefoot.com\/fr\/wp-json\/wp\/v2\/product_tag?post=13564"}],"curies":[{"name":"wp","href":"https:\/\/api.w.org\/{rel}","templated":true}]}}