{"id":14037,"date":"2026-02-20T15:22:48","date_gmt":"2026-02-20T13:22:48","guid":{"rendered":"https:\/\/terretabarefoot.com\/?post_type=product&#038;p=14037"},"modified":"2026-03-09T20:14:24","modified_gmt":"2026-03-09T18:14:24","slug":"jubalcoi-cuero-potro","status":"publish","type":"product","link":"https:\/\/terretabarefoot.com\/fr\/producto\/jubalcoi-cuero-potro\/","title":{"rendered":"Jubalcoi Cuero\/Potro"},"content":{"rendered":"<p class=\"\" data-start=\"279\" data-end=\"504\"><img decoding=\"async\" class=\"emoji\" role=\"img\" draggable=\"false\" src=\"https:\/\/s.w.org\/images\/core\/emoji\/15.1.0\/svg\/1f9b6.svg\" alt=\"\ud83e\uddb6\" \/>\u00a0<strong data-start=\"282\" data-end=\"340\">Zone des orteils anatomique \u2013 Respecte la forme naturelle de votre pied<\/strong><br data-start=\"340\" data-end=\"343\" \/>Con\u00e7u avec une forme\u00a0<strong data-start=\"366\" data-end=\"388\">large et ergonomique<\/strong>, L&#039;espace pr\u00e9vu pour les orteils permet \u00e0 ces derniers de s&#039;\u00e9tendre librement, offrant un confort maximal et \u00e9vitant toute pression inutile.<\/p>\n<p class=\"\" data-start=\"506\" data-end=\"718\"><img decoding=\"async\" class=\"emoji\" role=\"img\" draggable=\"false\" src=\"https:\/\/s.w.org\/images\/core\/emoji\/15.1.0\/svg\/2195.svg\" alt=\"\u2195\ufe0f\" \/>\u00a0<strong data-start=\"509\" data-end=\"559\">Z\u00e9ro chute \u2013 Mouvement naturel sans inclinaison<\/strong><br data-start=\"559\" data-end=\"562\" \/>La semelle \u00e0 drop z\u00e9ro maintient le talon et les orteils \u00e0 la m\u00eame hauteur, favorisant ainsi une foul\u00e9e plus stable.\u00a0<strong data-start=\"661\" data-end=\"682\">posture saine<\/strong>\u00a0et une foul\u00e9e plus naturelle et stable.<\/p>\n<p class=\"\" data-start=\"720\" data-end=\"911\"><img decoding=\"async\" class=\"emoji\" role=\"img\" draggable=\"false\" src=\"https:\/\/s.w.org\/images\/core\/emoji\/15.1.0\/svg\/1f388.svg\" alt=\"\ud83c\udf88\" \/>\u00a0<strong data-start=\"723\" data-end=\"773\">L\u00e9g\u00e8ret\u00e9 \u2013 Une l\u00e9g\u00e8ret\u00e9 que vous remarquerez \u00e0 chaque pas<\/strong><br data-start=\"773\" data-end=\"776\" \/>Fabriqu\u00e9es avec des mat\u00e9riaux ultral\u00e9gers, les sandales <strong data-start=\"830\" data-end=\"841\">Jubalcoi<\/strong>\u00a0Ils vous accompagnent sans effort. Marchez plus librement, sans fardeaux inutiles.<\/p>\n<p class=\"\" data-start=\"913\" data-end=\"1132\"><img decoding=\"async\" class=\"emoji\" role=\"img\" draggable=\"false\" src=\"https:\/\/s.w.org\/images\/core\/emoji\/15.1.0\/svg\/2728.svg\" alt=\"\u2728\" \/>\u00a0<strong data-start=\"916\" data-end=\"973\">Semelle int\u00e9rieure fine et plate \u2013 Contact maximal avec le sol<\/strong><br data-start=\"973\" data-end=\"976\" \/><strong data-start=\"1020\" data-end=\"1057\">\u00a0Semelle fine de seulement 0,9 cm d&#039;\u00e9paisseur<\/strong>, y compris\u00a0<strong data-start=\"1070\" data-end=\"1098\">0,2 cm d&#039;\u00e9ponge en gel<\/strong>\u00a0pour plus de confort,\u00a0<strong data-start=\"1054\" data-end=\"1075\">Sentez le sol<\/strong>, Il am\u00e9liore votre \u00e9quilibre et renforce vos pieds \u00e0 chaque utilisation.<\/p>","protected":false},"excerpt":{"rendered":"<p data-start=\"773\" data-end=\"1060\"><span style=\"color: #99cc00;\">\u00a1 PUNTOS IMPORTANTES!!<\/span><\/p>\n<p data-start=\"773\" data-end=\"1060\"><span style=\"color: #99cc00;\">1.-MODELO EN PREVENTA, LOS PEDIDOS SE EMPEZARAN A ENVIAR A PRINCIPIOS DE ABRIL Y TERMINAREMOS DE ENVIAR A FINALES DE ABRIL, SEGUN EL MODELO.<\/span><\/p>\n<p data-start=\"773\" data-end=\"1060\"><span style=\"color: #99cc00;\">2. UNE SEULE EXP\u00c9DITION SERA EFFECTU\u00c9E. SI DES PAIRES EN STOCK SONT AJOUT\u00c9ES \u00c0 CETTE COMMANDE, ELLES SERONT R\u00c9SERV\u00c9ES ET EXP\u00c9DI\u00c9ES AVEC LA PR\u00c9COMMANDE.<\/span><\/p>\n<p data-start=\"305\" data-end=\"406\">Le <strong data-start=\"308\" data-end=\"320\">Jubalcoi<\/strong> combina dise\u00f1o sencillo y car\u00e1cter en una sandalia pensada para moverte con libertad.<\/p>\n<p data-start=\"408\" data-end=\"642\">Il <strong data-start=\"411\" data-end=\"443\">corte est\u00e1 fabricado en piel<\/strong>, aportando resistencia y adaptabilidad natural al pie. El detalle central en <strong data-start=\"521\" data-end=\"537\">efecto potro<\/strong>, realizado en fibras textiles, a\u00f1ade un toque distintivo que aporta personalidad sin recargar el dise\u00f1o.<\/p>\n<p data-start=\"644\" data-end=\"806\">Las tiras cruzadas sujetan el pie de forma estable, mientras que el <strong data-start=\"712\" data-end=\"744\">cierre con hebilla ajustable<\/strong> permite adaptar la sandalia al tobillo para un ajuste seguro.<\/p>\n<p data-start=\"808\" data-end=\"1043\">Son <strong data-start=\"811\" data-end=\"846\">suela fina y flexible, sin drop<\/strong>, mantiene la filosof\u00eda barefoot: movimiento natural, ligereza y buena conexi\u00f3n con el terreno. La <strong data-start=\"945\" data-end=\"964\">forma anat\u00f3mica<\/strong> respeta el espacio de los dedos, favoreciendo una pisada c\u00f3moda y equilibrada.<\/p>\n<p data-start=\"1045\" data-end=\"1132\">Una sandalia vers\u00e1til, diferente y pensada para el uso diario en los meses m\u00e1s c\u00e1lidos.<\/p>\n<p data-start=\"755\" data-end=\"920\">Vous pouvez consulter ici notre guide des tailles\u00a0:<a href=\"https:\/\/terretabarefoot.com\/fr\/guide-des-tailles-de-sandales\/\"> VOIR<\/a><\/p>","protected":false},"featured_media":14048,"template":"","meta":[],"etheme_brands":[],"product_brand":[],"product_cat":[69],"product_tag":[],"class_list":{"0":"post-14037","1":"product","2":"type-product","3":"status-publish","4":"has-post-thumbnail","6":"product_cat-preventa","7":"pa_talla-72","8":"pa_talla-99","9":"pa_talla-73","10":"pa_talla-74","11":"pa_talla-75","12":"pa_talla-77","13":"pa_talla-78","14":"pa_talla-79","15":"pa_talla-80","17":"first","18":"outofstock","19":"sale","20":"taxable","21":"shipping-taxable","22":"purchasable","23":"product-type-variable"},"yoast_head":"<!-- This site is optimized with the Yoast SEO plugin v27.2 - https:\/\/yoast.com\/product\/yoast-seo-wordpress\/ -->\n<title>Jubalcoi Cuero\/Potro - Terreta barefoot<\/title>\n<meta name=\"robots\" content=\"index, follow, max-snippet:-1, max-image-preview:large, max-video-preview:-1\" \/>\n<link rel=\"canonical\" href=\"https:\/\/terretabarefoot.com\/fr\/produit\/jubalcoi-cuero-potro\/\" \/>\n<meta property=\"og:locale\" content=\"fr_FR\" \/>\n<meta property=\"og:type\" content=\"article\" \/>\n<meta property=\"og:title\" content=\"Jubalcoi Cuero\/Potro - Terreta barefoot\" \/>\n<meta property=\"og:description\" content=\"\u00a1 PUNTOS IMPORTANTES!! 1.-MODELO EN PREVENTA, LOS PEDIDOS SE EMPEZARAN A ENVIAR A PRINCIPIOS DE ABRIL Y TERMINAREMOS DE ENVIAR A FINALES DE ABRIL, SEGUN EL MODELO. 2.-SOLO SE REALIZARA UN ENVIO, SI JUNTO A ESTE PEDIDO SE A\u00d1ADEN PARES EN STOCK, ESTOS SE RESERVARAN Y SE ENVIARAN JUNTO CON EL PEDIDO DE PREVENTA. La Jubalcoi combina dise\u00f1o sencillo y car\u00e1cter en una sandalia pensada para moverte con libertad. El corte est\u00e1 fabricado en piel, aportando resistencia y adaptabilidad natural al pie. El detalle central en efecto potro, realizado en fibras textiles, a\u00f1ade un toque distintivo que aporta personalidad sin recargar el dise\u00f1o. Las tiras cruzadas sujetan el pie de forma estable, mientras que el cierre con hebilla ajustable permite adaptar la sandalia al tobillo para un ajuste seguro. Su suela fina y flexible, sin drop, mantiene la filosof\u00eda barefoot: movimiento natural, ligereza y buena conexi\u00f3n con el terreno. La forma anat\u00f3mica respeta el espacio de los dedos, favoreciendo una pisada c\u00f3moda y equilibrada. Una sandalia vers\u00e1til, diferente y pensada para el uso diario en los meses m\u00e1s c\u00e1lidos. Aqu\u00ed puedes consultar nuestra Gu\u00eda de tallas: VER\" \/>\n<meta property=\"og:url\" content=\"https:\/\/terretabarefoot.com\/fr\/produit\/jubalcoi-cuero-potro\/\" \/>\n<meta property=\"og:site_name\" content=\"Terreta barefoot\" \/>\n<meta property=\"article:modified_time\" content=\"2026-03-09T18:14:24+00:00\" \/>\n<meta property=\"og:image\" content=\"https:\/\/terretabarefoot.com\/wp-content\/uploads\/2026\/02\/107_0867-scaled.jpg\" \/>\n\t<meta property=\"og:image:width\" content=\"2560\" \/>\n\t<meta property=\"og:image:height\" content=\"1920\" \/>\n\t<meta property=\"og:image:type\" content=\"image\/jpeg\" \/>\n<meta name=\"twitter:card\" content=\"summary_large_image\" \/>\n<meta name=\"twitter:label1\" content=\"Tiempo de lectura\" \/>\n\t<meta name=\"twitter:data1\" content=\"2 minutos\" \/>\n<script type=\"application\/ld+json\" class=\"yoast-schema-graph\">{\"@context\":\"https:\/\/schema.org\",\"@graph\":[{\"@type\":\"WebPage\",\"@id\":\"https:\/\/terretabarefoot.com\/producto\/jubalcoi-cuero-potro\/\",\"url\":\"https:\/\/terretabarefoot.com\/producto\/jubalcoi-cuero-potro\/\",\"name\":\"Jubalcoi Cuero\/Potro - Terreta barefoot\",\"isPartOf\":{\"@id\":\"https:\/\/terretabarefoot.com\/#website\"},\"primaryImageOfPage\":{\"@id\":\"https:\/\/terretabarefoot.com\/producto\/jubalcoi-cuero-potro\/#primaryimage\"},\"image\":{\"@id\":\"https:\/\/terretabarefoot.com\/producto\/jubalcoi-cuero-potro\/#primaryimage\"},\"thumbnailUrl\":\"https:\/\/terretabarefoot.com\/wp-content\/uploads\/2026\/02\/107_0867-scaled.jpg\",\"datePublished\":\"2026-02-20T13:22:48+00:00\",\"dateModified\":\"2026-03-09T18:14:24+00:00\",\"breadcrumb\":{\"@id\":\"https:\/\/terretabarefoot.com\/producto\/jubalcoi-cuero-potro\/#breadcrumb\"},\"inLanguage\":\"es\",\"potentialAction\":[{\"@type\":\"ReadAction\",\"target\":[\"https:\/\/terretabarefoot.com\/producto\/jubalcoi-cuero-potro\/\"]}]},{\"@type\":\"ImageObject\",\"inLanguage\":\"es\",\"@id\":\"https:\/\/terretabarefoot.com\/producto\/jubalcoi-cuero-potro\/#primaryimage\",\"url\":\"https:\/\/terretabarefoot.com\/wp-content\/uploads\/2026\/02\/107_0867-scaled.jpg\",\"contentUrl\":\"https:\/\/terretabarefoot.com\/wp-content\/uploads\/2026\/02\/107_0867-scaled.jpg\",\"width\":2560,\"height\":1920,\"caption\":\"KODAK Digital Still Camera\"},{\"@type\":\"BreadcrumbList\",\"@id\":\"https:\/\/terretabarefoot.com\/producto\/jubalcoi-cuero-potro\/#breadcrumb\",\"itemListElement\":[{\"@type\":\"ListItem\",\"position\":1,\"name\":\"Portada\",\"item\":\"https:\/\/terretabarefoot.com\/\"},{\"@type\":\"ListItem\",\"position\":2,\"name\":\"Tienda\",\"item\":\"https:\/\/terretabarefoot.com\/tienda\/\"},{\"@type\":\"ListItem\",\"position\":3,\"name\":\"Jubalcoi Cuero\/Potro\"}]},{\"@type\":\"WebSite\",\"@id\":\"https:\/\/terretabarefoot.com\/#website\",\"url\":\"https:\/\/terretabarefoot.com\/\",\"name\":\"Terreta barefoot\",\"description\":\"It\u00b4s barefoot time :-)\",\"publisher\":{\"@id\":\"https:\/\/terretabarefoot.com\/#organization\"},\"potentialAction\":[{\"@type\":\"SearchAction\",\"target\":{\"@type\":\"EntryPoint\",\"urlTemplate\":\"https:\/\/terretabarefoot.com\/?s={search_term_string}\"},\"query-input\":{\"@type\":\"PropertyValueSpecification\",\"valueRequired\":true,\"valueName\":\"search_term_string\"}}],\"inLanguage\":\"es\"},{\"@type\":\"Organization\",\"@id\":\"https:\/\/terretabarefoot.com\/#organization\",\"name\":\"Terreta barefoot\",\"url\":\"https:\/\/terretabarefoot.com\/\",\"logo\":{\"@type\":\"ImageObject\",\"inLanguage\":\"es\",\"@id\":\"https:\/\/terretabarefoot.com\/#\/schema\/logo\/image\/\",\"url\":\"https:\/\/terretabarefoot.com\/wp-content\/uploads\/2023\/11\/895f73df-647a-4039-ad35-2894cebe7370.png\",\"contentUrl\":\"https:\/\/terretabarefoot.com\/wp-content\/uploads\/2023\/11\/895f73df-647a-4039-ad35-2894cebe7370.png\",\"width\":150,\"height\":99,\"caption\":\"Terreta barefoot\"},\"image\":{\"@id\":\"https:\/\/terretabarefoot.com\/#\/schema\/logo\/image\/\"}}]}<\/script>\n<!-- \/ Yoast SEO plugin. -->","yoast_head_json":{"title":"Jubalcoi Cuero\/Potro - Terreta barefoot","robots":{"index":"index","follow":"follow","max-snippet":"max-snippet:-1","max-image-preview":"max-image-preview:large","max-video-preview":"max-video-preview:-1"},"canonical":"https:\/\/terretabarefoot.com\/fr\/produit\/jubalcoi-cuero-potro\/","og_locale":"fr_FR","og_type":"article","og_title":"Jubalcoi Cuero\/Potro - Terreta barefoot","og_description":"\u00a1 PUNTOS IMPORTANTES!! 1.-MODELO EN PREVENTA, LOS PEDIDOS SE EMPEZARAN A ENVIAR A PRINCIPIOS DE ABRIL Y TERMINAREMOS DE ENVIAR A FINALES DE ABRIL, SEGUN EL MODELO. 2.-SOLO SE REALIZARA UN ENVIO, SI JUNTO A ESTE PEDIDO SE A\u00d1ADEN PARES EN STOCK, ESTOS SE RESERVARAN Y SE ENVIARAN JUNTO CON EL PEDIDO DE PREVENTA. La Jubalcoi combina dise\u00f1o sencillo y car\u00e1cter en una sandalia pensada para moverte con libertad. El corte est\u00e1 fabricado en piel, aportando resistencia y adaptabilidad natural al pie. El detalle central en efecto potro, realizado en fibras textiles, a\u00f1ade un toque distintivo que aporta personalidad sin recargar el dise\u00f1o. Las tiras cruzadas sujetan el pie de forma estable, mientras que el cierre con hebilla ajustable permite adaptar la sandalia al tobillo para un ajuste seguro. Su suela fina y flexible, sin drop, mantiene la filosof\u00eda barefoot: movimiento natural, ligereza y buena conexi\u00f3n con el terreno. La forma anat\u00f3mica respeta el espacio de los dedos, favoreciendo una pisada c\u00f3moda y equilibrada. Una sandalia vers\u00e1til, diferente y pensada para el uso diario en los meses m\u00e1s c\u00e1lidos. Aqu\u00ed puedes consultar nuestra Gu\u00eda de tallas: VER","og_url":"https:\/\/terretabarefoot.com\/fr\/produit\/jubalcoi-cuero-potro\/","og_site_name":"Terreta barefoot","article_modified_time":"2026-03-09T18:14:24+00:00","og_image":[{"width":2560,"height":1920,"url":"https:\/\/terretabarefoot.com\/wp-content\/uploads\/2026\/02\/107_0867-scaled.jpg","type":"image\/jpeg"}],"twitter_card":"summary_large_image","twitter_misc":{"Tiempo de lectura":"2 minutos"},"schema":{"@context":"https:\/\/schema.org","@graph":[{"@type":"WebPage","@id":"https:\/\/terretabarefoot.com\/producto\/jubalcoi-cuero-potro\/","url":"https:\/\/terretabarefoot.com\/producto\/jubalcoi-cuero-potro\/","name":"Jubalcoi Cuero\/Potro - Terreta barefoot","isPartOf":{"@id":"https:\/\/terretabarefoot.com\/#website"},"primaryImageOfPage":{"@id":"https:\/\/terretabarefoot.com\/producto\/jubalcoi-cuero-potro\/#primaryimage"},"image":{"@id":"https:\/\/terretabarefoot.com\/producto\/jubalcoi-cuero-potro\/#primaryimage"},"thumbnailUrl":"https:\/\/terretabarefoot.com\/wp-content\/uploads\/2026\/02\/107_0867-scaled.jpg","datePublished":"2026-02-20T13:22:48+00:00","dateModified":"2026-03-09T18:14:24+00:00","breadcrumb":{"@id":"https:\/\/terretabarefoot.com\/producto\/jubalcoi-cuero-potro\/#breadcrumb"},"inLanguage":"es","potentialAction":[{"@type":"ReadAction","target":["https:\/\/terretabarefoot.com\/producto\/jubalcoi-cuero-potro\/"]}]},{"@type":"ImageObject","inLanguage":"es","@id":"https:\/\/terretabarefoot.com\/producto\/jubalcoi-cuero-potro\/#primaryimage","url":"https:\/\/terretabarefoot.com\/wp-content\/uploads\/2026\/02\/107_0867-scaled.jpg","contentUrl":"https:\/\/terretabarefoot.com\/wp-content\/uploads\/2026\/02\/107_0867-scaled.jpg","width":2560,"height":1920,"caption":"KODAK Digital Still Camera"},{"@type":"BreadcrumbList","@id":"https:\/\/terretabarefoot.com\/producto\/jubalcoi-cuero-potro\/#breadcrumb","itemListElement":[{"@type":"ListItem","position":1,"name":"Portada","item":"https:\/\/terretabarefoot.com\/"},{"@type":"ListItem","position":2,"name":"Tienda","item":"https:\/\/terretabarefoot.com\/tienda\/"},{"@type":"ListItem","position":3,"name":"Jubalcoi Cuero\/Potro"}]},{"@type":"WebSite","@id":"https:\/\/terretabarefoot.com\/#website","url":"https:\/\/terretabarefoot.com\/","name":"Terreta pieds nus","description":"C&#039;est l&#039;heure de marcher pieds nus :-)","publisher":{"@id":"https:\/\/terretabarefoot.com\/#organization"},"potentialAction":[{"@type":"SearchAction","target":{"@type":"EntryPoint","urlTemplate":"https:\/\/terretabarefoot.com\/?s={search_term_string}"},"query-input":{"@type":"PropertyValueSpecification","valueRequired":true,"valueName":"search_term_string"}}],"inLanguage":"es"},{"@type":"Organization","@id":"https:\/\/terretabarefoot.com\/#organization","name":"Terreta pieds nus","url":"https:\/\/terretabarefoot.com\/","logo":{"@type":"ImageObject","inLanguage":"es","@id":"https:\/\/terretabarefoot.com\/#\/schema\/logo\/image\/","url":"https:\/\/terretabarefoot.com\/wp-content\/uploads\/2023\/11\/895f73df-647a-4039-ad35-2894cebe7370.png","contentUrl":"https:\/\/terretabarefoot.com\/wp-content\/uploads\/2023\/11\/895f73df-647a-4039-ad35-2894cebe7370.png","width":150,"height":99,"caption":"Terreta barefoot"},"image":{"@id":"https:\/\/terretabarefoot.com\/#\/schema\/logo\/image\/"}}]}},"_links":{"self":[{"href":"https:\/\/terretabarefoot.com\/fr\/wp-json\/wp\/v2\/product\/14037","targetHints":{"allow":["GET"]}}],"collection":[{"href":"https:\/\/terretabarefoot.com\/fr\/wp-json\/wp\/v2\/product"}],"about":[{"href":"https:\/\/terretabarefoot.com\/fr\/wp-json\/wp\/v2\/types\/product"}],"wp:featuredmedia":[{"embeddable":true,"href":"https:\/\/terretabarefoot.com\/fr\/wp-json\/wp\/v2\/media\/14048"}],"wp:attachment":[{"href":"https:\/\/terretabarefoot.com\/fr\/wp-json\/wp\/v2\/media?parent=14037"}],"wp:term":[{"taxonomy":"brand","embeddable":true,"href":"https:\/\/terretabarefoot.com\/fr\/wp-json\/wp\/v2\/etheme_brands?post=14037"},{"taxonomy":"product_brand","embeddable":true,"href":"https:\/\/terretabarefoot.com\/fr\/wp-json\/wp\/v2\/product_brand?post=14037"},{"taxonomy":"product_cat","embeddable":true,"href":"https:\/\/terretabarefoot.com\/fr\/wp-json\/wp\/v2\/product_cat?post=14037"},{"taxonomy":"product_tag","embeddable":true,"href":"https:\/\/terretabarefoot.com\/fr\/wp-json\/wp\/v2\/product_tag?post=14037"}],"curies":[{"name":"wp","href":"https:\/\/api.w.org\/{rel}","templated":true}]}}