{"id":14491,"date":"2026-02-26T10:12:45","date_gmt":"2026-02-26T08:12:45","guid":{"rendered":"https:\/\/terretabarefoot.com\/?post_type=product&#038;p=14491"},"modified":"2026-04-09T19:32:19","modified_gmt":"2026-04-09T17:32:19","slug":"arenal-hielo","status":"publish","type":"product","link":"https:\/\/terretabarefoot.com\/fr\/producto\/arenal-hielo\/","title":{"rendered":"Arenal Arena"},"content":{"rendered":"<p class=\"\" data-start=\"279\" data-end=\"504\"><img decoding=\"async\" class=\"emoji\" role=\"img\" draggable=\"false\" src=\"https:\/\/s.w.org\/images\/core\/emoji\/15.1.0\/svg\/1f9b6.svg\" alt=\"\ud83e\uddb6\" \/>\u00a0<strong data-start=\"282\" data-end=\"340\">Zone des orteils anatomique \u2013 Respecte la forme naturelle de votre pied<\/strong><br data-start=\"340\" data-end=\"343\" \/>Con\u00e7u avec une forme\u00a0<strong data-start=\"366\" data-end=\"388\">large et ergonomique<\/strong>, L&#039;espace pr\u00e9vu pour les orteils permet \u00e0 ces derniers de s&#039;\u00e9tendre librement, offrant un confort maximal et \u00e9vitant toute pression inutile.<\/p>\n<p class=\"\" data-start=\"506\" data-end=\"718\"><img decoding=\"async\" class=\"emoji\" role=\"img\" draggable=\"false\" src=\"https:\/\/s.w.org\/images\/core\/emoji\/15.1.0\/svg\/2195.svg\" alt=\"\u2195\ufe0f\" \/>\u00a0<strong data-start=\"509\" data-end=\"559\">Z\u00e9ro chute \u2013 Mouvement naturel sans inclinaison<\/strong><br data-start=\"559\" data-end=\"562\" \/>La semelle \u00e0 drop z\u00e9ro maintient le talon et les orteils \u00e0 la m\u00eame hauteur, favorisant ainsi une foul\u00e9e plus stable.\u00a0<strong data-start=\"661\" data-end=\"682\">posture saine<\/strong>\u00a0et une foul\u00e9e plus naturelle et stable.<\/p>\n<p class=\"\" data-start=\"720\" data-end=\"911\"><img decoding=\"async\" class=\"emoji\" role=\"img\" draggable=\"false\" src=\"https:\/\/s.w.org\/images\/core\/emoji\/15.1.0\/svg\/1f388.svg\" alt=\"\ud83c\udf88\" \/>\u00a0<strong data-start=\"723\" data-end=\"773\">L\u00e9g\u00e8ret\u00e9 \u2013 Une l\u00e9g\u00e8ret\u00e9 que vous remarquerez \u00e0 chaque pas<\/strong><br data-start=\"773\" data-end=\"776\" \/>Fabricadas con materiales\u00a0 muy ligeros, los Sneaker\u00b4s\u00a0 Arenal te acompa\u00f1an sin esfuerzo. Camina m\u00e1s libre, sin cargas innecesarias.<\/p>\n<p class=\"\" data-start=\"913\" data-end=\"1132\"><img decoding=\"async\" class=\"emoji\" role=\"img\" draggable=\"false\" src=\"https:\/\/s.w.org\/images\/core\/emoji\/15.1.0\/svg\/2728.svg\" alt=\"\u2728\" \/>\u00a0<strong data-start=\"916\" data-end=\"973\">Semelle int\u00e9rieure fine et plate \u2013 Contact maximal avec le sol<\/strong><br data-start=\"973\" data-end=\"976\" \/><strong data-start=\"1020\" data-end=\"1057\">\u00a0Semelle fine,<\/strong> Nuestra nueva suela tiene 4 mm por lo que aporta gran sensaci\u00f3n de suelo, mejora tu equilibrio y fortalece tus pies con cada uso.<\/p>","protected":false},"excerpt":{"rendered":"<p data-start=\"362\" data-end=\"508\">El <strong data-start=\"365\" data-end=\"381\">Arenal Arena<\/strong>\u00a0mantiene la esencia de uno de nuestros modelos m\u00e1s reconocibles, ahora en una nueva versi\u00f3n en tono hielo, limpia y atemporal.<\/p>\n<p data-start=\"510\" data-end=\"709\">Fabricado en <strong data-start=\"523\" data-end=\"555\">piel serraje de alta calidad<\/strong>, aporta suavidad, flexibilidad y adaptaci\u00f3n natural al pie. El contraste con los detalles en cuero tostado refuerza su car\u00e1cter artesanal y mediterr\u00e1neo.<\/p>\n<p data-start=\"711\" data-end=\"755\">Su dise\u00f1o respeta los principios barefoot:<\/p>\n<ul data-start=\"756\" data-end=\"862\">\n<li data-start=\"756\" data-end=\"785\">\n<p data-start=\"758\" data-end=\"785\"><strong data-start=\"758\" data-end=\"783\">Suela fina y flexible<\/strong><\/p>\n<\/li>\n<li data-start=\"786\" data-end=\"803\">\n<p data-start=\"788\" data-end=\"803\"><strong data-start=\"788\" data-end=\"801\">Cero drop<\/strong><\/p>\n<\/li>\n<li data-start=\"804\" data-end=\"862\">\n<p data-start=\"806\" data-end=\"862\"><strong data-start=\"806\" data-end=\"822\">Horma amplia<\/strong> que permite libertad real a los dedos<\/p>\n<\/li>\n<\/ul>\n<p data-start=\"864\" data-end=\"977\">El cierre con cordones permite un ajuste preciso, adapt\u00e1ndose a diferentes empeines sin comprometer la comodidad.<\/p>\n<p data-start=\"979\" data-end=\"1136\">Arenal\u00a0 Arenao es una sneaker ligera, f\u00e1cil de combinar y pensada para el d\u00eda a d\u00eda, con la misma identidad de siempre en un nuevo color m\u00e1s fresco y luminoso.<\/p>\n<hr data-start=\"1138\" data-end=\"1141\" \/>\n<h2 data-start=\"1143\" data-end=\"1175\">Caracter\u00edsticas principales<\/h2>\n<ul data-start=\"1177\" data-end=\"1434\">\n<li data-start=\"1218\" data-end=\"1254\">\n<p data-start=\"1220\" data-end=\"1254\">\ud83d\udc04 Fabricado en <strong data-start=\"1236\" data-end=\"1252\">piel serraje<\/strong><\/p>\n<\/li>\n<li data-start=\"1255\" data-end=\"1306\">\n<p data-start=\"1257\" data-end=\"1306\">\ud83c\udfa8 Nuevo color Arena con detalles cuero tostado<\/p>\n<\/li>\n<li data-start=\"1307\" data-end=\"1345\">\n<p data-start=\"1309\" data-end=\"1345\">\ud83d\udc63 Suela fina, flexible y sin drop<\/p>\n<\/li>\n<li data-start=\"1346\" data-end=\"1377\">\n<p data-start=\"1348\" data-end=\"1377\">\ud83e\uddb6 Horma anat\u00f3mica y amplia<\/p>\n<\/li>\n<li data-start=\"1378\" data-end=\"1409\">\n<p data-start=\"1380\" data-end=\"1409\">\ud83d\udd12 Ajuste mediante cordones<\/p>\n<\/li>\n<li data-start=\"1410\" data-end=\"1434\">\n<p data-start=\"1412\" data-end=\"1434\">\u2600\ufe0f Ligero y vers\u00e1til<\/p>\n<\/li>\n<\/ul>\n<p data-start=\"1468\" data-end=\"1538\">\ud83d\udc49 Consulta nuestra <a href=\"https:\/\/terretabarefoot.com\/guia-tallas-marina-carabassi\/\">[Gu\u00eda de tallas]<\/a> para elegir tu ajuste perfecto.<\/p>\n","protected":false},"featured_media":14514,"template":"","meta":[],"etheme_brands":[],"product_brand":[],"product_cat":[167],"product_tag":[],"class_list":{"0":"post-14491","1":"product","2":"type-product","3":"status-publish","4":"has-post-thumbnail","6":"product_cat-sneakers","7":"pa_talla-73","8":"pa_talla-74","9":"pa_talla-75","10":"pa_talla-77","11":"pa_talla-78","12":"pa_talla-79","13":"pa_talla-80","14":"pa_talla-81","15":"pa_talla-82","16":"pa_talla-83","18":"first","19":"instock","20":"taxable","21":"shipping-taxable","22":"purchasable","23":"product-type-variable"},"yoast_head":"<!-- This site is optimized with the Yoast SEO plugin v27.2 - https:\/\/yoast.com\/product\/yoast-seo-wordpress\/ -->\n<title>Arenal Arena - Terreta barefoot<\/title>\n<meta name=\"robots\" content=\"index, follow, max-snippet:-1, max-image-preview:large, max-video-preview:-1\" \/>\n<link rel=\"canonical\" href=\"https:\/\/terretabarefoot.com\/fr\/produit\/arenal-hielo\/\" \/>\n<meta property=\"og:locale\" content=\"fr_FR\" \/>\n<meta property=\"og:type\" content=\"article\" \/>\n<meta property=\"og:title\" content=\"Arenal Arena - Terreta barefoot\" \/>\n<meta property=\"og:description\" content=\"El Arenal Arena\u00a0mantiene la esencia de uno de nuestros modelos m\u00e1s reconocibles, ahora en una nueva versi\u00f3n en tono hielo, limpia y atemporal. Fabricado en piel serraje de alta calidad, aporta suavidad, flexibilidad y adaptaci\u00f3n natural al pie. El contraste con los detalles en cuero tostado refuerza su car\u00e1cter artesanal y mediterr\u00e1neo. Su dise\u00f1o respeta los principios barefoot:     Suela fina y flexible    Cero drop    Horma amplia que permite libertad real a los dedos   El cierre con cordones permite un ajuste preciso, adapt\u00e1ndose a diferentes empeines sin comprometer la comodidad. Arenal\u00a0 Arenao es una sneaker ligera, f\u00e1cil de combinar y pensada para el d\u00eda a d\u00eda, con la misma identidad de siempre en un nuevo color m\u00e1s fresco y luminoso.     Caracter\u00edsticas principales    \ud83d\udc04 Fabricado en piel serraje    \ud83c\udfa8 Nuevo color Arena con detalles cuero tostado    \ud83d\udc63 Suela fina, flexible y sin drop    \ud83e\uddb6 Horma anat\u00f3mica y amplia    \ud83d\udd12 Ajuste mediante cordones    \u2600\ufe0f Ligero y vers\u00e1til   \ud83d\udc49 Consulta nuestra [Gu\u00eda de tallas] para elegir tu ajuste perfecto.\" \/>\n<meta property=\"og:url\" content=\"https:\/\/terretabarefoot.com\/fr\/produit\/arenal-hielo\/\" \/>\n<meta property=\"og:site_name\" content=\"Terreta barefoot\" \/>\n<meta property=\"article:modified_time\" content=\"2026-04-09T17:32:19+00:00\" \/>\n<meta property=\"og:image\" content=\"https:\/\/terretabarefoot.com\/wp-content\/uploads\/2026\/02\/107_0965-scaled.jpg\" \/>\n\t<meta property=\"og:image:width\" content=\"2560\" \/>\n\t<meta property=\"og:image:height\" content=\"1920\" \/>\n\t<meta property=\"og:image:type\" content=\"image\/jpeg\" \/>\n<meta name=\"twitter:card\" content=\"summary_large_image\" \/>\n<meta name=\"twitter:label1\" content=\"Tiempo de lectura\" \/>\n\t<meta name=\"twitter:data1\" content=\"2 minutos\" \/>\n<script type=\"application\/ld+json\" class=\"yoast-schema-graph\">{\"@context\":\"https:\/\/schema.org\",\"@graph\":[{\"@type\":\"WebPage\",\"@id\":\"https:\/\/terretabarefoot.com\/producto\/arenal-hielo\/\",\"url\":\"https:\/\/terretabarefoot.com\/producto\/arenal-hielo\/\",\"name\":\"Arenal Arena - Terreta barefoot\",\"isPartOf\":{\"@id\":\"https:\/\/terretabarefoot.com\/#website\"},\"primaryImageOfPage\":{\"@id\":\"https:\/\/terretabarefoot.com\/producto\/arenal-hielo\/#primaryimage\"},\"image\":{\"@id\":\"https:\/\/terretabarefoot.com\/producto\/arenal-hielo\/#primaryimage\"},\"thumbnailUrl\":\"https:\/\/terretabarefoot.com\/wp-content\/uploads\/2026\/02\/107_0965-scaled.jpg\",\"datePublished\":\"2026-02-26T08:12:45+00:00\",\"dateModified\":\"2026-04-09T17:32:19+00:00\",\"breadcrumb\":{\"@id\":\"https:\/\/terretabarefoot.com\/producto\/arenal-hielo\/#breadcrumb\"},\"inLanguage\":\"es\",\"potentialAction\":[{\"@type\":\"ReadAction\",\"target\":[\"https:\/\/terretabarefoot.com\/producto\/arenal-hielo\/\"]}]},{\"@type\":\"ImageObject\",\"inLanguage\":\"es\",\"@id\":\"https:\/\/terretabarefoot.com\/producto\/arenal-hielo\/#primaryimage\",\"url\":\"https:\/\/terretabarefoot.com\/wp-content\/uploads\/2026\/02\/107_0965-scaled.jpg\",\"contentUrl\":\"https:\/\/terretabarefoot.com\/wp-content\/uploads\/2026\/02\/107_0965-scaled.jpg\",\"width\":2560,\"height\":1920,\"caption\":\"KODAK Digital Still Camera\"},{\"@type\":\"BreadcrumbList\",\"@id\":\"https:\/\/terretabarefoot.com\/producto\/arenal-hielo\/#breadcrumb\",\"itemListElement\":[{\"@type\":\"ListItem\",\"position\":1,\"name\":\"Portada\",\"item\":\"https:\/\/terretabarefoot.com\/\"},{\"@type\":\"ListItem\",\"position\":2,\"name\":\"Tienda\",\"item\":\"https:\/\/terretabarefoot.com\/tienda\/\"},{\"@type\":\"ListItem\",\"position\":3,\"name\":\"Arenal Arena\"}]},{\"@type\":\"WebSite\",\"@id\":\"https:\/\/terretabarefoot.com\/#website\",\"url\":\"https:\/\/terretabarefoot.com\/\",\"name\":\"Terreta barefoot\",\"description\":\"It\u00b4s barefoot time :-)\",\"publisher\":{\"@id\":\"https:\/\/terretabarefoot.com\/#organization\"},\"potentialAction\":[{\"@type\":\"SearchAction\",\"target\":{\"@type\":\"EntryPoint\",\"urlTemplate\":\"https:\/\/terretabarefoot.com\/?s={search_term_string}\"},\"query-input\":{\"@type\":\"PropertyValueSpecification\",\"valueRequired\":true,\"valueName\":\"search_term_string\"}}],\"inLanguage\":\"es\"},{\"@type\":\"Organization\",\"@id\":\"https:\/\/terretabarefoot.com\/#organization\",\"name\":\"Terreta barefoot\",\"url\":\"https:\/\/terretabarefoot.com\/\",\"logo\":{\"@type\":\"ImageObject\",\"inLanguage\":\"es\",\"@id\":\"https:\/\/terretabarefoot.com\/#\/schema\/logo\/image\/\",\"url\":\"https:\/\/terretabarefoot.com\/wp-content\/uploads\/2023\/11\/895f73df-647a-4039-ad35-2894cebe7370.png\",\"contentUrl\":\"https:\/\/terretabarefoot.com\/wp-content\/uploads\/2023\/11\/895f73df-647a-4039-ad35-2894cebe7370.png\",\"width\":150,\"height\":99,\"caption\":\"Terreta barefoot\"},\"image\":{\"@id\":\"https:\/\/terretabarefoot.com\/#\/schema\/logo\/image\/\"}}]}<\/script>\n<!-- \/ Yoast SEO plugin. -->","yoast_head_json":{"title":"Arenal Arena - Terreta barefoot","robots":{"index":"index","follow":"follow","max-snippet":"max-snippet:-1","max-image-preview":"max-image-preview:large","max-video-preview":"max-video-preview:-1"},"canonical":"https:\/\/terretabarefoot.com\/fr\/produit\/arenal-hielo\/","og_locale":"fr_FR","og_type":"article","og_title":"Arenal Arena - Terreta barefoot","og_description":"El Arenal Arena\u00a0mantiene la esencia de uno de nuestros modelos m\u00e1s reconocibles, ahora en una nueva versi\u00f3n en tono hielo, limpia y atemporal. Fabricado en piel serraje de alta calidad, aporta suavidad, flexibilidad y adaptaci\u00f3n natural al pie. El contraste con los detalles en cuero tostado refuerza su car\u00e1cter artesanal y mediterr\u00e1neo. Su dise\u00f1o respeta los principios barefoot:     Suela fina y flexible    Cero drop    Horma amplia que permite libertad real a los dedos   El cierre con cordones permite un ajuste preciso, adapt\u00e1ndose a diferentes empeines sin comprometer la comodidad. Arenal\u00a0 Arenao es una sneaker ligera, f\u00e1cil de combinar y pensada para el d\u00eda a d\u00eda, con la misma identidad de siempre en un nuevo color m\u00e1s fresco y luminoso.     Caracter\u00edsticas principales    \ud83d\udc04 Fabricado en piel serraje    \ud83c\udfa8 Nuevo color Arena con detalles cuero tostado    \ud83d\udc63 Suela fina, flexible y sin drop    \ud83e\uddb6 Horma anat\u00f3mica y amplia    \ud83d\udd12 Ajuste mediante cordones    \u2600\ufe0f Ligero y vers\u00e1til   \ud83d\udc49 Consulta nuestra [Gu\u00eda de tallas] para elegir tu ajuste perfecto.","og_url":"https:\/\/terretabarefoot.com\/fr\/produit\/arenal-hielo\/","og_site_name":"Terreta barefoot","article_modified_time":"2026-04-09T17:32:19+00:00","og_image":[{"width":2560,"height":1920,"url":"https:\/\/terretabarefoot.com\/wp-content\/uploads\/2026\/02\/107_0965-scaled.jpg","type":"image\/jpeg"}],"twitter_card":"summary_large_image","twitter_misc":{"Tiempo de lectura":"2 minutos"},"schema":{"@context":"https:\/\/schema.org","@graph":[{"@type":"WebPage","@id":"https:\/\/terretabarefoot.com\/producto\/arenal-hielo\/","url":"https:\/\/terretabarefoot.com\/producto\/arenal-hielo\/","name":"Arenal Arena - Terreta barefoot","isPartOf":{"@id":"https:\/\/terretabarefoot.com\/#website"},"primaryImageOfPage":{"@id":"https:\/\/terretabarefoot.com\/producto\/arenal-hielo\/#primaryimage"},"image":{"@id":"https:\/\/terretabarefoot.com\/producto\/arenal-hielo\/#primaryimage"},"thumbnailUrl":"https:\/\/terretabarefoot.com\/wp-content\/uploads\/2026\/02\/107_0965-scaled.jpg","datePublished":"2026-02-26T08:12:45+00:00","dateModified":"2026-04-09T17:32:19+00:00","breadcrumb":{"@id":"https:\/\/terretabarefoot.com\/producto\/arenal-hielo\/#breadcrumb"},"inLanguage":"es","potentialAction":[{"@type":"ReadAction","target":["https:\/\/terretabarefoot.com\/producto\/arenal-hielo\/"]}]},{"@type":"ImageObject","inLanguage":"es","@id":"https:\/\/terretabarefoot.com\/producto\/arenal-hielo\/#primaryimage","url":"https:\/\/terretabarefoot.com\/wp-content\/uploads\/2026\/02\/107_0965-scaled.jpg","contentUrl":"https:\/\/terretabarefoot.com\/wp-content\/uploads\/2026\/02\/107_0965-scaled.jpg","width":2560,"height":1920,"caption":"KODAK Digital Still Camera"},{"@type":"BreadcrumbList","@id":"https:\/\/terretabarefoot.com\/producto\/arenal-hielo\/#breadcrumb","itemListElement":[{"@type":"ListItem","position":1,"name":"Portada","item":"https:\/\/terretabarefoot.com\/"},{"@type":"ListItem","position":2,"name":"Tienda","item":"https:\/\/terretabarefoot.com\/tienda\/"},{"@type":"ListItem","position":3,"name":"Arenal Arena"}]},{"@type":"WebSite","@id":"https:\/\/terretabarefoot.com\/#website","url":"https:\/\/terretabarefoot.com\/","name":"Terreta pieds nus","description":"C&#039;est l&#039;heure de marcher pieds nus :-)","publisher":{"@id":"https:\/\/terretabarefoot.com\/#organization"},"potentialAction":[{"@type":"SearchAction","target":{"@type":"EntryPoint","urlTemplate":"https:\/\/terretabarefoot.com\/?s={search_term_string}"},"query-input":{"@type":"PropertyValueSpecification","valueRequired":true,"valueName":"search_term_string"}}],"inLanguage":"es"},{"@type":"Organization","@id":"https:\/\/terretabarefoot.com\/#organization","name":"Terreta pieds nus","url":"https:\/\/terretabarefoot.com\/","logo":{"@type":"ImageObject","inLanguage":"es","@id":"https:\/\/terretabarefoot.com\/#\/schema\/logo\/image\/","url":"https:\/\/terretabarefoot.com\/wp-content\/uploads\/2023\/11\/895f73df-647a-4039-ad35-2894cebe7370.png","contentUrl":"https:\/\/terretabarefoot.com\/wp-content\/uploads\/2023\/11\/895f73df-647a-4039-ad35-2894cebe7370.png","width":150,"height":99,"caption":"Terreta barefoot"},"image":{"@id":"https:\/\/terretabarefoot.com\/#\/schema\/logo\/image\/"}}]}},"_links":{"self":[{"href":"https:\/\/terretabarefoot.com\/fr\/wp-json\/wp\/v2\/product\/14491","targetHints":{"allow":["GET"]}}],"collection":[{"href":"https:\/\/terretabarefoot.com\/fr\/wp-json\/wp\/v2\/product"}],"about":[{"href":"https:\/\/terretabarefoot.com\/fr\/wp-json\/wp\/v2\/types\/product"}],"wp:featuredmedia":[{"embeddable":true,"href":"https:\/\/terretabarefoot.com\/fr\/wp-json\/wp\/v2\/media\/14514"}],"wp:attachment":[{"href":"https:\/\/terretabarefoot.com\/fr\/wp-json\/wp\/v2\/media?parent=14491"}],"wp:term":[{"taxonomy":"brand","embeddable":true,"href":"https:\/\/terretabarefoot.com\/fr\/wp-json\/wp\/v2\/etheme_brands?post=14491"},{"taxonomy":"product_brand","embeddable":true,"href":"https:\/\/terretabarefoot.com\/fr\/wp-json\/wp\/v2\/product_brand?post=14491"},{"taxonomy":"product_cat","embeddable":true,"href":"https:\/\/terretabarefoot.com\/fr\/wp-json\/wp\/v2\/product_cat?post=14491"},{"taxonomy":"product_tag","embeddable":true,"href":"https:\/\/terretabarefoot.com\/fr\/wp-json\/wp\/v2\/product_tag?post=14491"}],"curies":[{"name":"wp","href":"https:\/\/api.w.org\/{rel}","templated":true}]}}