{"id":14668,"date":"2026-03-03T10:02:25","date_gmt":"2026-03-03T08:02:25","guid":{"rendered":"https:\/\/terretabarefoot.com\/?post_type=product&#038;p=14668"},"modified":"2026-03-03T10:09:33","modified_gmt":"2026-03-03T08:09:33","slug":"plantillas","status":"publish","type":"product","link":"https:\/\/terretabarefoot.com\/fr\/producto\/plantillas\/","title":{"rendered":"Plantillas"},"content":{"rendered":"<p class=\"\" data-start=\"279\" data-end=\"504\"><img decoding=\"async\" class=\"emoji\" role=\"img\" draggable=\"false\" src=\"https:\/\/s.w.org\/images\/core\/emoji\/15.1.0\/svg\/1f9b6.svg\" alt=\"\ud83e\uddb6\" \/>\u00a0<strong data-start=\"282\" data-end=\"340\">Zone des orteils anatomique \u2013 Respecte la forme naturelle de votre pied<\/strong><br data-start=\"340\" data-end=\"343\" \/>Con\u00e7u avec une forme\u00a0<strong data-start=\"366\" data-end=\"388\">large et ergonomique<\/strong>, L&#039;espace pr\u00e9vu pour les orteils permet \u00e0 ces derniers de s&#039;\u00e9tendre librement, offrant un confort maximal et \u00e9vitant toute pression inutile.<\/p>\n<p class=\"\" data-start=\"506\" data-end=\"718\"><img decoding=\"async\" class=\"emoji\" role=\"img\" draggable=\"false\" src=\"https:\/\/s.w.org\/images\/core\/emoji\/15.1.0\/svg\/2195.svg\" alt=\"\u2195\ufe0f\" \/>\u00a0<strong data-start=\"509\" data-end=\"559\">Z\u00e9ro chute \u2013 Mouvement naturel sans inclinaison<\/strong><br data-start=\"559\" data-end=\"562\" \/>La semelle \u00e0 drop z\u00e9ro maintient le talon et les orteils \u00e0 la m\u00eame hauteur, favorisant ainsi une foul\u00e9e plus stable.\u00a0<strong data-start=\"661\" data-end=\"682\">posture saine<\/strong>\u00a0et une foul\u00e9e plus naturelle et stable.<\/p>\n<p class=\"\" data-start=\"913\" data-end=\"1132\">","protected":false},"excerpt":{"rendered":"<p data-start=\"286\" data-end=\"476\">Las <strong data-start=\"290\" data-end=\"324\">plantillas de repuesto Terreta<\/strong> est\u00e1n fabricadas con <strong data-start=\"346\" data-end=\"375\">capa superior 100% bamboo<\/strong>, un material natural conocido por su suavidad, capacidad de absorci\u00f3n y propiedades antibacterianas.<\/p>\n<p data-start=\"478\" data-end=\"637\">El bamboo ayuda a gestionar la humedad mejor que el algod\u00f3n, reduce la aparici\u00f3n de olores y ofrece una sensaci\u00f3n m\u00e1s agradable en contacto directo con el pie.<\/p>\n<p data-start=\"639\" data-end=\"711\">La base inferior flexible mantiene la estructura barefoot del calzado:<\/p>\n<ul data-start=\"713\" data-end=\"776\">\n<li data-start=\"713\" data-end=\"725\">\n<p data-start=\"715\" data-end=\"725\">Sin drop<\/p>\n<\/li>\n<li data-start=\"726\" data-end=\"749\">\n<p data-start=\"728\" data-end=\"749\">Sin rigidez a\u00f1adida<\/p>\n<\/li>\n<li data-start=\"750\" data-end=\"776\">\n<p data-start=\"752\" data-end=\"776\">Sin modificar la horma<\/p>\n<\/li>\n<\/ul>\n<p data-start=\"778\" data-end=\"878\">Son el recambio ideal para renovar tu calzado Terreta sin perder comodidad ni conexi\u00f3n con el suelo.<\/p>\n<p data-start=\"1468\" data-end=\"1538\">\ud83d\udc49 Consulta nuestra <a href=\"https:\/\/terretabarefoot.com\/guia-tallas-marina-carabassi\/\">[Gu\u00eda de tallas]<\/a> para elegir tu ajuste perfecto.<\/p>\n","protected":false},"featured_media":14680,"template":"","meta":[],"etheme_brands":[],"product_brand":[],"product_cat":[167],"product_tag":[],"class_list":{"0":"post-14668","1":"product","2":"type-product","3":"status-publish","4":"has-post-thumbnail","6":"product_cat-sneakers","7":"pa_talla-73","8":"pa_talla-74","9":"pa_talla-75","10":"pa_talla-77","11":"pa_talla-78","12":"pa_talla-79","13":"pa_talla-80","14":"pa_talla-81","15":"pa_talla-82","16":"pa_talla-83","18":"first","19":"instock","20":"taxable","21":"shipping-taxable","22":"purchasable","23":"product-type-variable"},"yoast_head":"<!-- This site is optimized with the Yoast SEO plugin v27.2 - https:\/\/yoast.com\/product\/yoast-seo-wordpress\/ -->\n<title>Plantillas - Terreta barefoot<\/title>\n<meta name=\"robots\" content=\"index, follow, max-snippet:-1, max-image-preview:large, max-video-preview:-1\" \/>\n<link rel=\"canonical\" href=\"https:\/\/terretabarefoot.com\/fr\/produit\/plantillas\/\" \/>\n<meta property=\"og:locale\" content=\"fr_FR\" \/>\n<meta property=\"og:type\" content=\"article\" \/>\n<meta property=\"og:title\" content=\"Plantillas - Terreta barefoot\" \/>\n<meta property=\"og:description\" content=\"Las plantillas de repuesto Terreta est\u00e1n fabricadas con capa superior 100% bamboo, un material natural conocido por su suavidad, capacidad de absorci\u00f3n y propiedades antibacterianas. El bamboo ayuda a gestionar la humedad mejor que el algod\u00f3n, reduce la aparici\u00f3n de olores y ofrece una sensaci\u00f3n m\u00e1s agradable en contacto directo con el pie. La base inferior flexible mantiene la estructura barefoot del calzado:     Sin drop    Sin rigidez a\u00f1adida    Sin modificar la horma   Son el recambio ideal para renovar tu calzado Terreta sin perder comodidad ni conexi\u00f3n con el suelo. \ud83d\udc49 Consulta nuestra [Gu\u00eda de tallas] para elegir tu ajuste perfecto.\" \/>\n<meta property=\"og:url\" content=\"https:\/\/terretabarefoot.com\/fr\/produit\/plantillas\/\" \/>\n<meta property=\"og:site_name\" content=\"Terreta barefoot\" \/>\n<meta property=\"article:modified_time\" content=\"2026-03-03T08:09:33+00:00\" \/>\n<meta property=\"og:image\" content=\"https:\/\/terretabarefoot.com\/wp-content\/uploads\/2026\/03\/107_0970-scaled-e1772525356717.jpg\" \/>\n\t<meta property=\"og:image:width\" content=\"1920\" \/>\n\t<meta property=\"og:image:height\" content=\"2560\" \/>\n\t<meta property=\"og:image:type\" content=\"image\/jpeg\" \/>\n<meta name=\"twitter:card\" content=\"summary_large_image\" \/>\n<meta name=\"twitter:label1\" content=\"Tiempo de lectura\" \/>\n\t<meta name=\"twitter:data1\" content=\"1 minuto\" \/>\n<script type=\"application\/ld+json\" class=\"yoast-schema-graph\">{\"@context\":\"https:\/\/schema.org\",\"@graph\":[{\"@type\":\"WebPage\",\"@id\":\"https:\/\/terretabarefoot.com\/producto\/plantillas\/\",\"url\":\"https:\/\/terretabarefoot.com\/producto\/plantillas\/\",\"name\":\"Plantillas - Terreta barefoot\",\"isPartOf\":{\"@id\":\"https:\/\/terretabarefoot.com\/#website\"},\"primaryImageOfPage\":{\"@id\":\"https:\/\/terretabarefoot.com\/producto\/plantillas\/#primaryimage\"},\"image\":{\"@id\":\"https:\/\/terretabarefoot.com\/producto\/plantillas\/#primaryimage\"},\"thumbnailUrl\":\"https:\/\/terretabarefoot.com\/wp-content\/uploads\/2026\/03\/107_0970-scaled-e1772525356717.jpg\",\"datePublished\":\"2026-03-03T08:02:25+00:00\",\"dateModified\":\"2026-03-03T08:09:33+00:00\",\"breadcrumb\":{\"@id\":\"https:\/\/terretabarefoot.com\/producto\/plantillas\/#breadcrumb\"},\"inLanguage\":\"es\",\"potentialAction\":[{\"@type\":\"ReadAction\",\"target\":[\"https:\/\/terretabarefoot.com\/producto\/plantillas\/\"]}]},{\"@type\":\"ImageObject\",\"inLanguage\":\"es\",\"@id\":\"https:\/\/terretabarefoot.com\/producto\/plantillas\/#primaryimage\",\"url\":\"https:\/\/terretabarefoot.com\/wp-content\/uploads\/2026\/03\/107_0970-scaled-e1772525356717.jpg\",\"contentUrl\":\"https:\/\/terretabarefoot.com\/wp-content\/uploads\/2026\/03\/107_0970-scaled-e1772525356717.jpg\",\"width\":1920,\"height\":2560,\"caption\":\"KODAK Digital Still Camera\"},{\"@type\":\"BreadcrumbList\",\"@id\":\"https:\/\/terretabarefoot.com\/producto\/plantillas\/#breadcrumb\",\"itemListElement\":[{\"@type\":\"ListItem\",\"position\":1,\"name\":\"Portada\",\"item\":\"https:\/\/terretabarefoot.com\/\"},{\"@type\":\"ListItem\",\"position\":2,\"name\":\"Tienda\",\"item\":\"https:\/\/terretabarefoot.com\/tienda\/\"},{\"@type\":\"ListItem\",\"position\":3,\"name\":\"Plantillas\"}]},{\"@type\":\"WebSite\",\"@id\":\"https:\/\/terretabarefoot.com\/#website\",\"url\":\"https:\/\/terretabarefoot.com\/\",\"name\":\"Terreta barefoot\",\"description\":\"It\u00b4s barefoot time :-)\",\"publisher\":{\"@id\":\"https:\/\/terretabarefoot.com\/#organization\"},\"potentialAction\":[{\"@type\":\"SearchAction\",\"target\":{\"@type\":\"EntryPoint\",\"urlTemplate\":\"https:\/\/terretabarefoot.com\/?s={search_term_string}\"},\"query-input\":{\"@type\":\"PropertyValueSpecification\",\"valueRequired\":true,\"valueName\":\"search_term_string\"}}],\"inLanguage\":\"es\"},{\"@type\":\"Organization\",\"@id\":\"https:\/\/terretabarefoot.com\/#organization\",\"name\":\"Terreta barefoot\",\"url\":\"https:\/\/terretabarefoot.com\/\",\"logo\":{\"@type\":\"ImageObject\",\"inLanguage\":\"es\",\"@id\":\"https:\/\/terretabarefoot.com\/#\/schema\/logo\/image\/\",\"url\":\"https:\/\/terretabarefoot.com\/wp-content\/uploads\/2023\/11\/895f73df-647a-4039-ad35-2894cebe7370.png\",\"contentUrl\":\"https:\/\/terretabarefoot.com\/wp-content\/uploads\/2023\/11\/895f73df-647a-4039-ad35-2894cebe7370.png\",\"width\":150,\"height\":99,\"caption\":\"Terreta barefoot\"},\"image\":{\"@id\":\"https:\/\/terretabarefoot.com\/#\/schema\/logo\/image\/\"}}]}<\/script>\n<!-- \/ Yoast SEO plugin. -->","yoast_head_json":{"title":"Plantillas - Terreta barefoot","robots":{"index":"index","follow":"follow","max-snippet":"max-snippet:-1","max-image-preview":"max-image-preview:large","max-video-preview":"max-video-preview:-1"},"canonical":"https:\/\/terretabarefoot.com\/fr\/produit\/plantillas\/","og_locale":"fr_FR","og_type":"article","og_title":"Plantillas - Terreta barefoot","og_description":"Las plantillas de repuesto Terreta est\u00e1n fabricadas con capa superior 100% bamboo, un material natural conocido por su suavidad, capacidad de absorci\u00f3n y propiedades antibacterianas. El bamboo ayuda a gestionar la humedad mejor que el algod\u00f3n, reduce la aparici\u00f3n de olores y ofrece una sensaci\u00f3n m\u00e1s agradable en contacto directo con el pie. La base inferior flexible mantiene la estructura barefoot del calzado:     Sin drop    Sin rigidez a\u00f1adida    Sin modificar la horma   Son el recambio ideal para renovar tu calzado Terreta sin perder comodidad ni conexi\u00f3n con el suelo. \ud83d\udc49 Consulta nuestra [Gu\u00eda de tallas] para elegir tu ajuste perfecto.","og_url":"https:\/\/terretabarefoot.com\/fr\/produit\/plantillas\/","og_site_name":"Terreta barefoot","article_modified_time":"2026-03-03T08:09:33+00:00","og_image":[{"width":1920,"height":2560,"url":"https:\/\/terretabarefoot.com\/wp-content\/uploads\/2026\/03\/107_0970-scaled-e1772525356717.jpg","type":"image\/jpeg"}],"twitter_card":"summary_large_image","twitter_misc":{"Tiempo de lectura":"1 minuto"},"schema":{"@context":"https:\/\/schema.org","@graph":[{"@type":"WebPage","@id":"https:\/\/terretabarefoot.com\/producto\/plantillas\/","url":"https:\/\/terretabarefoot.com\/producto\/plantillas\/","name":"Plantillas - Terreta barefoot","isPartOf":{"@id":"https:\/\/terretabarefoot.com\/#website"},"primaryImageOfPage":{"@id":"https:\/\/terretabarefoot.com\/producto\/plantillas\/#primaryimage"},"image":{"@id":"https:\/\/terretabarefoot.com\/producto\/plantillas\/#primaryimage"},"thumbnailUrl":"https:\/\/terretabarefoot.com\/wp-content\/uploads\/2026\/03\/107_0970-scaled-e1772525356717.jpg","datePublished":"2026-03-03T08:02:25+00:00","dateModified":"2026-03-03T08:09:33+00:00","breadcrumb":{"@id":"https:\/\/terretabarefoot.com\/producto\/plantillas\/#breadcrumb"},"inLanguage":"es","potentialAction":[{"@type":"ReadAction","target":["https:\/\/terretabarefoot.com\/producto\/plantillas\/"]}]},{"@type":"ImageObject","inLanguage":"es","@id":"https:\/\/terretabarefoot.com\/producto\/plantillas\/#primaryimage","url":"https:\/\/terretabarefoot.com\/wp-content\/uploads\/2026\/03\/107_0970-scaled-e1772525356717.jpg","contentUrl":"https:\/\/terretabarefoot.com\/wp-content\/uploads\/2026\/03\/107_0970-scaled-e1772525356717.jpg","width":1920,"height":2560,"caption":"KODAK Digital Still Camera"},{"@type":"BreadcrumbList","@id":"https:\/\/terretabarefoot.com\/producto\/plantillas\/#breadcrumb","itemListElement":[{"@type":"ListItem","position":1,"name":"Portada","item":"https:\/\/terretabarefoot.com\/"},{"@type":"ListItem","position":2,"name":"Tienda","item":"https:\/\/terretabarefoot.com\/tienda\/"},{"@type":"ListItem","position":3,"name":"Plantillas"}]},{"@type":"WebSite","@id":"https:\/\/terretabarefoot.com\/#website","url":"https:\/\/terretabarefoot.com\/","name":"Terreta pieds nus","description":"C&#039;est l&#039;heure de marcher pieds nus :-)","publisher":{"@id":"https:\/\/terretabarefoot.com\/#organization"},"potentialAction":[{"@type":"SearchAction","target":{"@type":"EntryPoint","urlTemplate":"https:\/\/terretabarefoot.com\/?s={search_term_string}"},"query-input":{"@type":"PropertyValueSpecification","valueRequired":true,"valueName":"search_term_string"}}],"inLanguage":"es"},{"@type":"Organization","@id":"https:\/\/terretabarefoot.com\/#organization","name":"Terreta pieds nus","url":"https:\/\/terretabarefoot.com\/","logo":{"@type":"ImageObject","inLanguage":"es","@id":"https:\/\/terretabarefoot.com\/#\/schema\/logo\/image\/","url":"https:\/\/terretabarefoot.com\/wp-content\/uploads\/2023\/11\/895f73df-647a-4039-ad35-2894cebe7370.png","contentUrl":"https:\/\/terretabarefoot.com\/wp-content\/uploads\/2023\/11\/895f73df-647a-4039-ad35-2894cebe7370.png","width":150,"height":99,"caption":"Terreta barefoot"},"image":{"@id":"https:\/\/terretabarefoot.com\/#\/schema\/logo\/image\/"}}]}},"_links":{"self":[{"href":"https:\/\/terretabarefoot.com\/fr\/wp-json\/wp\/v2\/product\/14668","targetHints":{"allow":["GET"]}}],"collection":[{"href":"https:\/\/terretabarefoot.com\/fr\/wp-json\/wp\/v2\/product"}],"about":[{"href":"https:\/\/terretabarefoot.com\/fr\/wp-json\/wp\/v2\/types\/product"}],"wp:featuredmedia":[{"embeddable":true,"href":"https:\/\/terretabarefoot.com\/fr\/wp-json\/wp\/v2\/media\/14680"}],"wp:attachment":[{"href":"https:\/\/terretabarefoot.com\/fr\/wp-json\/wp\/v2\/media?parent=14668"}],"wp:term":[{"taxonomy":"brand","embeddable":true,"href":"https:\/\/terretabarefoot.com\/fr\/wp-json\/wp\/v2\/etheme_brands?post=14668"},{"taxonomy":"product_brand","embeddable":true,"href":"https:\/\/terretabarefoot.com\/fr\/wp-json\/wp\/v2\/product_brand?post=14668"},{"taxonomy":"product_cat","embeddable":true,"href":"https:\/\/terretabarefoot.com\/fr\/wp-json\/wp\/v2\/product_cat?post=14668"},{"taxonomy":"product_tag","embeddable":true,"href":"https:\/\/terretabarefoot.com\/fr\/wp-json\/wp\/v2\/product_tag?post=14668"}],"curies":[{"name":"wp","href":"https:\/\/api.w.org\/{rel}","templated":true}]}}