{"id":1531,"date":"2024-06-25T09:59:05","date_gmt":"2024-06-25T07:59:05","guid":{"rendered":"https:\/\/terretabarefoot.com\/?post_type=product&#038;p=1531"},"modified":"2026-03-09T20:20:16","modified_gmt":"2026-03-09T18:20:16","slug":"zone-sablonneuse","status":"publish","type":"product","link":"https:\/\/terretabarefoot.com\/fr\/producto\/arenal\/","title":{"rendered":"Arenal"},"content":{"rendered":"<p><strong>En forme de pied<\/strong> \u2013 Un espace pour les orteils anatomique respectant la forme de votre pied<\/p>\n<p><strong>Drop Zero<\/strong>\u00a0\u2013 Con\u00e7ues pour maintenir vos pieds dans une position naturelle, sans inclinaison, favorisant ainsi des mouvements plus sains.<\/p>\n<p><strong>L\u00e9ger<\/strong> \u2013 Extr\u00eamement l\u00e9ger pour faciliter votre mobilit\u00e9 et votre confort \u00e0 chaque pas.<\/p>\n<p><strong>Mod\u00e8le plat<\/strong> \u2013 Notre semelle int\u00e9rieure est fine et plate, id\u00e9ale pour s&#039;adapter \u00e0 la forme naturelle de votre pied sans n\u00e9cessiter de r\u00e9glages suppl\u00e9mentaires.<\/p>\n<p>&nbsp;<\/p>","protected":false},"excerpt":{"rendered":"<p data-start=\"773\" data-end=\"1060\"><span style=\"color: #99cc00;\">\u00a1 PUNTOS IMPORTANTES!!<\/span><\/p>\n<p data-start=\"773\" data-end=\"1060\"><span style=\"color: #ff0000;\">Este es un modelo de continuidad, en Preventa damos la oportunidad de encargar tu talla, pero no tiene precio promocionado como el resto<\/span><\/p>\n<p data-start=\"773\" data-end=\"1060\"><span style=\"color: #99cc00;\">1.-MODELO EN PREVENTA, LOS PEDIDOS SE EMPEZARAN A ENVIAR A PRINCIPIOS DE ABRIL Y TERMINAREMOS DE ENVIAR A FINALES DE ABRIL, SEGUN EL MODELO.<\/span><\/p>\n<p data-start=\"773\" data-end=\"1060\"><span style=\"color: #99cc00;\">2. UNE SEULE EXP\u00c9DITION SERA EFFECTU\u00c9E. SI DES PAIRES EN STOCK SONT AJOUT\u00c9ES \u00c0 CETTE COMMANDE, ELLES SERONT R\u00c9SERV\u00c9ES ET EXP\u00c9DI\u00c9ES AVEC LA PR\u00c9COMMANDE.<\/span><\/p>\n<p>&nbsp;<\/p>\n<p>Notre basket la plus haut de gamme. .<\/p>\n<ul>\n<li>Fabriqu\u00e9 en cuir su\u00e9d\u00e9. .<\/li>\n<li>Doublure en fibres de bambou.<\/li>\n<li>Semelle Tr<\/li>\n<li>Fermeture \u00e0 lacets.<\/li>\n<\/ul>\n<p>Nos baskets sont non seulement fabriqu\u00e9es \u00e0 Elche (Alicante), mais nous faisons \u00e9galement appel exclusivement \u00e0 des fournisseurs locaux pour leur fabrication.<\/p>","protected":false},"featured_media":1661,"template":"","meta":[],"etheme_brands":[],"product_brand":[],"product_cat":[69],"product_tag":[],"class_list":{"0":"post-1531","1":"product","2":"type-product","3":"status-publish","4":"has-post-thumbnail","6":"product_cat-preventa","8":"first","9":"outofstock","10":"taxable","11":"shipping-taxable","12":"purchasable","13":"product-type-variable","14":"has-default-attributes"},"yoast_head":"<!-- This site is optimized with the Yoast SEO plugin v27.2 - https:\/\/yoast.com\/product\/yoast-seo-wordpress\/ -->\n<title>Arenal - Terreta barefoot<\/title>\n<meta name=\"robots\" content=\"index, follow, max-snippet:-1, max-image-preview:large, max-video-preview:-1\" \/>\n<link rel=\"canonical\" href=\"https:\/\/terretabarefoot.com\/fr\/produit\/zone-sablonneuse\/\" \/>\n<meta property=\"og:locale\" content=\"fr_FR\" \/>\n<meta property=\"og:type\" content=\"article\" \/>\n<meta property=\"og:title\" content=\"Arenal - Terreta barefoot\" \/>\n<meta property=\"og:description\" content=\"\u00a1 PUNTOS IMPORTANTES!! Este es un modelo de continuidad, en Preventa damos la oportunidad de encargar tu talla, pero no tiene precio promocionado como el resto 1.-MODELO EN PREVENTA, LOS PEDIDOS SE EMPEZARAN A ENVIAR A PRINCIPIOS DE ABRIL Y TERMINAREMOS DE ENVIAR A FINALES DE ABRIL, SEGUN EL MODELO. 2.-SOLO SE REALIZARA UN ENVIO, SI JUNTO A ESTE PEDIDO SE A\u00d1ADEN PARES EN STOCK, ESTOS SE RESERVARAN Y SE ENVIARAN JUNTO CON EL PEDIDO DE PREVENTA. &nbsp;  Nuestro Sneaker mas premium .   Fabricado en piel de Serraje .  Forro de fibras de bamb\u00fa.  Suela Tr  cierre con cordones.  Nuestros sneaker\u00b4s no solo se fabrican en Elche (Alicante), adem\u00e1s para fabricarlos solo utilizamos proveedores locales.\" \/>\n<meta property=\"og:url\" content=\"https:\/\/terretabarefoot.com\/fr\/produit\/zone-sablonneuse\/\" \/>\n<meta property=\"og:site_name\" content=\"Terreta barefoot\" \/>\n<meta property=\"article:modified_time\" content=\"2026-03-09T18:20:16+00:00\" \/>\n<meta property=\"og:image\" content=\"https:\/\/terretabarefoot.com\/wp-content\/uploads\/2024\/06\/TERRETA-SERRAJE-VERDE_1-scaled.jpg\" \/>\n\t<meta property=\"og:image:width\" content=\"2560\" \/>\n\t<meta property=\"og:image:height\" content=\"1707\" \/>\n\t<meta property=\"og:image:type\" content=\"image\/jpeg\" \/>\n<meta name=\"twitter:card\" content=\"summary_large_image\" \/>\n<meta name=\"twitter:label1\" content=\"Tiempo de lectura\" \/>\n\t<meta name=\"twitter:data1\" content=\"1 minuto\" \/>\n<script type=\"application\/ld+json\" class=\"yoast-schema-graph\">{\"@context\":\"https:\/\/schema.org\",\"@graph\":[{\"@type\":\"WebPage\",\"@id\":\"https:\/\/terretabarefoot.com\/producto\/arenal\/\",\"url\":\"https:\/\/terretabarefoot.com\/producto\/arenal\/\",\"name\":\"Arenal - Terreta barefoot\",\"isPartOf\":{\"@id\":\"https:\/\/terretabarefoot.com\/#website\"},\"primaryImageOfPage\":{\"@id\":\"https:\/\/terretabarefoot.com\/producto\/arenal\/#primaryimage\"},\"image\":{\"@id\":\"https:\/\/terretabarefoot.com\/producto\/arenal\/#primaryimage\"},\"thumbnailUrl\":\"https:\/\/terretabarefoot.com\/wp-content\/uploads\/2024\/06\/TERRETA-SERRAJE-VERDE_1-scaled.jpg\",\"datePublished\":\"2024-06-25T07:59:05+00:00\",\"dateModified\":\"2026-03-09T18:20:16+00:00\",\"breadcrumb\":{\"@id\":\"https:\/\/terretabarefoot.com\/producto\/arenal\/#breadcrumb\"},\"inLanguage\":\"es\",\"potentialAction\":[{\"@type\":\"ReadAction\",\"target\":[\"https:\/\/terretabarefoot.com\/producto\/arenal\/\"]}]},{\"@type\":\"ImageObject\",\"inLanguage\":\"es\",\"@id\":\"https:\/\/terretabarefoot.com\/producto\/arenal\/#primaryimage\",\"url\":\"https:\/\/terretabarefoot.com\/wp-content\/uploads\/2024\/06\/TERRETA-SERRAJE-VERDE_1-scaled.jpg\",\"contentUrl\":\"https:\/\/terretabarefoot.com\/wp-content\/uploads\/2024\/06\/TERRETA-SERRAJE-VERDE_1-scaled.jpg\",\"width\":2560,\"height\":1707},{\"@type\":\"BreadcrumbList\",\"@id\":\"https:\/\/terretabarefoot.com\/producto\/arenal\/#breadcrumb\",\"itemListElement\":[{\"@type\":\"ListItem\",\"position\":1,\"name\":\"Portada\",\"item\":\"https:\/\/terretabarefoot.com\/\"},{\"@type\":\"ListItem\",\"position\":2,\"name\":\"Tienda\",\"item\":\"https:\/\/terretabarefoot.com\/tienda\/\"},{\"@type\":\"ListItem\",\"position\":3,\"name\":\"Arenal\"}]},{\"@type\":\"WebSite\",\"@id\":\"https:\/\/terretabarefoot.com\/#website\",\"url\":\"https:\/\/terretabarefoot.com\/\",\"name\":\"Terreta barefoot\",\"description\":\"It\u00b4s barefoot time :-)\",\"publisher\":{\"@id\":\"https:\/\/terretabarefoot.com\/#organization\"},\"potentialAction\":[{\"@type\":\"SearchAction\",\"target\":{\"@type\":\"EntryPoint\",\"urlTemplate\":\"https:\/\/terretabarefoot.com\/?s={search_term_string}\"},\"query-input\":{\"@type\":\"PropertyValueSpecification\",\"valueRequired\":true,\"valueName\":\"search_term_string\"}}],\"inLanguage\":\"es\"},{\"@type\":\"Organization\",\"@id\":\"https:\/\/terretabarefoot.com\/#organization\",\"name\":\"Terreta barefoot\",\"url\":\"https:\/\/terretabarefoot.com\/\",\"logo\":{\"@type\":\"ImageObject\",\"inLanguage\":\"es\",\"@id\":\"https:\/\/terretabarefoot.com\/#\/schema\/logo\/image\/\",\"url\":\"https:\/\/terretabarefoot.com\/wp-content\/uploads\/2023\/11\/895f73df-647a-4039-ad35-2894cebe7370.png\",\"contentUrl\":\"https:\/\/terretabarefoot.com\/wp-content\/uploads\/2023\/11\/895f73df-647a-4039-ad35-2894cebe7370.png\",\"width\":150,\"height\":99,\"caption\":\"Terreta barefoot\"},\"image\":{\"@id\":\"https:\/\/terretabarefoot.com\/#\/schema\/logo\/image\/\"}}]}<\/script>\n<!-- \/ Yoast SEO plugin. -->","yoast_head_json":{"title":"Arenal - Terreta pieds nus","robots":{"index":"index","follow":"follow","max-snippet":"max-snippet:-1","max-image-preview":"max-image-preview:large","max-video-preview":"max-video-preview:-1"},"canonical":"https:\/\/terretabarefoot.com\/fr\/produit\/zone-sablonneuse\/","og_locale":"fr_FR","og_type":"article","og_title":"Arenal - Terreta barefoot","og_description":"\u00a1 PUNTOS IMPORTANTES!! Este es un modelo de continuidad, en Preventa damos la oportunidad de encargar tu talla, pero no tiene precio promocionado como el resto 1.-MODELO EN PREVENTA, LOS PEDIDOS SE EMPEZARAN A ENVIAR A PRINCIPIOS DE ABRIL Y TERMINAREMOS DE ENVIAR A FINALES DE ABRIL, SEGUN EL MODELO. 2.-SOLO SE REALIZARA UN ENVIO, SI JUNTO A ESTE PEDIDO SE A\u00d1ADEN PARES EN STOCK, ESTOS SE RESERVARAN Y SE ENVIARAN JUNTO CON EL PEDIDO DE PREVENTA. &nbsp;  Nuestro Sneaker mas premium .   Fabricado en piel de Serraje .  Forro de fibras de bamb\u00fa.  Suela Tr  cierre con cordones.  Nuestros sneaker\u00b4s no solo se fabrican en Elche (Alicante), adem\u00e1s para fabricarlos solo utilizamos proveedores locales.","og_url":"https:\/\/terretabarefoot.com\/fr\/produit\/zone-sablonneuse\/","og_site_name":"Terreta barefoot","article_modified_time":"2026-03-09T18:20:16+00:00","og_image":[{"width":2560,"height":1707,"url":"https:\/\/terretabarefoot.com\/wp-content\/uploads\/2024\/06\/TERRETA-SERRAJE-VERDE_1-scaled.jpg","type":"image\/jpeg"}],"twitter_card":"summary_large_image","twitter_misc":{"Tiempo de lectura":"1 minuto"},"schema":{"@context":"https:\/\/schema.org","@graph":[{"@type":"WebPage","@id":"https:\/\/terretabarefoot.com\/producto\/arenal\/","url":"https:\/\/terretabarefoot.com\/producto\/arenal\/","name":"Arenal - Terreta pieds nus","isPartOf":{"@id":"https:\/\/terretabarefoot.com\/#website"},"primaryImageOfPage":{"@id":"https:\/\/terretabarefoot.com\/producto\/arenal\/#primaryimage"},"image":{"@id":"https:\/\/terretabarefoot.com\/producto\/arenal\/#primaryimage"},"thumbnailUrl":"https:\/\/terretabarefoot.com\/wp-content\/uploads\/2024\/06\/TERRETA-SERRAJE-VERDE_1-scaled.jpg","datePublished":"2024-06-25T07:59:05+00:00","dateModified":"2026-03-09T18:20:16+00:00","breadcrumb":{"@id":"https:\/\/terretabarefoot.com\/producto\/arenal\/#breadcrumb"},"inLanguage":"es","potentialAction":[{"@type":"ReadAction","target":["https:\/\/terretabarefoot.com\/producto\/arenal\/"]}]},{"@type":"ImageObject","inLanguage":"es","@id":"https:\/\/terretabarefoot.com\/producto\/arenal\/#primaryimage","url":"https:\/\/terretabarefoot.com\/wp-content\/uploads\/2024\/06\/TERRETA-SERRAJE-VERDE_1-scaled.jpg","contentUrl":"https:\/\/terretabarefoot.com\/wp-content\/uploads\/2024\/06\/TERRETA-SERRAJE-VERDE_1-scaled.jpg","width":2560,"height":1707},{"@type":"BreadcrumbList","@id":"https:\/\/terretabarefoot.com\/producto\/arenal\/#breadcrumb","itemListElement":[{"@type":"ListItem","position":1,"name":"Portada","item":"https:\/\/terretabarefoot.com\/"},{"@type":"ListItem","position":2,"name":"Tienda","item":"https:\/\/terretabarefoot.com\/tienda\/"},{"@type":"ListItem","position":3,"name":"Arenal"}]},{"@type":"WebSite","@id":"https:\/\/terretabarefoot.com\/#website","url":"https:\/\/terretabarefoot.com\/","name":"Terreta pieds nus","description":"C&#039;est l&#039;heure de marcher pieds nus :-)","publisher":{"@id":"https:\/\/terretabarefoot.com\/#organization"},"potentialAction":[{"@type":"SearchAction","target":{"@type":"EntryPoint","urlTemplate":"https:\/\/terretabarefoot.com\/?s={search_term_string}"},"query-input":{"@type":"PropertyValueSpecification","valueRequired":true,"valueName":"search_term_string"}}],"inLanguage":"es"},{"@type":"Organization","@id":"https:\/\/terretabarefoot.com\/#organization","name":"Terreta pieds nus","url":"https:\/\/terretabarefoot.com\/","logo":{"@type":"ImageObject","inLanguage":"es","@id":"https:\/\/terretabarefoot.com\/#\/schema\/logo\/image\/","url":"https:\/\/terretabarefoot.com\/wp-content\/uploads\/2023\/11\/895f73df-647a-4039-ad35-2894cebe7370.png","contentUrl":"https:\/\/terretabarefoot.com\/wp-content\/uploads\/2023\/11\/895f73df-647a-4039-ad35-2894cebe7370.png","width":150,"height":99,"caption":"Terreta barefoot"},"image":{"@id":"https:\/\/terretabarefoot.com\/#\/schema\/logo\/image\/"}}]}},"_links":{"self":[{"href":"https:\/\/terretabarefoot.com\/fr\/wp-json\/wp\/v2\/product\/1531","targetHints":{"allow":["GET"]}}],"collection":[{"href":"https:\/\/terretabarefoot.com\/fr\/wp-json\/wp\/v2\/product"}],"about":[{"href":"https:\/\/terretabarefoot.com\/fr\/wp-json\/wp\/v2\/types\/product"}],"wp:featuredmedia":[{"embeddable":true,"href":"https:\/\/terretabarefoot.com\/fr\/wp-json\/wp\/v2\/media\/1661"}],"wp:attachment":[{"href":"https:\/\/terretabarefoot.com\/fr\/wp-json\/wp\/v2\/media?parent=1531"}],"wp:term":[{"taxonomy":"brand","embeddable":true,"href":"https:\/\/terretabarefoot.com\/fr\/wp-json\/wp\/v2\/etheme_brands?post=1531"},{"taxonomy":"product_brand","embeddable":true,"href":"https:\/\/terretabarefoot.com\/fr\/wp-json\/wp\/v2\/product_brand?post=1531"},{"taxonomy":"product_cat","embeddable":true,"href":"https:\/\/terretabarefoot.com\/fr\/wp-json\/wp\/v2\/product_cat?post=1531"},{"taxonomy":"product_tag","embeddable":true,"href":"https:\/\/terretabarefoot.com\/fr\/wp-json\/wp\/v2\/product_tag?post=1531"}],"curies":[{"name":"wp","href":"https:\/\/api.w.org\/{rel}","templated":true}]}}