{"id":4250,"date":"2025-03-07T11:44:45","date_gmt":"2025-03-07T09:44:45","guid":{"rendered":"https:\/\/terretabarefoot.com\/?post_type=product&#038;p=4250"},"modified":"2025-12-09T14:12:19","modified_gmt":"2025-12-09T12:12:19","slug":"microfibre-alcudia","status":"publish","type":"product","link":"https:\/\/terretabarefoot.com\/fr\/producto\/alcudia-microfibra\/","title":{"rendered":"Microfibre Alcudia"},"content":{"rendered":"<p><strong>En forme de pied<\/strong>\u00a0\u2013 Un espace pour les orteils anatomique respectant la forme de votre pied<\/p>\n<p><strong>Drop Zero<\/strong>\u00a0\u00a0\u2013 Con\u00e7ues pour maintenir vos pieds dans une position naturelle, sans inclinaison, favorisant ainsi des mouvements plus sains.<\/p>\n<p><strong>L\u00e9ger<\/strong>\u00a0\u2013 Extr\u00eamement l\u00e9ger pour faciliter votre mobilit\u00e9 et votre confort \u00e0 chaque pas.<\/p>\n<p><strong>Mod\u00e8le plat<\/strong>\u00a0\u2013 Notre semelle int\u00e9rieure plate de 4 millim\u00e8tres est id\u00e9ale pour s&#039;adapter \u00e0 la forme naturelle de votre pied sans n\u00e9cessiter de r\u00e9glages suppl\u00e9mentaires.<\/p>","protected":false},"excerpt":{"rendered":"<p>Notre basket la plus abordable \u00e0 un prix incroyable, et en plus elle est v\u00e9gane.<\/p>\n<ul>\n<li>Fabriqu\u00e9 en coton 100%.<\/li>\n<li>Doublure en coton 100%.<\/li>\n<li>Semelle TR de 4 mm<\/li>\n<li>fermeture \u00e0 lacets<\/li>\n<\/ul>\n<p>Nos chaussures ne sont pas seulement fabriqu\u00e9es \u00e0 Elche (Alicante), mais nous faisons \u00e9galement appel exclusivement \u00e0 des fournisseurs locaux pour leur fabrication.<\/p>","protected":false},"featured_media":4259,"template":"","meta":[],"etheme_brands":[],"product_brand":[],"product_cat":[167,168],"product_tag":[],"class_list":{"0":"post-4250","1":"product","2":"type-product","3":"status-publish","4":"has-post-thumbnail","6":"product_cat-sneakers","7":"product_cat-veganos","8":"pa_talla-73","9":"pa_talla-74","10":"pa_talla-75","11":"pa_talla-77","12":"pa_talla-78","13":"pa_talla-79","14":"pa_talla-80","15":"pa_talla-81","16":"pa_talla-82","17":"pa_talla-83","19":"first","20":"instock","21":"taxable","22":"shipping-taxable","23":"purchasable","24":"product-type-variable"},"yoast_head":"<!-- This site is optimized with the Yoast SEO plugin v27.2 - https:\/\/yoast.com\/product\/yoast-seo-wordpress\/ -->\n<title>Alcudia Microfibra - Terreta barefoot<\/title>\n<meta name=\"robots\" content=\"index, follow, max-snippet:-1, max-image-preview:large, max-video-preview:-1\" \/>\n<link rel=\"canonical\" href=\"https:\/\/terretabarefoot.com\/fr\/produit\/microfibre-alcudia\/\" \/>\n<meta property=\"og:locale\" content=\"fr_FR\" \/>\n<meta property=\"og:type\" content=\"article\" \/>\n<meta property=\"og:title\" content=\"Alcudia Microfibra - Terreta barefoot\" \/>\n<meta property=\"og:description\" content=\"Nuestro Sneaker m\u00e1s accesible a un precio incre\u00edble, adem\u00e1s es vegano.   Fabricado en algod\u00f3n 100%.  Forro de Algod\u00f3n 100%.  Suela Tr de 4mm  cierre con cordones  Nuestras zapatillas no solo se fabrican en Elche (Alicante) adem\u00e1s para fabricarlos solo utilizamos proveedores locales.\" \/>\n<meta property=\"og:url\" content=\"https:\/\/terretabarefoot.com\/fr\/produit\/microfibre-alcudia\/\" \/>\n<meta property=\"og:site_name\" content=\"Terreta barefoot\" \/>\n<meta property=\"article:modified_time\" content=\"2025-12-09T12:12:19+00:00\" \/>\n<meta property=\"og:image\" content=\"https:\/\/terretabarefoot.com\/wp-content\/uploads\/2025\/03\/alcudia-micro-blanco-rosa-scaled.jpg\" \/>\n\t<meta property=\"og:image:width\" content=\"2560\" \/>\n\t<meta property=\"og:image:height\" content=\"1885\" \/>\n\t<meta property=\"og:image:type\" content=\"image\/jpeg\" \/>\n<meta name=\"twitter:card\" content=\"summary_large_image\" \/>\n<meta name=\"twitter:label1\" content=\"Tiempo de lectura\" \/>\n\t<meta name=\"twitter:data1\" content=\"1 minuto\" \/>\n<script type=\"application\/ld+json\" class=\"yoast-schema-graph\">{\"@context\":\"https:\/\/schema.org\",\"@graph\":[{\"@type\":\"WebPage\",\"@id\":\"https:\/\/terretabarefoot.com\/producto\/alcudia-microfibra\/\",\"url\":\"https:\/\/terretabarefoot.com\/producto\/alcudia-microfibra\/\",\"name\":\"Alcudia Microfibra - Terreta barefoot\",\"isPartOf\":{\"@id\":\"https:\/\/terretabarefoot.com\/#website\"},\"primaryImageOfPage\":{\"@id\":\"https:\/\/terretabarefoot.com\/producto\/alcudia-microfibra\/#primaryimage\"},\"image\":{\"@id\":\"https:\/\/terretabarefoot.com\/producto\/alcudia-microfibra\/#primaryimage\"},\"thumbnailUrl\":\"https:\/\/terretabarefoot.com\/wp-content\/uploads\/2025\/03\/alcudia-micro-blanco-rosa-scaled.jpg\",\"datePublished\":\"2025-03-07T09:44:45+00:00\",\"dateModified\":\"2025-12-09T12:12:19+00:00\",\"breadcrumb\":{\"@id\":\"https:\/\/terretabarefoot.com\/producto\/alcudia-microfibra\/#breadcrumb\"},\"inLanguage\":\"es\",\"potentialAction\":[{\"@type\":\"ReadAction\",\"target\":[\"https:\/\/terretabarefoot.com\/producto\/alcudia-microfibra\/\"]}]},{\"@type\":\"ImageObject\",\"inLanguage\":\"es\",\"@id\":\"https:\/\/terretabarefoot.com\/producto\/alcudia-microfibra\/#primaryimage\",\"url\":\"https:\/\/terretabarefoot.com\/wp-content\/uploads\/2025\/03\/alcudia-micro-blanco-rosa-scaled.jpg\",\"contentUrl\":\"https:\/\/terretabarefoot.com\/wp-content\/uploads\/2025\/03\/alcudia-micro-blanco-rosa-scaled.jpg\",\"width\":2560,\"height\":1885},{\"@type\":\"BreadcrumbList\",\"@id\":\"https:\/\/terretabarefoot.com\/producto\/alcudia-microfibra\/#breadcrumb\",\"itemListElement\":[{\"@type\":\"ListItem\",\"position\":1,\"name\":\"Portada\",\"item\":\"https:\/\/terretabarefoot.com\/\"},{\"@type\":\"ListItem\",\"position\":2,\"name\":\"Tienda\",\"item\":\"https:\/\/terretabarefoot.com\/tienda\/\"},{\"@type\":\"ListItem\",\"position\":3,\"name\":\"Alcudia Microfibra\"}]},{\"@type\":\"WebSite\",\"@id\":\"https:\/\/terretabarefoot.com\/#website\",\"url\":\"https:\/\/terretabarefoot.com\/\",\"name\":\"Terreta barefoot\",\"description\":\"It\u00b4s barefoot time :-)\",\"publisher\":{\"@id\":\"https:\/\/terretabarefoot.com\/#organization\"},\"potentialAction\":[{\"@type\":\"SearchAction\",\"target\":{\"@type\":\"EntryPoint\",\"urlTemplate\":\"https:\/\/terretabarefoot.com\/?s={search_term_string}\"},\"query-input\":{\"@type\":\"PropertyValueSpecification\",\"valueRequired\":true,\"valueName\":\"search_term_string\"}}],\"inLanguage\":\"es\"},{\"@type\":\"Organization\",\"@id\":\"https:\/\/terretabarefoot.com\/#organization\",\"name\":\"Terreta barefoot\",\"url\":\"https:\/\/terretabarefoot.com\/\",\"logo\":{\"@type\":\"ImageObject\",\"inLanguage\":\"es\",\"@id\":\"https:\/\/terretabarefoot.com\/#\/schema\/logo\/image\/\",\"url\":\"https:\/\/terretabarefoot.com\/wp-content\/uploads\/2023\/11\/895f73df-647a-4039-ad35-2894cebe7370.png\",\"contentUrl\":\"https:\/\/terretabarefoot.com\/wp-content\/uploads\/2023\/11\/895f73df-647a-4039-ad35-2894cebe7370.png\",\"width\":150,\"height\":99,\"caption\":\"Terreta barefoot\"},\"image\":{\"@id\":\"https:\/\/terretabarefoot.com\/#\/schema\/logo\/image\/\"}}]}<\/script>\n<!-- \/ Yoast SEO plugin. -->","yoast_head_json":{"title":"Alcudia Microfibre - Terreta pieds nus","robots":{"index":"index","follow":"follow","max-snippet":"max-snippet:-1","max-image-preview":"max-image-preview:large","max-video-preview":"max-video-preview:-1"},"canonical":"https:\/\/terretabarefoot.com\/fr\/produit\/microfibre-alcudia\/","og_locale":"fr_FR","og_type":"article","og_title":"Alcudia Microfibra - Terreta barefoot","og_description":"Nuestro Sneaker m\u00e1s accesible a un precio incre\u00edble, adem\u00e1s es vegano.   Fabricado en algod\u00f3n 100%.  Forro de Algod\u00f3n 100%.  Suela Tr de 4mm  cierre con cordones  Nuestras zapatillas no solo se fabrican en Elche (Alicante) adem\u00e1s para fabricarlos solo utilizamos proveedores locales.","og_url":"https:\/\/terretabarefoot.com\/fr\/produit\/microfibre-alcudia\/","og_site_name":"Terreta barefoot","article_modified_time":"2025-12-09T12:12:19+00:00","og_image":[{"width":2560,"height":1885,"url":"https:\/\/terretabarefoot.com\/wp-content\/uploads\/2025\/03\/alcudia-micro-blanco-rosa-scaled.jpg","type":"image\/jpeg"}],"twitter_card":"summary_large_image","twitter_misc":{"Tiempo de lectura":"1 minuto"},"schema":{"@context":"https:\/\/schema.org","@graph":[{"@type":"WebPage","@id":"https:\/\/terretabarefoot.com\/producto\/alcudia-microfibra\/","url":"https:\/\/terretabarefoot.com\/producto\/alcudia-microfibra\/","name":"Alcudia Microfibre - Terreta pieds nus","isPartOf":{"@id":"https:\/\/terretabarefoot.com\/#website"},"primaryImageOfPage":{"@id":"https:\/\/terretabarefoot.com\/producto\/alcudia-microfibra\/#primaryimage"},"image":{"@id":"https:\/\/terretabarefoot.com\/producto\/alcudia-microfibra\/#primaryimage"},"thumbnailUrl":"https:\/\/terretabarefoot.com\/wp-content\/uploads\/2025\/03\/alcudia-micro-blanco-rosa-scaled.jpg","datePublished":"2025-03-07T09:44:45+00:00","dateModified":"2025-12-09T12:12:19+00:00","breadcrumb":{"@id":"https:\/\/terretabarefoot.com\/producto\/alcudia-microfibra\/#breadcrumb"},"inLanguage":"es","potentialAction":[{"@type":"ReadAction","target":["https:\/\/terretabarefoot.com\/producto\/alcudia-microfibra\/"]}]},{"@type":"ImageObject","inLanguage":"es","@id":"https:\/\/terretabarefoot.com\/producto\/alcudia-microfibra\/#primaryimage","url":"https:\/\/terretabarefoot.com\/wp-content\/uploads\/2025\/03\/alcudia-micro-blanco-rosa-scaled.jpg","contentUrl":"https:\/\/terretabarefoot.com\/wp-content\/uploads\/2025\/03\/alcudia-micro-blanco-rosa-scaled.jpg","width":2560,"height":1885},{"@type":"BreadcrumbList","@id":"https:\/\/terretabarefoot.com\/producto\/alcudia-microfibra\/#breadcrumb","itemListElement":[{"@type":"ListItem","position":1,"name":"Portada","item":"https:\/\/terretabarefoot.com\/"},{"@type":"ListItem","position":2,"name":"Tienda","item":"https:\/\/terretabarefoot.com\/tienda\/"},{"@type":"ListItem","position":3,"name":"Alcudia Microfibra"}]},{"@type":"WebSite","@id":"https:\/\/terretabarefoot.com\/#website","url":"https:\/\/terretabarefoot.com\/","name":"Terreta pieds nus","description":"C&#039;est l&#039;heure de marcher pieds nus :-)","publisher":{"@id":"https:\/\/terretabarefoot.com\/#organization"},"potentialAction":[{"@type":"SearchAction","target":{"@type":"EntryPoint","urlTemplate":"https:\/\/terretabarefoot.com\/?s={search_term_string}"},"query-input":{"@type":"PropertyValueSpecification","valueRequired":true,"valueName":"search_term_string"}}],"inLanguage":"es"},{"@type":"Organization","@id":"https:\/\/terretabarefoot.com\/#organization","name":"Terreta pieds nus","url":"https:\/\/terretabarefoot.com\/","logo":{"@type":"ImageObject","inLanguage":"es","@id":"https:\/\/terretabarefoot.com\/#\/schema\/logo\/image\/","url":"https:\/\/terretabarefoot.com\/wp-content\/uploads\/2023\/11\/895f73df-647a-4039-ad35-2894cebe7370.png","contentUrl":"https:\/\/terretabarefoot.com\/wp-content\/uploads\/2023\/11\/895f73df-647a-4039-ad35-2894cebe7370.png","width":150,"height":99,"caption":"Terreta barefoot"},"image":{"@id":"https:\/\/terretabarefoot.com\/#\/schema\/logo\/image\/"}}]}},"_links":{"self":[{"href":"https:\/\/terretabarefoot.com\/fr\/wp-json\/wp\/v2\/product\/4250","targetHints":{"allow":["GET"]}}],"collection":[{"href":"https:\/\/terretabarefoot.com\/fr\/wp-json\/wp\/v2\/product"}],"about":[{"href":"https:\/\/terretabarefoot.com\/fr\/wp-json\/wp\/v2\/types\/product"}],"wp:featuredmedia":[{"embeddable":true,"href":"https:\/\/terretabarefoot.com\/fr\/wp-json\/wp\/v2\/media\/4259"}],"wp:attachment":[{"href":"https:\/\/terretabarefoot.com\/fr\/wp-json\/wp\/v2\/media?parent=4250"}],"wp:term":[{"taxonomy":"brand","embeddable":true,"href":"https:\/\/terretabarefoot.com\/fr\/wp-json\/wp\/v2\/etheme_brands?post=4250"},{"taxonomy":"product_brand","embeddable":true,"href":"https:\/\/terretabarefoot.com\/fr\/wp-json\/wp\/v2\/product_brand?post=4250"},{"taxonomy":"product_cat","embeddable":true,"href":"https:\/\/terretabarefoot.com\/fr\/wp-json\/wp\/v2\/product_cat?post=4250"},{"taxonomy":"product_tag","embeddable":true,"href":"https:\/\/terretabarefoot.com\/fr\/wp-json\/wp\/v2\/product_tag?post=4250"}],"curies":[{"name":"wp","href":"https:\/\/api.w.org\/{rel}","templated":true}]}}