{"id":4292,"date":"2025-03-07T12:18:59","date_gmt":"2025-03-07T10:18:59","guid":{"rendered":"https:\/\/terretabarefoot.com\/?post_type=product&#038;p=4292"},"modified":"2026-04-03T21:35:14","modified_gmt":"2026-04-03T19:35:14","slug":"microfibre-altamira","status":"publish","type":"product","link":"https:\/\/terretabarefoot.com\/fr\/producto\/altamira-microfibra\/","title":{"rendered":"microfibre Altamira"},"content":{"rendered":"<p><strong><span style=\"vertical-align: inherit;\"><span style=\"vertical-align: inherit;\">En forme de pied<\/span><\/span><\/strong><span style=\"vertical-align: inherit;\"><span style=\"vertical-align: inherit;\"> \u00a0\u2013 Un espace pour les orteils anatomique respectant la forme de votre pied<\/span><\/span><\/p>\n<p><strong><span style=\"vertical-align: inherit;\"><span style=\"vertical-align: inherit;\">Drop Zero<\/span><\/span><\/strong><span style=\"vertical-align: inherit;\"><span style=\"vertical-align: inherit;\"> \u00a0\u2013 Con\u00e7ues pour maintenir vos pieds dans une position naturelle, sans inclinaison, favorisant ainsi des mouvements plus sains.<\/span><\/span><\/p>\n<p><strong><span style=\"vertical-align: inherit;\"><span style=\"vertical-align: inherit;\">L\u00e9ger<\/span><\/span><\/strong><span style=\"vertical-align: inherit;\"><span style=\"vertical-align: inherit;\"> \u00a0\u2013 Extr\u00eamement l\u00e9ger pour faciliter votre mobilit\u00e9 et votre confort \u00e0 chaque pas.<\/span><\/span><\/p>\n<p><strong><span style=\"vertical-align: inherit;\"><span style=\"vertical-align: inherit;\">Mod\u00e8le plat<\/span><\/span><\/strong><span style=\"vertical-align: inherit;\"><span style=\"vertical-align: inherit;\"> \u00a0\u2013 Notre semelle int\u00e9rieure est fine et plate, id\u00e9ale pour s&#039;adapter \u00e0 la forme naturelle de votre pied sans n\u00e9cessiter de r\u00e9glages suppl\u00e9mentaires.<\/span><\/span><\/p>","protected":false},"excerpt":{"rendered":"<p><span style=\"vertical-align: inherit;\"><span style=\"vertical-align: inherit;\">Les mocassins les plus confortables que vous puissiez imaginer, m\u00eame forme et m\u00eame semelle que nos baskets.<\/span><\/span><\/p>\n<p><span style=\"vertical-align: inherit;\"><span style=\"vertical-align: inherit;\">important:<\/span><\/span><\/p>\n<p><strong><span style=\"vertical-align: inherit; color: #ff0000;\"><span style=\"vertical-align: inherit;\">Convient uniquement aux pieds larges et volumineux, ne convient pas aux pieds \u00e9troits\/fins.<\/span><\/span><\/strong><span style=\"vertical-align: inherit;\"><span style=\"vertical-align: inherit;\">.<\/span><\/span><\/p>\n<ul>\n<li><span style=\"vertical-align: inherit;\"><span style=\"vertical-align: inherit;\">Fabriqu\u00e9 en microfibre.<\/span><\/span><\/li>\n<li><span style=\"vertical-align: inherit;\"><span style=\"vertical-align: inherit;\">Doublure en fibre de bambou 100%.<\/span><\/span><\/li>\n<li><span style=\"vertical-align: inherit;\"><span style=\"vertical-align: inherit;\">Semelle TR de 4 mm.<\/span><\/span><\/li>\n<\/ul>\n<p><span style=\"vertical-align: inherit;\"><span style=\"vertical-align: inherit;\">Ces mocassins sont non seulement fabriqu\u00e9s \u00e0 Elche (Alicante), mais nous faisons \u00e9galement appel exclusivement \u00e0 des fournisseurs locaux pour leur fabrication.<\/span><\/span><\/p>","protected":false},"featured_media":4311,"template":"","meta":[],"etheme_brands":[],"product_brand":[],"product_cat":[174,168],"product_tag":[],"class_list":{"0":"post-4292","1":"product","2":"type-product","3":"status-publish","4":"has-post-thumbnail","6":"product_cat-mocasines","7":"product_cat-veganos","8":"pa_talla-73","9":"pa_talla-74","10":"pa_talla-75","11":"pa_talla-77","12":"pa_talla-78","13":"pa_talla-79","15":"first","16":"instock","17":"taxable","18":"shipping-taxable","19":"purchasable","20":"product-type-variable"},"yoast_head":"<!-- This site is optimized with the Yoast SEO plugin v27.2 - https:\/\/yoast.com\/product\/yoast-seo-wordpress\/ -->\n<title>Altamira microfibra - Terreta barefoot<\/title>\n<meta name=\"robots\" content=\"index, follow, max-snippet:-1, max-image-preview:large, max-video-preview:-1\" \/>\n<link rel=\"canonical\" href=\"https:\/\/terretabarefoot.com\/fr\/produit\/microfibre-altamira\/\" \/>\n<meta property=\"og:locale\" content=\"fr_FR\" \/>\n<meta property=\"og:type\" content=\"article\" \/>\n<meta property=\"og:title\" content=\"Altamira microfibra - Terreta barefoot\" \/>\n<meta property=\"og:description\" content=\"Los mocasines m\u00e1s c\u00f3modos que te puedes imaginar, misma horma y mismo piso que nuestras zapatillas.  importante:  SOLO VALIDOS PARA PIES ANCHOS Y CON VOLUMEN,NO VALIDOS PARA PIES ESTRECHOS\/FINOS.   Fabricado en microfibra.  Forro de fibras de bamb\u00fa 100%.  Suela Tr de 4 mil\u00edmetros.  Estos mocasines no solo se fabrican en Elche (Alicante) adem\u00e1s para fabricarlos solo utilizamos proveedores locales.\" \/>\n<meta property=\"og:url\" content=\"https:\/\/terretabarefoot.com\/fr\/produit\/microfibre-altamira\/\" \/>\n<meta property=\"og:site_name\" content=\"Terreta barefoot\" \/>\n<meta property=\"article:modified_time\" content=\"2026-04-03T19:35:14+00:00\" \/>\n<meta property=\"og:image\" content=\"https:\/\/terretabarefoot.com\/wp-content\/uploads\/2025\/03\/altamira-antifaz-plastico-negro.jpg\" \/>\n\t<meta property=\"og:image:width\" content=\"1684\" \/>\n\t<meta property=\"og:image:height\" content=\"1097\" \/>\n\t<meta property=\"og:image:type\" content=\"image\/jpeg\" \/>\n<meta name=\"twitter:card\" content=\"summary_large_image\" \/>\n<meta name=\"twitter:label1\" content=\"Tiempo de lectura\" \/>\n\t<meta name=\"twitter:data1\" content=\"1 minuto\" \/>\n<script type=\"application\/ld+json\" class=\"yoast-schema-graph\">{\"@context\":\"https:\/\/schema.org\",\"@graph\":[{\"@type\":\"WebPage\",\"@id\":\"https:\/\/terretabarefoot.com\/producto\/altamira-microfibra\/\",\"url\":\"https:\/\/terretabarefoot.com\/producto\/altamira-microfibra\/\",\"name\":\"Altamira microfibra - Terreta barefoot\",\"isPartOf\":{\"@id\":\"https:\/\/terretabarefoot.com\/#website\"},\"primaryImageOfPage\":{\"@id\":\"https:\/\/terretabarefoot.com\/producto\/altamira-microfibra\/#primaryimage\"},\"image\":{\"@id\":\"https:\/\/terretabarefoot.com\/producto\/altamira-microfibra\/#primaryimage\"},\"thumbnailUrl\":\"https:\/\/terretabarefoot.com\/wp-content\/uploads\/2025\/03\/altamira-antifaz-plastico-negro.jpg\",\"datePublished\":\"2025-03-07T10:18:59+00:00\",\"dateModified\":\"2026-04-03T19:35:14+00:00\",\"breadcrumb\":{\"@id\":\"https:\/\/terretabarefoot.com\/producto\/altamira-microfibra\/#breadcrumb\"},\"inLanguage\":\"es\",\"potentialAction\":[{\"@type\":\"ReadAction\",\"target\":[\"https:\/\/terretabarefoot.com\/producto\/altamira-microfibra\/\"]}]},{\"@type\":\"ImageObject\",\"inLanguage\":\"es\",\"@id\":\"https:\/\/terretabarefoot.com\/producto\/altamira-microfibra\/#primaryimage\",\"url\":\"https:\/\/terretabarefoot.com\/wp-content\/uploads\/2025\/03\/altamira-antifaz-plastico-negro.jpg\",\"contentUrl\":\"https:\/\/terretabarefoot.com\/wp-content\/uploads\/2025\/03\/altamira-antifaz-plastico-negro.jpg\",\"width\":1684,\"height\":1097},{\"@type\":\"BreadcrumbList\",\"@id\":\"https:\/\/terretabarefoot.com\/producto\/altamira-microfibra\/#breadcrumb\",\"itemListElement\":[{\"@type\":\"ListItem\",\"position\":1,\"name\":\"Portada\",\"item\":\"https:\/\/terretabarefoot.com\/\"},{\"@type\":\"ListItem\",\"position\":2,\"name\":\"Tienda\",\"item\":\"https:\/\/terretabarefoot.com\/tienda\/\"},{\"@type\":\"ListItem\",\"position\":3,\"name\":\"Altamira microfibra\"}]},{\"@type\":\"WebSite\",\"@id\":\"https:\/\/terretabarefoot.com\/#website\",\"url\":\"https:\/\/terretabarefoot.com\/\",\"name\":\"Terreta barefoot\",\"description\":\"It\u00b4s barefoot time :-)\",\"publisher\":{\"@id\":\"https:\/\/terretabarefoot.com\/#organization\"},\"potentialAction\":[{\"@type\":\"SearchAction\",\"target\":{\"@type\":\"EntryPoint\",\"urlTemplate\":\"https:\/\/terretabarefoot.com\/?s={search_term_string}\"},\"query-input\":{\"@type\":\"PropertyValueSpecification\",\"valueRequired\":true,\"valueName\":\"search_term_string\"}}],\"inLanguage\":\"es\"},{\"@type\":\"Organization\",\"@id\":\"https:\/\/terretabarefoot.com\/#organization\",\"name\":\"Terreta barefoot\",\"url\":\"https:\/\/terretabarefoot.com\/\",\"logo\":{\"@type\":\"ImageObject\",\"inLanguage\":\"es\",\"@id\":\"https:\/\/terretabarefoot.com\/#\/schema\/logo\/image\/\",\"url\":\"https:\/\/terretabarefoot.com\/wp-content\/uploads\/2023\/11\/895f73df-647a-4039-ad35-2894cebe7370.png\",\"contentUrl\":\"https:\/\/terretabarefoot.com\/wp-content\/uploads\/2023\/11\/895f73df-647a-4039-ad35-2894cebe7370.png\",\"width\":150,\"height\":99,\"caption\":\"Terreta barefoot\"},\"image\":{\"@id\":\"https:\/\/terretabarefoot.com\/#\/schema\/logo\/image\/\"}}]}<\/script>\n<!-- \/ Yoast SEO plugin. -->","yoast_head_json":{"title":"Microfibre Altamira - Terreta pieds nus","robots":{"index":"index","follow":"follow","max-snippet":"max-snippet:-1","max-image-preview":"max-image-preview:large","max-video-preview":"max-video-preview:-1"},"canonical":"https:\/\/terretabarefoot.com\/fr\/produit\/microfibre-altamira\/","og_locale":"fr_FR","og_type":"article","og_title":"Altamira microfibra - Terreta barefoot","og_description":"Los mocasines m\u00e1s c\u00f3modos que te puedes imaginar, misma horma y mismo piso que nuestras zapatillas.  importante:  SOLO VALIDOS PARA PIES ANCHOS Y CON VOLUMEN,NO VALIDOS PARA PIES ESTRECHOS\/FINOS.   Fabricado en microfibra.  Forro de fibras de bamb\u00fa 100%.  Suela Tr de 4 mil\u00edmetros.  Estos mocasines no solo se fabrican en Elche (Alicante) adem\u00e1s para fabricarlos solo utilizamos proveedores locales.","og_url":"https:\/\/terretabarefoot.com\/fr\/produit\/microfibre-altamira\/","og_site_name":"Terreta barefoot","article_modified_time":"2026-04-03T19:35:14+00:00","og_image":[{"width":1684,"height":1097,"url":"https:\/\/terretabarefoot.com\/wp-content\/uploads\/2025\/03\/altamira-antifaz-plastico-negro.jpg","type":"image\/jpeg"}],"twitter_card":"summary_large_image","twitter_misc":{"Tiempo de lectura":"1 minuto"},"schema":{"@context":"https:\/\/schema.org","@graph":[{"@type":"WebPage","@id":"https:\/\/terretabarefoot.com\/producto\/altamira-microfibra\/","url":"https:\/\/terretabarefoot.com\/producto\/altamira-microfibra\/","name":"Microfibre Altamira - Terreta pieds nus","isPartOf":{"@id":"https:\/\/terretabarefoot.com\/#website"},"primaryImageOfPage":{"@id":"https:\/\/terretabarefoot.com\/producto\/altamira-microfibra\/#primaryimage"},"image":{"@id":"https:\/\/terretabarefoot.com\/producto\/altamira-microfibra\/#primaryimage"},"thumbnailUrl":"https:\/\/terretabarefoot.com\/wp-content\/uploads\/2025\/03\/altamira-antifaz-plastico-negro.jpg","datePublished":"2025-03-07T10:18:59+00:00","dateModified":"2026-04-03T19:35:14+00:00","breadcrumb":{"@id":"https:\/\/terretabarefoot.com\/producto\/altamira-microfibra\/#breadcrumb"},"inLanguage":"es","potentialAction":[{"@type":"ReadAction","target":["https:\/\/terretabarefoot.com\/producto\/altamira-microfibra\/"]}]},{"@type":"ImageObject","inLanguage":"es","@id":"https:\/\/terretabarefoot.com\/producto\/altamira-microfibra\/#primaryimage","url":"https:\/\/terretabarefoot.com\/wp-content\/uploads\/2025\/03\/altamira-antifaz-plastico-negro.jpg","contentUrl":"https:\/\/terretabarefoot.com\/wp-content\/uploads\/2025\/03\/altamira-antifaz-plastico-negro.jpg","width":1684,"height":1097},{"@type":"BreadcrumbList","@id":"https:\/\/terretabarefoot.com\/producto\/altamira-microfibra\/#breadcrumb","itemListElement":[{"@type":"ListItem","position":1,"name":"Portada","item":"https:\/\/terretabarefoot.com\/"},{"@type":"ListItem","position":2,"name":"Tienda","item":"https:\/\/terretabarefoot.com\/tienda\/"},{"@type":"ListItem","position":3,"name":"Altamira microfibra"}]},{"@type":"WebSite","@id":"https:\/\/terretabarefoot.com\/#website","url":"https:\/\/terretabarefoot.com\/","name":"Terreta pieds nus","description":"C&#039;est l&#039;heure de marcher pieds nus :-)","publisher":{"@id":"https:\/\/terretabarefoot.com\/#organization"},"potentialAction":[{"@type":"SearchAction","target":{"@type":"EntryPoint","urlTemplate":"https:\/\/terretabarefoot.com\/?s={search_term_string}"},"query-input":{"@type":"PropertyValueSpecification","valueRequired":true,"valueName":"search_term_string"}}],"inLanguage":"es"},{"@type":"Organization","@id":"https:\/\/terretabarefoot.com\/#organization","name":"Terreta pieds nus","url":"https:\/\/terretabarefoot.com\/","logo":{"@type":"ImageObject","inLanguage":"es","@id":"https:\/\/terretabarefoot.com\/#\/schema\/logo\/image\/","url":"https:\/\/terretabarefoot.com\/wp-content\/uploads\/2023\/11\/895f73df-647a-4039-ad35-2894cebe7370.png","contentUrl":"https:\/\/terretabarefoot.com\/wp-content\/uploads\/2023\/11\/895f73df-647a-4039-ad35-2894cebe7370.png","width":150,"height":99,"caption":"Terreta barefoot"},"image":{"@id":"https:\/\/terretabarefoot.com\/#\/schema\/logo\/image\/"}}]}},"_links":{"self":[{"href":"https:\/\/terretabarefoot.com\/fr\/wp-json\/wp\/v2\/product\/4292","targetHints":{"allow":["GET"]}}],"collection":[{"href":"https:\/\/terretabarefoot.com\/fr\/wp-json\/wp\/v2\/product"}],"about":[{"href":"https:\/\/terretabarefoot.com\/fr\/wp-json\/wp\/v2\/types\/product"}],"wp:featuredmedia":[{"embeddable":true,"href":"https:\/\/terretabarefoot.com\/fr\/wp-json\/wp\/v2\/media\/4311"}],"wp:attachment":[{"href":"https:\/\/terretabarefoot.com\/fr\/wp-json\/wp\/v2\/media?parent=4292"}],"wp:term":[{"taxonomy":"brand","embeddable":true,"href":"https:\/\/terretabarefoot.com\/fr\/wp-json\/wp\/v2\/etheme_brands?post=4292"},{"taxonomy":"product_brand","embeddable":true,"href":"https:\/\/terretabarefoot.com\/fr\/wp-json\/wp\/v2\/product_brand?post=4292"},{"taxonomy":"product_cat","embeddable":true,"href":"https:\/\/terretabarefoot.com\/fr\/wp-json\/wp\/v2\/product_cat?post=4292"},{"taxonomy":"product_tag","embeddable":true,"href":"https:\/\/terretabarefoot.com\/fr\/wp-json\/wp\/v2\/product_tag?post=4292"}],"curies":[{"name":"wp","href":"https:\/\/api.w.org\/{rel}","templated":true}]}}