{"id":5594,"date":"2025-05-02T14:23:10","date_gmt":"2025-05-02T12:23:10","guid":{"rendered":"https:\/\/terretabarefoot.com\/?post_type=product&#038;p=5594"},"modified":"2025-11-05T19:34:06","modified_gmt":"2025-11-05T17:34:06","slug":"sandale-de-salinas","status":"publish","type":"product","link":"https:\/\/terretabarefoot.com\/fr\/producto\/sandalia-salinas\/","title":{"rendered":"Sandale Salinas"},"content":{"rendered":"<p class=\"\" data-start=\"279\" data-end=\"504\">\ud83e\uddb6 <strong data-start=\"282\" data-end=\"340\">Zone des orteils anatomique \u2013 Respecte la forme naturelle de votre pied<\/strong><br data-start=\"340\" data-end=\"343\" \/>Con\u00e7u avec une forme <strong data-start=\"366\" data-end=\"388\">large et ergonomique<\/strong>, L&#039;espace pr\u00e9vu pour les orteils permet \u00e0 ces derniers de s&#039;\u00e9tendre librement, offrant un confort maximal et \u00e9vitant toute pression inutile.<\/p>\n<p class=\"\" data-start=\"506\" data-end=\"718\">\u2195\ufe0f <strong data-start=\"509\" data-end=\"559\">Z\u00e9ro chute \u2013 Mouvement naturel sans inclinaison<\/strong><br data-start=\"559\" data-end=\"562\" \/>La semelle \u00e0 drop z\u00e9ro maintient le talon et les orteils \u00e0 la m\u00eame hauteur, favorisant ainsi une foul\u00e9e plus stable. <strong data-start=\"661\" data-end=\"682\">posture saine<\/strong> et une foul\u00e9e plus naturelle et stable.<\/p>\n<p class=\"\" data-start=\"720\" data-end=\"911\">\ud83c\udf88 <strong data-start=\"723\" data-end=\"773\">L\u00e9g\u00e8ret\u00e9 \u2013 Une l\u00e9g\u00e8ret\u00e9 que vous remarquerez \u00e0 chaque pas<\/strong><br data-start=\"773\" data-end=\"776\" \/>Fabriqu\u00e9es avec des mat\u00e9riaux ultral\u00e9gers, les sandales <strong data-start=\"830\" data-end=\"841\">Salines<\/strong>\u00a0Ils vous accompagnent sans effort. Marchez plus librement, sans fardeaux inutiles.<\/p>\n<p class=\"\" data-start=\"913\" data-end=\"1132\">\u2728\u00a0<strong data-start=\"916\" data-end=\"973\">Semelle int\u00e9rieure fine et plate \u2013 Contact maximal avec le sol<\/strong><br data-start=\"973\" data-end=\"976\" \/><strong data-start=\"1020\" data-end=\"1057\">\u00a0Semelle fine de seulement 0,9 cm d&#039;\u00e9paisseur<\/strong>, y compris <strong data-start=\"1070\" data-end=\"1098\">0,2 cm d&#039;\u00e9ponge en gel<\/strong> pour plus de confort, <strong data-start=\"1054\" data-end=\"1075\">Sentez le sol<\/strong>, Il am\u00e9liore votre \u00e9quilibre et renforce vos pieds \u00e0 chaque utilisation.<\/p>","protected":false},"excerpt":{"rendered":"<p class=\"\" data-start=\"236\" data-end=\"565\">Le <strong data-start=\"239\" data-end=\"268\">sandale Salinas<\/strong> Il allie un design minimaliste \u00e0 une esth\u00e9tique chaleureuse et naturelle. Son ext\u00e9rieur est fait de <strong data-start=\"420\" data-end=\"450\">microfibre de haute qualit\u00e9<\/strong>, tandis que le <strong data-start=\"468\" data-end=\"492\">bande avant en jute<\/strong> Cela lui conf\u00e8re une touche artisanale qui se connecte \u00e0 l&#039;essence m\u00eame de l&#039;authenticit\u00e9.<\/p>\n<p class=\"\" data-start=\"567\" data-end=\"742\">\u00c0 l&#039;int\u00e9rieur, les deux <strong data-start=\"592\" data-end=\"616\">doublure comme la plante<\/strong> Ils sont fabriqu\u00e9s en <strong data-start=\"637\" data-end=\"657\">microfibre douce<\/strong>, Offrant une sensation agr\u00e9able et l\u00e9g\u00e8re, et sans composants d&#039;origine animale.<\/p>\n<p class=\"\" data-start=\"744\" data-end=\"907\">Le r\u00e9glage est effectu\u00e9 avec <strong data-start=\"769\" data-end=\"790\">velcro sur la pagaie<\/strong>, assurant un ajustement confortable et pr\u00e9cis, la boucle d\u00e9corative apporte une touche d&#039;\u00e9l\u00e9gance sans compromettre la fonctionnalit\u00e9.<\/p>\n<p data-start=\"744\" data-end=\"907\">Vous pouvez consulter ici notre guide des tailles\u00a0:<a href=\"https:\/\/terretabarefoot.com\/fr\/guide-des-tailles-de-sandales\/\"> VOIR<\/a><\/p>\n<p data-start=\"744\" data-end=\"907\">","protected":false},"featured_media":5597,"template":"","meta":[],"etheme_brands":[],"product_brand":[],"product_cat":[98],"product_tag":[],"class_list":{"0":"post-5594","1":"product","2":"type-product","3":"status-publish","4":"has-post-thumbnail","6":"product_cat-sandalias","7":"pa_talla-72","8":"pa_talla-99","9":"pa_talla-73","10":"pa_talla-74","11":"pa_talla-75","12":"pa_talla-77","13":"pa_talla-78","14":"pa_talla-79","15":"pa_talla-80","17":"first","18":"outofstock","19":"taxable","20":"shipping-taxable","21":"purchasable","22":"product-type-variable"},"yoast_head":"<!-- This site is optimized with the Yoast SEO plugin v27.2 - https:\/\/yoast.com\/product\/yoast-seo-wordpress\/ -->\n<title>Sandalia Salinas - Terreta barefoot<\/title>\n<meta name=\"robots\" content=\"index, follow, max-snippet:-1, max-image-preview:large, max-video-preview:-1\" \/>\n<link rel=\"canonical\" href=\"https:\/\/terretabarefoot.com\/fr\/produit\/sandale-de-salinas\/\" \/>\n<meta property=\"og:locale\" content=\"fr_FR\" \/>\n<meta property=\"og:type\" content=\"article\" \/>\n<meta property=\"og:title\" content=\"Sandalia Salinas - Terreta barefoot\" \/>\n<meta property=\"og:description\" content=\"La sandalia\u00a0 Salinas combina el dise\u00f1o minimalista con una est\u00e9tica c\u00e1lida y natural. Su exterior est\u00e1 fabricado en microfibra de alta calidad, mientras que la tira frontal en yute le aporta un toque artesanal que conecta con la esencia de lo aut\u00e9ntico. En su interior, tanto el forro como la planta est\u00e1n realizados en microfibra suave, ofreciendo una sensaci\u00f3n agradable, ligera y libre de componentes de origen animal. El ajuste se realiza con velcro en la pala, garantizando una sujeci\u00f3n c\u00f3moda y precisa. La hebilla decorativa aporta estilo sin interferir en la funcionalidad. Aqu\u00ed puedes consultar nuestra Gu\u00eda de tallas: VER\" \/>\n<meta property=\"og:url\" content=\"https:\/\/terretabarefoot.com\/fr\/produit\/sandale-de-salinas\/\" \/>\n<meta property=\"og:site_name\" content=\"Terreta barefoot\" \/>\n<meta property=\"article:modified_time\" content=\"2025-11-05T17:34:06+00:00\" \/>\n<meta property=\"og:image\" content=\"https:\/\/terretabarefoot.com\/wp-content\/uploads\/2025\/05\/Salinas-microfibra.jpg\" \/>\n\t<meta property=\"og:image:width\" content=\"1877\" \/>\n\t<meta property=\"og:image:height\" content=\"1720\" \/>\n\t<meta property=\"og:image:type\" content=\"image\/jpeg\" \/>\n<meta name=\"twitter:card\" content=\"summary_large_image\" \/>\n<meta name=\"twitter:label1\" content=\"Tiempo de lectura\" \/>\n\t<meta name=\"twitter:data1\" content=\"1 minuto\" \/>\n<script type=\"application\/ld+json\" class=\"yoast-schema-graph\">{\"@context\":\"https:\/\/schema.org\",\"@graph\":[{\"@type\":\"WebPage\",\"@id\":\"https:\/\/terretabarefoot.com\/producto\/sandalia-salinas\/\",\"url\":\"https:\/\/terretabarefoot.com\/producto\/sandalia-salinas\/\",\"name\":\"Sandalia Salinas - Terreta barefoot\",\"isPartOf\":{\"@id\":\"https:\/\/terretabarefoot.com\/#website\"},\"primaryImageOfPage\":{\"@id\":\"https:\/\/terretabarefoot.com\/producto\/sandalia-salinas\/#primaryimage\"},\"image\":{\"@id\":\"https:\/\/terretabarefoot.com\/producto\/sandalia-salinas\/#primaryimage\"},\"thumbnailUrl\":\"https:\/\/terretabarefoot.com\/wp-content\/uploads\/2025\/05\/Salinas-microfibra.jpg\",\"datePublished\":\"2025-05-02T12:23:10+00:00\",\"dateModified\":\"2025-11-05T17:34:06+00:00\",\"breadcrumb\":{\"@id\":\"https:\/\/terretabarefoot.com\/producto\/sandalia-salinas\/#breadcrumb\"},\"inLanguage\":\"es\",\"potentialAction\":[{\"@type\":\"ReadAction\",\"target\":[\"https:\/\/terretabarefoot.com\/producto\/sandalia-salinas\/\"]}]},{\"@type\":\"ImageObject\",\"inLanguage\":\"es\",\"@id\":\"https:\/\/terretabarefoot.com\/producto\/sandalia-salinas\/#primaryimage\",\"url\":\"https:\/\/terretabarefoot.com\/wp-content\/uploads\/2025\/05\/Salinas-microfibra.jpg\",\"contentUrl\":\"https:\/\/terretabarefoot.com\/wp-content\/uploads\/2025\/05\/Salinas-microfibra.jpg\",\"width\":1877,\"height\":1720},{\"@type\":\"BreadcrumbList\",\"@id\":\"https:\/\/terretabarefoot.com\/producto\/sandalia-salinas\/#breadcrumb\",\"itemListElement\":[{\"@type\":\"ListItem\",\"position\":1,\"name\":\"Portada\",\"item\":\"https:\/\/terretabarefoot.com\/\"},{\"@type\":\"ListItem\",\"position\":2,\"name\":\"Tienda\",\"item\":\"https:\/\/terretabarefoot.com\/tienda\/\"},{\"@type\":\"ListItem\",\"position\":3,\"name\":\"Sandalia Salinas\"}]},{\"@type\":\"WebSite\",\"@id\":\"https:\/\/terretabarefoot.com\/#website\",\"url\":\"https:\/\/terretabarefoot.com\/\",\"name\":\"Terreta barefoot\",\"description\":\"It\u00b4s barefoot time :-)\",\"publisher\":{\"@id\":\"https:\/\/terretabarefoot.com\/#organization\"},\"potentialAction\":[{\"@type\":\"SearchAction\",\"target\":{\"@type\":\"EntryPoint\",\"urlTemplate\":\"https:\/\/terretabarefoot.com\/?s={search_term_string}\"},\"query-input\":{\"@type\":\"PropertyValueSpecification\",\"valueRequired\":true,\"valueName\":\"search_term_string\"}}],\"inLanguage\":\"es\"},{\"@type\":\"Organization\",\"@id\":\"https:\/\/terretabarefoot.com\/#organization\",\"name\":\"Terreta barefoot\",\"url\":\"https:\/\/terretabarefoot.com\/\",\"logo\":{\"@type\":\"ImageObject\",\"inLanguage\":\"es\",\"@id\":\"https:\/\/terretabarefoot.com\/#\/schema\/logo\/image\/\",\"url\":\"https:\/\/terretabarefoot.com\/wp-content\/uploads\/2023\/11\/895f73df-647a-4039-ad35-2894cebe7370.png\",\"contentUrl\":\"https:\/\/terretabarefoot.com\/wp-content\/uploads\/2023\/11\/895f73df-647a-4039-ad35-2894cebe7370.png\",\"width\":150,\"height\":99,\"caption\":\"Terreta barefoot\"},\"image\":{\"@id\":\"https:\/\/terretabarefoot.com\/#\/schema\/logo\/image\/\"}}]}<\/script>\n<!-- \/ Yoast SEO plugin. -->","yoast_head_json":{"title":"Sandale Salinas - Terreta pieds nus","robots":{"index":"index","follow":"follow","max-snippet":"max-snippet:-1","max-image-preview":"max-image-preview:large","max-video-preview":"max-video-preview:-1"},"canonical":"https:\/\/terretabarefoot.com\/fr\/produit\/sandale-de-salinas\/","og_locale":"fr_FR","og_type":"article","og_title":"Sandalia Salinas - Terreta barefoot","og_description":"La sandalia\u00a0 Salinas combina el dise\u00f1o minimalista con una est\u00e9tica c\u00e1lida y natural. Su exterior est\u00e1 fabricado en microfibra de alta calidad, mientras que la tira frontal en yute le aporta un toque artesanal que conecta con la esencia de lo aut\u00e9ntico. En su interior, tanto el forro como la planta est\u00e1n realizados en microfibra suave, ofreciendo una sensaci\u00f3n agradable, ligera y libre de componentes de origen animal. El ajuste se realiza con velcro en la pala, garantizando una sujeci\u00f3n c\u00f3moda y precisa. La hebilla decorativa aporta estilo sin interferir en la funcionalidad. Aqu\u00ed puedes consultar nuestra Gu\u00eda de tallas: VER","og_url":"https:\/\/terretabarefoot.com\/fr\/produit\/sandale-de-salinas\/","og_site_name":"Terreta barefoot","article_modified_time":"2025-11-05T17:34:06+00:00","og_image":[{"width":1877,"height":1720,"url":"https:\/\/terretabarefoot.com\/wp-content\/uploads\/2025\/05\/Salinas-microfibra.jpg","type":"image\/jpeg"}],"twitter_card":"summary_large_image","twitter_misc":{"Tiempo de lectura":"1 minuto"},"schema":{"@context":"https:\/\/schema.org","@graph":[{"@type":"WebPage","@id":"https:\/\/terretabarefoot.com\/producto\/sandalia-salinas\/","url":"https:\/\/terretabarefoot.com\/producto\/sandalia-salinas\/","name":"Sandale Salinas - Terreta pieds nus","isPartOf":{"@id":"https:\/\/terretabarefoot.com\/#website"},"primaryImageOfPage":{"@id":"https:\/\/terretabarefoot.com\/producto\/sandalia-salinas\/#primaryimage"},"image":{"@id":"https:\/\/terretabarefoot.com\/producto\/sandalia-salinas\/#primaryimage"},"thumbnailUrl":"https:\/\/terretabarefoot.com\/wp-content\/uploads\/2025\/05\/Salinas-microfibra.jpg","datePublished":"2025-05-02T12:23:10+00:00","dateModified":"2025-11-05T17:34:06+00:00","breadcrumb":{"@id":"https:\/\/terretabarefoot.com\/producto\/sandalia-salinas\/#breadcrumb"},"inLanguage":"es","potentialAction":[{"@type":"ReadAction","target":["https:\/\/terretabarefoot.com\/producto\/sandalia-salinas\/"]}]},{"@type":"ImageObject","inLanguage":"es","@id":"https:\/\/terretabarefoot.com\/producto\/sandalia-salinas\/#primaryimage","url":"https:\/\/terretabarefoot.com\/wp-content\/uploads\/2025\/05\/Salinas-microfibra.jpg","contentUrl":"https:\/\/terretabarefoot.com\/wp-content\/uploads\/2025\/05\/Salinas-microfibra.jpg","width":1877,"height":1720},{"@type":"BreadcrumbList","@id":"https:\/\/terretabarefoot.com\/producto\/sandalia-salinas\/#breadcrumb","itemListElement":[{"@type":"ListItem","position":1,"name":"Portada","item":"https:\/\/terretabarefoot.com\/"},{"@type":"ListItem","position":2,"name":"Tienda","item":"https:\/\/terretabarefoot.com\/tienda\/"},{"@type":"ListItem","position":3,"name":"Sandalia Salinas"}]},{"@type":"WebSite","@id":"https:\/\/terretabarefoot.com\/#website","url":"https:\/\/terretabarefoot.com\/","name":"Terreta pieds nus","description":"C&#039;est l&#039;heure de marcher pieds nus :-)","publisher":{"@id":"https:\/\/terretabarefoot.com\/#organization"},"potentialAction":[{"@type":"SearchAction","target":{"@type":"EntryPoint","urlTemplate":"https:\/\/terretabarefoot.com\/?s={search_term_string}"},"query-input":{"@type":"PropertyValueSpecification","valueRequired":true,"valueName":"search_term_string"}}],"inLanguage":"es"},{"@type":"Organization","@id":"https:\/\/terretabarefoot.com\/#organization","name":"Terreta pieds nus","url":"https:\/\/terretabarefoot.com\/","logo":{"@type":"ImageObject","inLanguage":"es","@id":"https:\/\/terretabarefoot.com\/#\/schema\/logo\/image\/","url":"https:\/\/terretabarefoot.com\/wp-content\/uploads\/2023\/11\/895f73df-647a-4039-ad35-2894cebe7370.png","contentUrl":"https:\/\/terretabarefoot.com\/wp-content\/uploads\/2023\/11\/895f73df-647a-4039-ad35-2894cebe7370.png","width":150,"height":99,"caption":"Terreta barefoot"},"image":{"@id":"https:\/\/terretabarefoot.com\/#\/schema\/logo\/image\/"}}]}},"_links":{"self":[{"href":"https:\/\/terretabarefoot.com\/fr\/wp-json\/wp\/v2\/product\/5594","targetHints":{"allow":["GET"]}}],"collection":[{"href":"https:\/\/terretabarefoot.com\/fr\/wp-json\/wp\/v2\/product"}],"about":[{"href":"https:\/\/terretabarefoot.com\/fr\/wp-json\/wp\/v2\/types\/product"}],"wp:featuredmedia":[{"embeddable":true,"href":"https:\/\/terretabarefoot.com\/fr\/wp-json\/wp\/v2\/media\/5597"}],"wp:attachment":[{"href":"https:\/\/terretabarefoot.com\/fr\/wp-json\/wp\/v2\/media?parent=5594"}],"wp:term":[{"taxonomy":"brand","embeddable":true,"href":"https:\/\/terretabarefoot.com\/fr\/wp-json\/wp\/v2\/etheme_brands?post=5594"},{"taxonomy":"product_brand","embeddable":true,"href":"https:\/\/terretabarefoot.com\/fr\/wp-json\/wp\/v2\/product_brand?post=5594"},{"taxonomy":"product_cat","embeddable":true,"href":"https:\/\/terretabarefoot.com\/fr\/wp-json\/wp\/v2\/product_cat?post=5594"},{"taxonomy":"product_tag","embeddable":true,"href":"https:\/\/terretabarefoot.com\/fr\/wp-json\/wp\/v2\/product_tag?post=5594"}],"curies":[{"name":"wp","href":"https:\/\/api.w.org\/{rel}","templated":true}]}}