{"id":5614,"date":"2025-05-02T18:52:03","date_gmt":"2025-05-02T16:52:03","guid":{"rendered":"https:\/\/terretabarefoot.com\/?post_type=product&#038;p=5614"},"modified":"2025-11-05T19:34:06","modified_gmt":"2025-11-05T17:34:06","slug":"tabarca","status":"publish","type":"product","link":"https:\/\/terretabarefoot.com\/fr\/producto\/tabarca\/","title":{"rendered":"Tabarca"},"content":{"rendered":"<p class=\"\" data-start=\"279\" data-end=\"504\">\ud83e\uddb6 <strong data-start=\"282\" data-end=\"340\">Zone des orteils anatomique \u2013 Respecte la forme naturelle de votre pied<\/strong><br data-start=\"340\" data-end=\"343\" \/>Con\u00e7u avec une forme <strong data-start=\"366\" data-end=\"388\">large et ergonomique<\/strong>, L&#039;espace pr\u00e9vu pour les orteils permet \u00e0 ces derniers de s&#039;\u00e9tendre librement, offrant un confort maximal et \u00e9vitant toute pression inutile.<\/p>\n<p class=\"\" data-start=\"506\" data-end=\"718\">\u2195\ufe0f <strong data-start=\"509\" data-end=\"559\">Z\u00e9ro chute \u2013 Mouvement naturel sans inclinaison<\/strong><br data-start=\"559\" data-end=\"562\" \/>La semelle \u00e0 drop z\u00e9ro maintient le talon et les orteils \u00e0 la m\u00eame hauteur, favorisant ainsi une foul\u00e9e plus stable. <strong data-start=\"661\" data-end=\"682\">posture saine<\/strong> et une foul\u00e9e plus naturelle et stable.<\/p>\n<p class=\"\" data-start=\"720\" data-end=\"911\">\ud83c\udf88 <strong data-start=\"723\" data-end=\"773\">L\u00e9g\u00e8ret\u00e9 \u2013 Une l\u00e9g\u00e8ret\u00e9 que vous remarquerez \u00e0 chaque pas<\/strong><br data-start=\"773\" data-end=\"776\" \/>Fabriqu\u00e9es avec des mat\u00e9riaux ultral\u00e9gers, les sandales <strong data-start=\"830\" data-end=\"841\">Tabarca<\/strong>\u00a0Ils vous accompagnent sans effort. Marchez plus librement, sans fardeaux inutiles.<\/p>\n<p class=\"\" data-start=\"913\" data-end=\"1132\">\u2728\u00a0<strong data-start=\"916\" data-end=\"973\">Semelle int\u00e9rieure fine et plate \u2013 Contact maximal avec le sol<\/strong><br data-start=\"973\" data-end=\"976\" \/><strong data-start=\"1020\" data-end=\"1057\">\u00a0Semelle fine de seulement 0,9 cm d&#039;\u00e9paisseur<\/strong>, y compris <strong data-start=\"1070\" data-end=\"1098\">0,2 cm d&#039;\u00e9ponge en gel<\/strong> pour plus de confort, <strong data-start=\"1054\" data-end=\"1075\">Sentez le sol<\/strong>, Il am\u00e9liore votre \u00e9quilibre et renforce vos pieds \u00e0 chaque utilisation.<\/p>","protected":false},"excerpt":{"rendered":"<p class=\"\" data-start=\"218\" data-end=\"479\">Le <strong data-start=\"221\" data-end=\"250\">sandale pieds nus Tabarca<\/strong> Con\u00e7ue pour celles et ceux qui appr\u00e9cient l&#039;\u00e9l\u00e9gance sobre et le respect de l&#039;anatomie du pied, cette sandale allie un design \u00e9pur\u00e9 et moderne \u00e0 des mat\u00e9riaux de haute qualit\u00e9, pour un r\u00e9sultat polyvalent, confortable et raffin\u00e9.<\/p>\n<p class=\"\" data-start=\"481\" data-end=\"815\">L&#039;ext\u00e9rieur est fait de <strong data-start=\"515\" data-end=\"545\">microfibre blanc nacr\u00e9<\/strong>, Un mat\u00e9riau doux et r\u00e9sistant, \u00e0 la finition l\u00e9g\u00e8rement brillante, qui apporte une touche d&#039;\u00e9l\u00e9gance sans sacrifier le naturel. L&#039;int\u00e9rieur et la plante sont <strong data-start=\"706\" data-end=\"726\">doubl\u00e9 de cuir<\/strong>, offrant un confort sup\u00e9rieur et un contact agr\u00e9able avec la peau.<\/p>\n<p data-start=\"481\" data-end=\"815\">Le r\u00e9glage est effectu\u00e9 avec <strong data-start=\"769\" data-end=\"790\">velcro sur la pagaie<\/strong>, assurant un ajustement confortable et pr\u00e9cis, la boucle d\u00e9corative apporte une touche d&#039;\u00e9l\u00e9gance sans compromettre la fonctionnalit\u00e9.<\/p>\n<p class=\"\" data-start=\"817\" data-end=\"995\">Con\u00e7ues selon les principes de la chaussure minimaliste, <strong data-start=\"868\" data-end=\"918\">Tabarca permet au pied de bouger librement<\/strong>, sans restrictions, en conservant une posture saine et un style intemporel.<\/p>\n<p data-start=\"817\" data-end=\"995\">Vous pouvez consulter ici notre guide des tailles\u00a0:<a href=\"https:\/\/terretabarefoot.com\/fr\/guide-des-tailles-de-sandales\/\"> VOIR<\/a><\/p>\n<p class=\"\" data-start=\"744\" data-end=\"907\">","protected":false},"featured_media":5624,"template":"","meta":[],"etheme_brands":[],"product_brand":[],"product_cat":[98],"product_tag":[],"class_list":{"0":"post-5614","1":"product","2":"type-product","3":"status-publish","4":"has-post-thumbnail","6":"product_cat-sandalias","7":"pa_talla-72","8":"pa_talla-99","9":"pa_talla-73","10":"pa_talla-74","11":"pa_talla-75","12":"pa_talla-77","13":"pa_talla-78","14":"pa_talla-79","15":"pa_talla-80","17":"first","18":"outofstock","19":"taxable","20":"shipping-taxable","21":"purchasable","22":"product-type-variable"},"yoast_head":"<!-- This site is optimized with the Yoast SEO plugin v27.2 - https:\/\/yoast.com\/product\/yoast-seo-wordpress\/ -->\n<title>Tabarca - Terreta barefoot<\/title>\n<meta name=\"robots\" content=\"index, follow, max-snippet:-1, max-image-preview:large, max-video-preview:-1\" \/>\n<link rel=\"canonical\" href=\"https:\/\/terretabarefoot.com\/fr\/produit\/tabarca\/\" \/>\n<meta property=\"og:locale\" content=\"fr_FR\" \/>\n<meta property=\"og:type\" content=\"article\" \/>\n<meta property=\"og:title\" content=\"Tabarca - Terreta barefoot\" \/>\n<meta property=\"og:description\" content=\"La sandalia barefoot Tabarca est\u00e1 pensada para quienes valoran la sencillez elegante y el respeto por la anatom\u00eda del pie. Su dise\u00f1o limpio y moderno combina perfectamente con materiales de alta calidad, logrando una sandalia vers\u00e1til, c\u00f3moda y sofisticada. El exterior est\u00e1 confeccionado en microfibra blanco nacarado, un material suave, resistente y con un acabado sutilmente brillante que aporta un toque de distinci\u00f3n sin perder la naturalidad. El interior y la planta est\u00e1n forrados en piel, proporcionando una experiencia de confort superior y un contacto agradable con la piel. El ajuste se realiza con velcro en la pala, garantizando una sujeci\u00f3n c\u00f3moda y precisa. La hebilla decorativa aporta estilo sin interferir en la funcionalidad. Dise\u00f1ada bajo los principios del calzado barefoot, Tabarca permite que el pie se mueva libremente, sin restricciones, manteniendo una postura saludable y un estilo atemporal. Aqu\u00ed puedes consultar nuestra Gu\u00eda de tallas: VER\" \/>\n<meta property=\"og:url\" content=\"https:\/\/terretabarefoot.com\/fr\/produit\/tabarca\/\" \/>\n<meta property=\"og:site_name\" content=\"Terreta barefoot\" \/>\n<meta property=\"article:modified_time\" content=\"2025-11-05T17:34:06+00:00\" \/>\n<meta property=\"og:image\" content=\"https:\/\/terretabarefoot.com\/wp-content\/uploads\/2025\/05\/Tabarca-microbifra-exterior-forro-piel-scaled.jpg\" \/>\n\t<meta property=\"og:image:width\" content=\"2560\" \/>\n\t<meta property=\"og:image:height\" content=\"2049\" \/>\n\t<meta property=\"og:image:type\" content=\"image\/jpeg\" \/>\n<meta name=\"twitter:card\" content=\"summary_large_image\" \/>\n<meta name=\"twitter:label1\" content=\"Tiempo de lectura\" \/>\n\t<meta name=\"twitter:data1\" content=\"1 minuto\" \/>\n<script type=\"application\/ld+json\" class=\"yoast-schema-graph\">{\"@context\":\"https:\/\/schema.org\",\"@graph\":[{\"@type\":\"WebPage\",\"@id\":\"https:\/\/terretabarefoot.com\/producto\/tabarca\/\",\"url\":\"https:\/\/terretabarefoot.com\/producto\/tabarca\/\",\"name\":\"Tabarca - Terreta barefoot\",\"isPartOf\":{\"@id\":\"https:\/\/terretabarefoot.com\/#website\"},\"primaryImageOfPage\":{\"@id\":\"https:\/\/terretabarefoot.com\/producto\/tabarca\/#primaryimage\"},\"image\":{\"@id\":\"https:\/\/terretabarefoot.com\/producto\/tabarca\/#primaryimage\"},\"thumbnailUrl\":\"https:\/\/terretabarefoot.com\/wp-content\/uploads\/2025\/05\/Tabarca-microbifra-exterior-forro-piel-scaled.jpg\",\"datePublished\":\"2025-05-02T16:52:03+00:00\",\"dateModified\":\"2025-11-05T17:34:06+00:00\",\"breadcrumb\":{\"@id\":\"https:\/\/terretabarefoot.com\/producto\/tabarca\/#breadcrumb\"},\"inLanguage\":\"es\",\"potentialAction\":[{\"@type\":\"ReadAction\",\"target\":[\"https:\/\/terretabarefoot.com\/producto\/tabarca\/\"]}]},{\"@type\":\"ImageObject\",\"inLanguage\":\"es\",\"@id\":\"https:\/\/terretabarefoot.com\/producto\/tabarca\/#primaryimage\",\"url\":\"https:\/\/terretabarefoot.com\/wp-content\/uploads\/2025\/05\/Tabarca-microbifra-exterior-forro-piel-scaled.jpg\",\"contentUrl\":\"https:\/\/terretabarefoot.com\/wp-content\/uploads\/2025\/05\/Tabarca-microbifra-exterior-forro-piel-scaled.jpg\",\"width\":2560,\"height\":2049},{\"@type\":\"BreadcrumbList\",\"@id\":\"https:\/\/terretabarefoot.com\/producto\/tabarca\/#breadcrumb\",\"itemListElement\":[{\"@type\":\"ListItem\",\"position\":1,\"name\":\"Portada\",\"item\":\"https:\/\/terretabarefoot.com\/\"},{\"@type\":\"ListItem\",\"position\":2,\"name\":\"Tienda\",\"item\":\"https:\/\/terretabarefoot.com\/tienda\/\"},{\"@type\":\"ListItem\",\"position\":3,\"name\":\"Tabarca\"}]},{\"@type\":\"WebSite\",\"@id\":\"https:\/\/terretabarefoot.com\/#website\",\"url\":\"https:\/\/terretabarefoot.com\/\",\"name\":\"Terreta barefoot\",\"description\":\"It\u00b4s barefoot time :-)\",\"publisher\":{\"@id\":\"https:\/\/terretabarefoot.com\/#organization\"},\"potentialAction\":[{\"@type\":\"SearchAction\",\"target\":{\"@type\":\"EntryPoint\",\"urlTemplate\":\"https:\/\/terretabarefoot.com\/?s={search_term_string}\"},\"query-input\":{\"@type\":\"PropertyValueSpecification\",\"valueRequired\":true,\"valueName\":\"search_term_string\"}}],\"inLanguage\":\"es\"},{\"@type\":\"Organization\",\"@id\":\"https:\/\/terretabarefoot.com\/#organization\",\"name\":\"Terreta barefoot\",\"url\":\"https:\/\/terretabarefoot.com\/\",\"logo\":{\"@type\":\"ImageObject\",\"inLanguage\":\"es\",\"@id\":\"https:\/\/terretabarefoot.com\/#\/schema\/logo\/image\/\",\"url\":\"https:\/\/terretabarefoot.com\/wp-content\/uploads\/2023\/11\/895f73df-647a-4039-ad35-2894cebe7370.png\",\"contentUrl\":\"https:\/\/terretabarefoot.com\/wp-content\/uploads\/2023\/11\/895f73df-647a-4039-ad35-2894cebe7370.png\",\"width\":150,\"height\":99,\"caption\":\"Terreta barefoot\"},\"image\":{\"@id\":\"https:\/\/terretabarefoot.com\/#\/schema\/logo\/image\/\"}}]}<\/script>\n<!-- \/ Yoast SEO plugin. -->","yoast_head_json":{"title":"Tabarca - Terreta pieds nus","robots":{"index":"index","follow":"follow","max-snippet":"max-snippet:-1","max-image-preview":"max-image-preview:large","max-video-preview":"max-video-preview:-1"},"canonical":"https:\/\/terretabarefoot.com\/fr\/produit\/tabarca\/","og_locale":"fr_FR","og_type":"article","og_title":"Tabarca - Terreta barefoot","og_description":"La sandalia barefoot Tabarca est\u00e1 pensada para quienes valoran la sencillez elegante y el respeto por la anatom\u00eda del pie. Su dise\u00f1o limpio y moderno combina perfectamente con materiales de alta calidad, logrando una sandalia vers\u00e1til, c\u00f3moda y sofisticada. El exterior est\u00e1 confeccionado en microfibra blanco nacarado, un material suave, resistente y con un acabado sutilmente brillante que aporta un toque de distinci\u00f3n sin perder la naturalidad. El interior y la planta est\u00e1n forrados en piel, proporcionando una experiencia de confort superior y un contacto agradable con la piel. El ajuste se realiza con velcro en la pala, garantizando una sujeci\u00f3n c\u00f3moda y precisa. La hebilla decorativa aporta estilo sin interferir en la funcionalidad. Dise\u00f1ada bajo los principios del calzado barefoot, Tabarca permite que el pie se mueva libremente, sin restricciones, manteniendo una postura saludable y un estilo atemporal. Aqu\u00ed puedes consultar nuestra Gu\u00eda de tallas: VER","og_url":"https:\/\/terretabarefoot.com\/fr\/produit\/tabarca\/","og_site_name":"Terreta barefoot","article_modified_time":"2025-11-05T17:34:06+00:00","og_image":[{"width":2560,"height":2049,"url":"https:\/\/terretabarefoot.com\/wp-content\/uploads\/2025\/05\/Tabarca-microbifra-exterior-forro-piel-scaled.jpg","type":"image\/jpeg"}],"twitter_card":"summary_large_image","twitter_misc":{"Tiempo de lectura":"1 minuto"},"schema":{"@context":"https:\/\/schema.org","@graph":[{"@type":"WebPage","@id":"https:\/\/terretabarefoot.com\/producto\/tabarca\/","url":"https:\/\/terretabarefoot.com\/producto\/tabarca\/","name":"Tabarca - Terreta pieds nus","isPartOf":{"@id":"https:\/\/terretabarefoot.com\/#website"},"primaryImageOfPage":{"@id":"https:\/\/terretabarefoot.com\/producto\/tabarca\/#primaryimage"},"image":{"@id":"https:\/\/terretabarefoot.com\/producto\/tabarca\/#primaryimage"},"thumbnailUrl":"https:\/\/terretabarefoot.com\/wp-content\/uploads\/2025\/05\/Tabarca-microbifra-exterior-forro-piel-scaled.jpg","datePublished":"2025-05-02T16:52:03+00:00","dateModified":"2025-11-05T17:34:06+00:00","breadcrumb":{"@id":"https:\/\/terretabarefoot.com\/producto\/tabarca\/#breadcrumb"},"inLanguage":"es","potentialAction":[{"@type":"ReadAction","target":["https:\/\/terretabarefoot.com\/producto\/tabarca\/"]}]},{"@type":"ImageObject","inLanguage":"es","@id":"https:\/\/terretabarefoot.com\/producto\/tabarca\/#primaryimage","url":"https:\/\/terretabarefoot.com\/wp-content\/uploads\/2025\/05\/Tabarca-microbifra-exterior-forro-piel-scaled.jpg","contentUrl":"https:\/\/terretabarefoot.com\/wp-content\/uploads\/2025\/05\/Tabarca-microbifra-exterior-forro-piel-scaled.jpg","width":2560,"height":2049},{"@type":"BreadcrumbList","@id":"https:\/\/terretabarefoot.com\/producto\/tabarca\/#breadcrumb","itemListElement":[{"@type":"ListItem","position":1,"name":"Portada","item":"https:\/\/terretabarefoot.com\/"},{"@type":"ListItem","position":2,"name":"Tienda","item":"https:\/\/terretabarefoot.com\/tienda\/"},{"@type":"ListItem","position":3,"name":"Tabarca"}]},{"@type":"WebSite","@id":"https:\/\/terretabarefoot.com\/#website","url":"https:\/\/terretabarefoot.com\/","name":"Terreta pieds nus","description":"C&#039;est l&#039;heure de marcher pieds nus :-)","publisher":{"@id":"https:\/\/terretabarefoot.com\/#organization"},"potentialAction":[{"@type":"SearchAction","target":{"@type":"EntryPoint","urlTemplate":"https:\/\/terretabarefoot.com\/?s={search_term_string}"},"query-input":{"@type":"PropertyValueSpecification","valueRequired":true,"valueName":"search_term_string"}}],"inLanguage":"es"},{"@type":"Organization","@id":"https:\/\/terretabarefoot.com\/#organization","name":"Terreta pieds nus","url":"https:\/\/terretabarefoot.com\/","logo":{"@type":"ImageObject","inLanguage":"es","@id":"https:\/\/terretabarefoot.com\/#\/schema\/logo\/image\/","url":"https:\/\/terretabarefoot.com\/wp-content\/uploads\/2023\/11\/895f73df-647a-4039-ad35-2894cebe7370.png","contentUrl":"https:\/\/terretabarefoot.com\/wp-content\/uploads\/2023\/11\/895f73df-647a-4039-ad35-2894cebe7370.png","width":150,"height":99,"caption":"Terreta barefoot"},"image":{"@id":"https:\/\/terretabarefoot.com\/#\/schema\/logo\/image\/"}}]}},"_links":{"self":[{"href":"https:\/\/terretabarefoot.com\/fr\/wp-json\/wp\/v2\/product\/5614","targetHints":{"allow":["GET"]}}],"collection":[{"href":"https:\/\/terretabarefoot.com\/fr\/wp-json\/wp\/v2\/product"}],"about":[{"href":"https:\/\/terretabarefoot.com\/fr\/wp-json\/wp\/v2\/types\/product"}],"wp:featuredmedia":[{"embeddable":true,"href":"https:\/\/terretabarefoot.com\/fr\/wp-json\/wp\/v2\/media\/5624"}],"wp:attachment":[{"href":"https:\/\/terretabarefoot.com\/fr\/wp-json\/wp\/v2\/media?parent=5614"}],"wp:term":[{"taxonomy":"brand","embeddable":true,"href":"https:\/\/terretabarefoot.com\/fr\/wp-json\/wp\/v2\/etheme_brands?post=5614"},{"taxonomy":"product_brand","embeddable":true,"href":"https:\/\/terretabarefoot.com\/fr\/wp-json\/wp\/v2\/product_brand?post=5614"},{"taxonomy":"product_cat","embeddable":true,"href":"https:\/\/terretabarefoot.com\/fr\/wp-json\/wp\/v2\/product_cat?post=5614"},{"taxonomy":"product_tag","embeddable":true,"href":"https:\/\/terretabarefoot.com\/fr\/wp-json\/wp\/v2\/product_tag?post=5614"}],"curies":[{"name":"wp","href":"https:\/\/api.w.org\/{rel}","templated":true}]}}