{"id":5670,"date":"2025-05-03T09:42:01","date_gmt":"2025-05-03T07:42:01","guid":{"rendered":"https:\/\/terretabarefoot.com\/?post_type=product&#038;p=5670"},"modified":"2026-03-08T16:23:32","modified_gmt":"2026-03-08T14:23:32","slug":"faire-la-fete","status":"publish","type":"product","link":"https:\/\/terretabarefoot.com\/fr\/producto\/festa\/","title":{"rendered":"F\u00eate"},"content":{"rendered":"<p class=\"\" data-start=\"279\" data-end=\"504\"><img decoding=\"async\" class=\"emoji\" role=\"img\" draggable=\"false\" src=\"https:\/\/s.w.org\/images\/core\/emoji\/15.1.0\/svg\/1f9b6.svg\" alt=\"\ud83e\uddb6\" \/>\u00a0<strong data-start=\"282\" data-end=\"340\">Zone des orteils anatomique \u2013 Respecte la forme naturelle de votre pied<\/strong><br data-start=\"340\" data-end=\"343\" \/>Con\u00e7u avec une forme\u00a0<strong data-start=\"366\" data-end=\"388\">large et ergonomique<\/strong>, L&#039;espace pr\u00e9vu pour les orteils permet \u00e0 ces derniers de s&#039;\u00e9tendre librement, offrant un confort maximal et \u00e9vitant toute pression inutile.<\/p>\n<p class=\"\" data-start=\"506\" data-end=\"718\"><img decoding=\"async\" class=\"emoji\" role=\"img\" draggable=\"false\" src=\"https:\/\/s.w.org\/images\/core\/emoji\/15.1.0\/svg\/2195.svg\" alt=\"\u2195\ufe0f\" \/>\u00a0<strong data-start=\"509\" data-end=\"559\">Z\u00e9ro chute \u2013 Mouvement naturel sans inclinaison<\/strong><br data-start=\"559\" data-end=\"562\" \/>La semelle \u00e0 drop z\u00e9ro maintient le talon et les orteils \u00e0 la m\u00eame hauteur, favorisant ainsi une foul\u00e9e plus stable.\u00a0<strong data-start=\"661\" data-end=\"682\">posture saine<\/strong>\u00a0et une foul\u00e9e plus naturelle et stable.<\/p>\n<p class=\"\" data-start=\"720\" data-end=\"911\"><img decoding=\"async\" class=\"emoji\" role=\"img\" draggable=\"false\" src=\"https:\/\/s.w.org\/images\/core\/emoji\/15.1.0\/svg\/1f388.svg\" alt=\"\ud83c\udf88\" \/>\u00a0<strong data-start=\"723\" data-end=\"773\">L\u00e9g\u00e8ret\u00e9 \u2013 Une l\u00e9g\u00e8ret\u00e9 que vous remarquerez \u00e0 chaque pas<\/strong><br data-start=\"773\" data-end=\"776\" \/>Fabriqu\u00e9es avec des mat\u00e9riaux ultral\u00e9gers, les sandales <strong data-start=\"830\" data-end=\"841\">F\u00eate<\/strong>\u00a0Ils vous accompagnent sans effort. Marchez plus librement, sans fardeaux inutiles.<\/p>\n<p class=\"\" data-start=\"913\" data-end=\"1132\"><img decoding=\"async\" class=\"emoji\" role=\"img\" draggable=\"false\" src=\"https:\/\/s.w.org\/images\/core\/emoji\/15.1.0\/svg\/2728.svg\" alt=\"\u2728\" \/>\u00a0<strong data-start=\"916\" data-end=\"973\">Semelle int\u00e9rieure fine et plate \u2013 Contact maximal avec le sol<\/strong><br data-start=\"973\" data-end=\"976\" \/><strong data-start=\"1020\" data-end=\"1057\">\u00a0Semelle fine de seulement 0,9 cm d&#039;\u00e9paisseur<\/strong>, y compris\u00a0<strong data-start=\"1070\" data-end=\"1098\">0,2 cm d&#039;\u00e9ponge en gel<\/strong>\u00a0pour plus de confort,\u00a0<strong data-start=\"1054\" data-end=\"1075\">Sentez le sol<\/strong>, Il am\u00e9liore votre \u00e9quilibre et renforce vos pieds \u00e0 chaque utilisation.<\/p>","protected":false},"excerpt":{"rendered":"<p class=\"\" data-start=\"285\" data-end=\"549\">D\u00e9couvrez le <strong data-start=\"297\" data-end=\"324\">sandale pieds nus Festa<\/strong>, Un mod\u00e8le qui allie \u00e9l\u00e9gance et naturel pour une marche confortable, l\u00e9g\u00e8re et styl\u00e9e. Son design se distingue par\u2026 <strong data-start=\"444\" data-end=\"474\">pelle m\u00e9tallique d\u00e9corative<\/strong>, avec des formes organiques d\u00e9coup\u00e9es \u00e0 l&#039;emporte-pi\u00e8ce qui ajoutent une touche moderne et f\u00e9minine.<\/p>\n<p class=\"\" data-start=\"551\" data-end=\"771\">Fabriqu\u00e9 avec <strong data-start=\"565\" data-end=\"590\">microfibre m\u00e9tallique<\/strong> \u00e0 l&#039;\u00e9tranger et <strong data-start=\"608\" data-end=\"649\">Doublure et semelle int\u00e9rieure en microfibre douce<\/strong>, Cette sandale est v\u00e9gane (100%), id\u00e9ale pour les peaux sensibles et parfaite pour l&#039;\u00e9t\u00e9 gr\u00e2ce \u00e0 sa grande respirabilit\u00e9.<\/p>\n<p class=\"\" data-start=\"773\" data-end=\"1096\">La conception minimaliste respecte la forme naturelle du pied, permettant une grande libert\u00e9 de mouvement. <strong data-start=\"866\" data-end=\"911\">une large derni\u00e8re, chute nulle (pas de pente)<\/strong> et une \u00e9paisseur minimale qui vous relie au sol.<\/p>\n<p data-start=\"773\" data-end=\"1096\">Vous pouvez consulter ici notre guide des tailles\u00a0:<a href=\"https:\/\/terretabarefoot.com\/fr\/guide-des-tailles-de-sandales\/\"> VOIR<\/a><\/p>","protected":false},"featured_media":5673,"template":"","meta":[],"etheme_brands":[],"product_brand":[],"product_cat":[98],"product_tag":[],"class_list":{"0":"post-5670","1":"product","2":"type-product","3":"status-publish","4":"has-post-thumbnail","6":"product_cat-sandalias","7":"pa_talla-72","8":"pa_talla-99","9":"pa_talla-73","10":"pa_talla-74","11":"pa_talla-75","12":"pa_talla-77","13":"pa_talla-78","14":"pa_talla-79","15":"pa_talla-80","17":"first","18":"outofstock","19":"taxable","20":"shipping-taxable","21":"purchasable","22":"product-type-variable"},"yoast_head":"<!-- This site is optimized with the Yoast SEO plugin v27.2 - https:\/\/yoast.com\/product\/yoast-seo-wordpress\/ -->\n<title>Festa - Terreta barefoot<\/title>\n<meta name=\"robots\" content=\"index, follow, max-snippet:-1, max-image-preview:large, max-video-preview:-1\" \/>\n<link rel=\"canonical\" href=\"https:\/\/terretabarefoot.com\/fr\/produit\/faire-la-fete\/\" \/>\n<meta property=\"og:locale\" content=\"fr_FR\" \/>\n<meta property=\"og:type\" content=\"article\" \/>\n<meta property=\"og:title\" content=\"Festa - Terreta barefoot\" \/>\n<meta property=\"og:description\" content=\"Descubre la sandalia barefoot Festa, un modelo que combina elegancia y naturalidad para que camines c\u00f3moda, ligera y con estilo. Su dise\u00f1o destaca por una pala decorativa metalizada, con formas org\u00e1nicas troqueladas que aportan un toque moderno y femenino. Fabricada con microfibra metalizada en el exterior y microfibra suave en el forro y planta, esta sandalia es 100% vegana, ideal para pieles sensibles y perfecta para el verano gracias a su gran transpirabilidad. El dise\u00f1o barefoot respeta la forma natural del pie, permitiendo libertad de movimiento, con una horma ancha, cero drop (sin desnivel) y un grosor m\u00ednimo que te conecta con el suelo. Aqu\u00ed puedes consultar nuestra Gu\u00eda de tallas: VER\" \/>\n<meta property=\"og:url\" content=\"https:\/\/terretabarefoot.com\/fr\/produit\/faire-la-fete\/\" \/>\n<meta property=\"og:site_name\" content=\"Terreta barefoot\" \/>\n<meta property=\"article:modified_time\" content=\"2026-03-08T14:23:32+00:00\" \/>\n<meta property=\"og:image\" content=\"https:\/\/terretabarefoot.com\/wp-content\/uploads\/2025\/05\/Festa-met-bronce-scaled.jpg\" \/>\n\t<meta property=\"og:image:width\" content=\"2560\" \/>\n\t<meta property=\"og:image:height\" content=\"2094\" \/>\n\t<meta property=\"og:image:type\" content=\"image\/jpeg\" \/>\n<meta name=\"twitter:card\" content=\"summary_large_image\" \/>\n<meta name=\"twitter:label1\" content=\"Tiempo de lectura\" \/>\n\t<meta name=\"twitter:data1\" content=\"2 minutos\" \/>\n<script type=\"application\/ld+json\" class=\"yoast-schema-graph\">{\"@context\":\"https:\/\/schema.org\",\"@graph\":[{\"@type\":\"WebPage\",\"@id\":\"https:\/\/terretabarefoot.com\/producto\/festa\/\",\"url\":\"https:\/\/terretabarefoot.com\/producto\/festa\/\",\"name\":\"Festa - Terreta barefoot\",\"isPartOf\":{\"@id\":\"https:\/\/terretabarefoot.com\/#website\"},\"primaryImageOfPage\":{\"@id\":\"https:\/\/terretabarefoot.com\/producto\/festa\/#primaryimage\"},\"image\":{\"@id\":\"https:\/\/terretabarefoot.com\/producto\/festa\/#primaryimage\"},\"thumbnailUrl\":\"https:\/\/terretabarefoot.com\/wp-content\/uploads\/2025\/05\/Festa-met-bronce-scaled.jpg\",\"datePublished\":\"2025-05-03T07:42:01+00:00\",\"dateModified\":\"2026-03-08T14:23:32+00:00\",\"breadcrumb\":{\"@id\":\"https:\/\/terretabarefoot.com\/producto\/festa\/#breadcrumb\"},\"inLanguage\":\"es\",\"potentialAction\":[{\"@type\":\"ReadAction\",\"target\":[\"https:\/\/terretabarefoot.com\/producto\/festa\/\"]}]},{\"@type\":\"ImageObject\",\"inLanguage\":\"es\",\"@id\":\"https:\/\/terretabarefoot.com\/producto\/festa\/#primaryimage\",\"url\":\"https:\/\/terretabarefoot.com\/wp-content\/uploads\/2025\/05\/Festa-met-bronce-scaled.jpg\",\"contentUrl\":\"https:\/\/terretabarefoot.com\/wp-content\/uploads\/2025\/05\/Festa-met-bronce-scaled.jpg\",\"width\":2560,\"height\":2094},{\"@type\":\"BreadcrumbList\",\"@id\":\"https:\/\/terretabarefoot.com\/producto\/festa\/#breadcrumb\",\"itemListElement\":[{\"@type\":\"ListItem\",\"position\":1,\"name\":\"Portada\",\"item\":\"https:\/\/terretabarefoot.com\/\"},{\"@type\":\"ListItem\",\"position\":2,\"name\":\"Tienda\",\"item\":\"https:\/\/terretabarefoot.com\/tienda\/\"},{\"@type\":\"ListItem\",\"position\":3,\"name\":\"Festa\"}]},{\"@type\":\"WebSite\",\"@id\":\"https:\/\/terretabarefoot.com\/#website\",\"url\":\"https:\/\/terretabarefoot.com\/\",\"name\":\"Terreta barefoot\",\"description\":\"It\u00b4s barefoot time :-)\",\"publisher\":{\"@id\":\"https:\/\/terretabarefoot.com\/#organization\"},\"potentialAction\":[{\"@type\":\"SearchAction\",\"target\":{\"@type\":\"EntryPoint\",\"urlTemplate\":\"https:\/\/terretabarefoot.com\/?s={search_term_string}\"},\"query-input\":{\"@type\":\"PropertyValueSpecification\",\"valueRequired\":true,\"valueName\":\"search_term_string\"}}],\"inLanguage\":\"es\"},{\"@type\":\"Organization\",\"@id\":\"https:\/\/terretabarefoot.com\/#organization\",\"name\":\"Terreta barefoot\",\"url\":\"https:\/\/terretabarefoot.com\/\",\"logo\":{\"@type\":\"ImageObject\",\"inLanguage\":\"es\",\"@id\":\"https:\/\/terretabarefoot.com\/#\/schema\/logo\/image\/\",\"url\":\"https:\/\/terretabarefoot.com\/wp-content\/uploads\/2023\/11\/895f73df-647a-4039-ad35-2894cebe7370.png\",\"contentUrl\":\"https:\/\/terretabarefoot.com\/wp-content\/uploads\/2023\/11\/895f73df-647a-4039-ad35-2894cebe7370.png\",\"width\":150,\"height\":99,\"caption\":\"Terreta barefoot\"},\"image\":{\"@id\":\"https:\/\/terretabarefoot.com\/#\/schema\/logo\/image\/\"}}]}<\/script>\n<!-- \/ Yoast SEO plugin. -->","yoast_head_json":{"title":"Festa - Terreta pieds nus","robots":{"index":"index","follow":"follow","max-snippet":"max-snippet:-1","max-image-preview":"max-image-preview:large","max-video-preview":"max-video-preview:-1"},"canonical":"https:\/\/terretabarefoot.com\/fr\/produit\/faire-la-fete\/","og_locale":"fr_FR","og_type":"article","og_title":"Festa - Terreta barefoot","og_description":"Descubre la sandalia barefoot Festa, un modelo que combina elegancia y naturalidad para que camines c\u00f3moda, ligera y con estilo. Su dise\u00f1o destaca por una pala decorativa metalizada, con formas org\u00e1nicas troqueladas que aportan un toque moderno y femenino. Fabricada con microfibra metalizada en el exterior y microfibra suave en el forro y planta, esta sandalia es 100% vegana, ideal para pieles sensibles y perfecta para el verano gracias a su gran transpirabilidad. El dise\u00f1o barefoot respeta la forma natural del pie, permitiendo libertad de movimiento, con una horma ancha, cero drop (sin desnivel) y un grosor m\u00ednimo que te conecta con el suelo. Aqu\u00ed puedes consultar nuestra Gu\u00eda de tallas: VER","og_url":"https:\/\/terretabarefoot.com\/fr\/produit\/faire-la-fete\/","og_site_name":"Terreta barefoot","article_modified_time":"2026-03-08T14:23:32+00:00","og_image":[{"width":2560,"height":2094,"url":"https:\/\/terretabarefoot.com\/wp-content\/uploads\/2025\/05\/Festa-met-bronce-scaled.jpg","type":"image\/jpeg"}],"twitter_card":"summary_large_image","twitter_misc":{"Tiempo de lectura":"2 minutos"},"schema":{"@context":"https:\/\/schema.org","@graph":[{"@type":"WebPage","@id":"https:\/\/terretabarefoot.com\/producto\/festa\/","url":"https:\/\/terretabarefoot.com\/producto\/festa\/","name":"Festa - Terreta pieds nus","isPartOf":{"@id":"https:\/\/terretabarefoot.com\/#website"},"primaryImageOfPage":{"@id":"https:\/\/terretabarefoot.com\/producto\/festa\/#primaryimage"},"image":{"@id":"https:\/\/terretabarefoot.com\/producto\/festa\/#primaryimage"},"thumbnailUrl":"https:\/\/terretabarefoot.com\/wp-content\/uploads\/2025\/05\/Festa-met-bronce-scaled.jpg","datePublished":"2025-05-03T07:42:01+00:00","dateModified":"2026-03-08T14:23:32+00:00","breadcrumb":{"@id":"https:\/\/terretabarefoot.com\/producto\/festa\/#breadcrumb"},"inLanguage":"es","potentialAction":[{"@type":"ReadAction","target":["https:\/\/terretabarefoot.com\/producto\/festa\/"]}]},{"@type":"ImageObject","inLanguage":"es","@id":"https:\/\/terretabarefoot.com\/producto\/festa\/#primaryimage","url":"https:\/\/terretabarefoot.com\/wp-content\/uploads\/2025\/05\/Festa-met-bronce-scaled.jpg","contentUrl":"https:\/\/terretabarefoot.com\/wp-content\/uploads\/2025\/05\/Festa-met-bronce-scaled.jpg","width":2560,"height":2094},{"@type":"BreadcrumbList","@id":"https:\/\/terretabarefoot.com\/producto\/festa\/#breadcrumb","itemListElement":[{"@type":"ListItem","position":1,"name":"Portada","item":"https:\/\/terretabarefoot.com\/"},{"@type":"ListItem","position":2,"name":"Tienda","item":"https:\/\/terretabarefoot.com\/tienda\/"},{"@type":"ListItem","position":3,"name":"Festa"}]},{"@type":"WebSite","@id":"https:\/\/terretabarefoot.com\/#website","url":"https:\/\/terretabarefoot.com\/","name":"Terreta pieds nus","description":"C&#039;est l&#039;heure de marcher pieds nus :-)","publisher":{"@id":"https:\/\/terretabarefoot.com\/#organization"},"potentialAction":[{"@type":"SearchAction","target":{"@type":"EntryPoint","urlTemplate":"https:\/\/terretabarefoot.com\/?s={search_term_string}"},"query-input":{"@type":"PropertyValueSpecification","valueRequired":true,"valueName":"search_term_string"}}],"inLanguage":"es"},{"@type":"Organization","@id":"https:\/\/terretabarefoot.com\/#organization","name":"Terreta pieds nus","url":"https:\/\/terretabarefoot.com\/","logo":{"@type":"ImageObject","inLanguage":"es","@id":"https:\/\/terretabarefoot.com\/#\/schema\/logo\/image\/","url":"https:\/\/terretabarefoot.com\/wp-content\/uploads\/2023\/11\/895f73df-647a-4039-ad35-2894cebe7370.png","contentUrl":"https:\/\/terretabarefoot.com\/wp-content\/uploads\/2023\/11\/895f73df-647a-4039-ad35-2894cebe7370.png","width":150,"height":99,"caption":"Terreta barefoot"},"image":{"@id":"https:\/\/terretabarefoot.com\/#\/schema\/logo\/image\/"}}]}},"_links":{"self":[{"href":"https:\/\/terretabarefoot.com\/fr\/wp-json\/wp\/v2\/product\/5670","targetHints":{"allow":["GET"]}}],"collection":[{"href":"https:\/\/terretabarefoot.com\/fr\/wp-json\/wp\/v2\/product"}],"about":[{"href":"https:\/\/terretabarefoot.com\/fr\/wp-json\/wp\/v2\/types\/product"}],"wp:featuredmedia":[{"embeddable":true,"href":"https:\/\/terretabarefoot.com\/fr\/wp-json\/wp\/v2\/media\/5673"}],"wp:attachment":[{"href":"https:\/\/terretabarefoot.com\/fr\/wp-json\/wp\/v2\/media?parent=5670"}],"wp:term":[{"taxonomy":"brand","embeddable":true,"href":"https:\/\/terretabarefoot.com\/fr\/wp-json\/wp\/v2\/etheme_brands?post=5670"},{"taxonomy":"product_brand","embeddable":true,"href":"https:\/\/terretabarefoot.com\/fr\/wp-json\/wp\/v2\/product_brand?post=5670"},{"taxonomy":"product_cat","embeddable":true,"href":"https:\/\/terretabarefoot.com\/fr\/wp-json\/wp\/v2\/product_cat?post=5670"},{"taxonomy":"product_tag","embeddable":true,"href":"https:\/\/terretabarefoot.com\/fr\/wp-json\/wp\/v2\/product_tag?post=5670"}],"curies":[{"name":"wp","href":"https:\/\/api.w.org\/{rel}","templated":true}]}}