{"id":5718,"date":"2025-05-03T10:29:53","date_gmt":"2025-05-03T08:29:53","guid":{"rendered":"https:\/\/terretabarefoot.com\/?post_type=product&#038;p=5718"},"modified":"2026-04-16T14:21:04","modified_gmt":"2026-04-16T12:21:04","slug":"vaillo","status":"publish","type":"product","link":"https:\/\/terretabarefoot.com\/fr\/producto\/vaillo\/","title":{"rendered":"Vaillo"},"content":{"rendered":"<p class=\"\" data-start=\"279\" data-end=\"504\"><img decoding=\"async\" class=\"emoji\" role=\"img\" draggable=\"false\" src=\"https:\/\/s.w.org\/images\/core\/emoji\/15.1.0\/svg\/1f9b6.svg\" alt=\"\ud83e\uddb6\" \/>\u00a0<strong data-start=\"282\" data-end=\"340\">Zone des orteils anatomique \u2013 Respecte la forme naturelle de votre pied<\/strong><br data-start=\"340\" data-end=\"343\" \/>Con\u00e7u avec une forme\u00a0<strong data-start=\"366\" data-end=\"388\">large et ergonomique<\/strong>, L&#039;espace pr\u00e9vu pour les orteils permet \u00e0 ces derniers de s&#039;\u00e9tendre librement, offrant un confort maximal et \u00e9vitant toute pression inutile.<\/p>\n<p class=\"\" data-start=\"506\" data-end=\"718\"><img decoding=\"async\" class=\"emoji\" role=\"img\" draggable=\"false\" src=\"https:\/\/s.w.org\/images\/core\/emoji\/15.1.0\/svg\/2195.svg\" alt=\"\u2195\ufe0f\" \/>\u00a0<strong data-start=\"509\" data-end=\"559\">Z\u00e9ro chute \u2013 Mouvement naturel sans inclinaison<\/strong><br data-start=\"559\" data-end=\"562\" \/>La semelle \u00e0 drop z\u00e9ro maintient le talon et les orteils \u00e0 la m\u00eame hauteur, favorisant ainsi une foul\u00e9e plus stable.\u00a0<strong data-start=\"661\" data-end=\"682\">posture saine<\/strong>\u00a0et une foul\u00e9e plus naturelle et stable.<\/p>\n<p class=\"\" data-start=\"720\" data-end=\"911\"><img decoding=\"async\" class=\"emoji\" role=\"img\" draggable=\"false\" src=\"https:\/\/s.w.org\/images\/core\/emoji\/15.1.0\/svg\/1f388.svg\" alt=\"\ud83c\udf88\" \/>\u00a0<strong data-start=\"723\" data-end=\"773\">L\u00e9g\u00e8ret\u00e9 \u2013 Une l\u00e9g\u00e8ret\u00e9 que vous remarquerez \u00e0 chaque pas<\/strong><br data-start=\"773\" data-end=\"776\" \/>Fabriqu\u00e9es avec des mat\u00e9riaux ultral\u00e9gers, les sandales <strong data-start=\"830\" data-end=\"841\">Vaillo<\/strong>\u00a0Ils vous accompagnent sans effort. Marchez plus librement, sans fardeaux inutiles.<\/p>\n<p class=\"\" data-start=\"913\" data-end=\"1132\"><img decoding=\"async\" class=\"emoji\" role=\"img\" draggable=\"false\" src=\"https:\/\/s.w.org\/images\/core\/emoji\/15.1.0\/svg\/2728.svg\" alt=\"\u2728\" \/>\u00a0<strong data-start=\"916\" data-end=\"973\">Semelle int\u00e9rieure fine et plate \u2013 Contact maximal avec le sol<\/strong><br data-start=\"973\" data-end=\"976\" \/><strong data-start=\"1020\" data-end=\"1057\">\u00a0Semelle fine de seulement 0,9 cm d&#039;\u00e9paisseur<\/strong>, y compris\u00a0<strong data-start=\"1070\" data-end=\"1098\">0,2 cm d&#039;\u00e9ponge en gel<\/strong>\u00a0pour plus de confort,\u00a0<strong data-start=\"1054\" data-end=\"1075\">Sentez le sol<\/strong>, Il am\u00e9liore votre \u00e9quilibre et renforce vos pieds \u00e0 chaque utilisation.<\/p>","protected":false},"excerpt":{"rendered":"<p class=\"\" data-start=\"252\" data-end=\"562\">La sandale <strong data-start=\"264\" data-end=\"274\">Vaillo<\/strong> Elle a \u00e9t\u00e9 con\u00e7ue pour ceux qui recherchent un lien plus naturel avec la terre sans sacrifier un design raffin\u00e9 et polyvalent. Fabriqu\u00e9e en <strong data-start=\"413\" data-end=\"426\">peau 100%<\/strong> Dans toutes ses parties \u2014 coupe, doublure et semelle \u2014, elle garantit une respirabilit\u00e9, une douceur et une durabilit\u00e9 sup\u00e9rieures, id\u00e9ales pour un usage quotidien.<\/p>\n<p class=\"\" data-start=\"564\" data-end=\"881\">Son design inspir\u00e9 des sandales d&#039;esclave, avec un n\u0153ud et une boucle \u00e0 l&#039;avant, allie style classique et maintien s\u00fbr, \u00e9pousant parfaitement la forme du pied sans le comprimer. La semelle int\u00e9rieure plate et la conception minimaliste permettent \u00e0 vos pieds de bouger comme si vous marchiez pieds nus, soutenant votre posture et offrant une sensation de libert\u00e9 totale.<\/p>\n<p class=\"\" data-start=\"883\" data-end=\"1062\">Avec une semelle de seulement <strong data-start=\"909\" data-end=\"929\">0,9 cm d&#039;\u00e9paisseur<\/strong>, qui comprend <strong data-start=\"943\" data-end=\"971\">0,2 cm d&#039;\u00e9ponge en gel<\/strong>, Cette sandale offre <strong data-start=\"999\" data-end=\"1023\">rembourrage l\u00e9ger<\/strong> sans perdre le contact avec le terrain.<\/p>\n<p data-start=\"883\" data-end=\"1062\">Vous pouvez consulter ici notre guide des tailles\u00a0:<a href=\"https:\/\/terretabarefoot.com\/fr\/guide-des-tailles-de-sandales\/\"> VOIR<\/a><\/p>","protected":false},"featured_media":5721,"template":"","meta":[],"etheme_brands":[],"product_brand":[],"product_cat":[98],"product_tag":[],"class_list":{"0":"post-5718","1":"product","2":"type-product","3":"status-publish","4":"has-post-thumbnail","6":"product_cat-sandalias","7":"pa_talla-72","8":"pa_talla-99","9":"pa_talla-73","10":"pa_talla-74","11":"pa_talla-75","12":"pa_talla-77","13":"pa_talla-78","14":"pa_talla-79","15":"pa_talla-80","16":"pa_talla-81","17":"pa_talla-82","18":"pa_talla-83","20":"first","21":"instock","22":"sale","23":"taxable","24":"shipping-taxable","25":"purchasable","26":"product-type-variable"},"yoast_head":"<!-- This site is optimized with the Yoast SEO plugin v27.2 - https:\/\/yoast.com\/product\/yoast-seo-wordpress\/ -->\n<title>Vaillo - Terreta barefoot<\/title>\n<meta name=\"robots\" content=\"index, follow, max-snippet:-1, max-image-preview:large, max-video-preview:-1\" \/>\n<link rel=\"canonical\" href=\"https:\/\/terretabarefoot.com\/fr\/produit\/vaillo\/\" \/>\n<meta property=\"og:locale\" content=\"fr_FR\" \/>\n<meta property=\"og:type\" content=\"article\" \/>\n<meta property=\"og:title\" content=\"Vaillo - Terreta barefoot\" \/>\n<meta property=\"og:description\" content=\"La sandalia Vaillo ha sido dise\u00f1ada para quienes buscan una conexi\u00f3n m\u00e1s natural con el suelo sin renunciar a un dise\u00f1o cuidado y vers\u00e1til. Confeccionada en piel 100% en todas sus partes \u2014corte, forro y planta\u2014, garantiza transpirabilidad, suavidad y durabilidad superiores, ideales para el uso diario. Su dise\u00f1o tipo\u00a0 esclava, con nudo frontal y cierre de hebilla combina estilo cl\u00e1sico y sujeci\u00f3n segura, adapt\u00e1ndose perfectamente al pie sin comprimirlo. La plantilla plana y el dise\u00f1o barefoot permiten que tus pies se muevan como si caminaras descalza, cuidando tu postura y ofreciendo una sensaci\u00f3n de libertad total. Con una suela de tan solo 0.9 cm de grosor, que incluye 0.2 cm de esponja de gel, esta sandalia proporciona amortiguaci\u00f3n ligera sin perder la conexi\u00f3n con el terreno. Aqu\u00ed puedes consultar nuestra Gu\u00eda de tallas: VER\" \/>\n<meta property=\"og:url\" content=\"https:\/\/terretabarefoot.com\/fr\/produit\/vaillo\/\" \/>\n<meta property=\"og:site_name\" content=\"Terreta barefoot\" \/>\n<meta property=\"article:modified_time\" content=\"2026-04-16T12:21:04+00:00\" \/>\n<meta property=\"og:image\" content=\"https:\/\/terretabarefoot.com\/wp-content\/uploads\/2025\/05\/Vaillo-piel-leopardo-scaled.jpg\" \/>\n\t<meta property=\"og:image:width\" content=\"2560\" \/>\n\t<meta property=\"og:image:height\" content=\"2231\" \/>\n\t<meta property=\"og:image:type\" content=\"image\/jpeg\" \/>\n<meta name=\"twitter:card\" content=\"summary_large_image\" \/>\n<meta name=\"twitter:label1\" content=\"Tiempo de lectura\" \/>\n\t<meta name=\"twitter:data1\" content=\"2 minutos\" \/>\n<script type=\"application\/ld+json\" class=\"yoast-schema-graph\">{\"@context\":\"https:\/\/schema.org\",\"@graph\":[{\"@type\":\"WebPage\",\"@id\":\"https:\/\/terretabarefoot.com\/producto\/vaillo\/\",\"url\":\"https:\/\/terretabarefoot.com\/producto\/vaillo\/\",\"name\":\"Vaillo - Terreta barefoot\",\"isPartOf\":{\"@id\":\"https:\/\/terretabarefoot.com\/#website\"},\"primaryImageOfPage\":{\"@id\":\"https:\/\/terretabarefoot.com\/producto\/vaillo\/#primaryimage\"},\"image\":{\"@id\":\"https:\/\/terretabarefoot.com\/producto\/vaillo\/#primaryimage\"},\"thumbnailUrl\":\"https:\/\/terretabarefoot.com\/wp-content\/uploads\/2025\/05\/Vaillo-piel-leopardo-scaled.jpg\",\"datePublished\":\"2025-05-03T08:29:53+00:00\",\"dateModified\":\"2026-04-16T12:21:04+00:00\",\"breadcrumb\":{\"@id\":\"https:\/\/terretabarefoot.com\/producto\/vaillo\/#breadcrumb\"},\"inLanguage\":\"es\",\"potentialAction\":[{\"@type\":\"ReadAction\",\"target\":[\"https:\/\/terretabarefoot.com\/producto\/vaillo\/\"]}]},{\"@type\":\"ImageObject\",\"inLanguage\":\"es\",\"@id\":\"https:\/\/terretabarefoot.com\/producto\/vaillo\/#primaryimage\",\"url\":\"https:\/\/terretabarefoot.com\/wp-content\/uploads\/2025\/05\/Vaillo-piel-leopardo-scaled.jpg\",\"contentUrl\":\"https:\/\/terretabarefoot.com\/wp-content\/uploads\/2025\/05\/Vaillo-piel-leopardo-scaled.jpg\",\"width\":2560,\"height\":2231},{\"@type\":\"BreadcrumbList\",\"@id\":\"https:\/\/terretabarefoot.com\/producto\/vaillo\/#breadcrumb\",\"itemListElement\":[{\"@type\":\"ListItem\",\"position\":1,\"name\":\"Portada\",\"item\":\"https:\/\/terretabarefoot.com\/\"},{\"@type\":\"ListItem\",\"position\":2,\"name\":\"Tienda\",\"item\":\"https:\/\/terretabarefoot.com\/tienda\/\"},{\"@type\":\"ListItem\",\"position\":3,\"name\":\"Vaillo\"}]},{\"@type\":\"WebSite\",\"@id\":\"https:\/\/terretabarefoot.com\/#website\",\"url\":\"https:\/\/terretabarefoot.com\/\",\"name\":\"Terreta barefoot\",\"description\":\"It\u00b4s barefoot time :-)\",\"publisher\":{\"@id\":\"https:\/\/terretabarefoot.com\/#organization\"},\"potentialAction\":[{\"@type\":\"SearchAction\",\"target\":{\"@type\":\"EntryPoint\",\"urlTemplate\":\"https:\/\/terretabarefoot.com\/?s={search_term_string}\"},\"query-input\":{\"@type\":\"PropertyValueSpecification\",\"valueRequired\":true,\"valueName\":\"search_term_string\"}}],\"inLanguage\":\"es\"},{\"@type\":\"Organization\",\"@id\":\"https:\/\/terretabarefoot.com\/#organization\",\"name\":\"Terreta barefoot\",\"url\":\"https:\/\/terretabarefoot.com\/\",\"logo\":{\"@type\":\"ImageObject\",\"inLanguage\":\"es\",\"@id\":\"https:\/\/terretabarefoot.com\/#\/schema\/logo\/image\/\",\"url\":\"https:\/\/terretabarefoot.com\/wp-content\/uploads\/2023\/11\/895f73df-647a-4039-ad35-2894cebe7370.png\",\"contentUrl\":\"https:\/\/terretabarefoot.com\/wp-content\/uploads\/2023\/11\/895f73df-647a-4039-ad35-2894cebe7370.png\",\"width\":150,\"height\":99,\"caption\":\"Terreta barefoot\"},\"image\":{\"@id\":\"https:\/\/terretabarefoot.com\/#\/schema\/logo\/image\/\"}}]}<\/script>\n<!-- \/ Yoast SEO plugin. -->","yoast_head_json":{"title":"Vaillo - Terreta pieds nus","robots":{"index":"index","follow":"follow","max-snippet":"max-snippet:-1","max-image-preview":"max-image-preview:large","max-video-preview":"max-video-preview:-1"},"canonical":"https:\/\/terretabarefoot.com\/fr\/produit\/vaillo\/","og_locale":"fr_FR","og_type":"article","og_title":"Vaillo - Terreta barefoot","og_description":"La sandalia Vaillo ha sido dise\u00f1ada para quienes buscan una conexi\u00f3n m\u00e1s natural con el suelo sin renunciar a un dise\u00f1o cuidado y vers\u00e1til. Confeccionada en piel 100% en todas sus partes \u2014corte, forro y planta\u2014, garantiza transpirabilidad, suavidad y durabilidad superiores, ideales para el uso diario. Su dise\u00f1o tipo\u00a0 esclava, con nudo frontal y cierre de hebilla combina estilo cl\u00e1sico y sujeci\u00f3n segura, adapt\u00e1ndose perfectamente al pie sin comprimirlo. La plantilla plana y el dise\u00f1o barefoot permiten que tus pies se muevan como si caminaras descalza, cuidando tu postura y ofreciendo una sensaci\u00f3n de libertad total. Con una suela de tan solo 0.9 cm de grosor, que incluye 0.2 cm de esponja de gel, esta sandalia proporciona amortiguaci\u00f3n ligera sin perder la conexi\u00f3n con el terreno. Aqu\u00ed puedes consultar nuestra Gu\u00eda de tallas: VER","og_url":"https:\/\/terretabarefoot.com\/fr\/produit\/vaillo\/","og_site_name":"Terreta barefoot","article_modified_time":"2026-04-16T12:21:04+00:00","og_image":[{"width":2560,"height":2231,"url":"https:\/\/terretabarefoot.com\/wp-content\/uploads\/2025\/05\/Vaillo-piel-leopardo-scaled.jpg","type":"image\/jpeg"}],"twitter_card":"summary_large_image","twitter_misc":{"Tiempo de lectura":"2 minutos"},"schema":{"@context":"https:\/\/schema.org","@graph":[{"@type":"WebPage","@id":"https:\/\/terretabarefoot.com\/producto\/vaillo\/","url":"https:\/\/terretabarefoot.com\/producto\/vaillo\/","name":"Vaillo - Terreta pieds nus","isPartOf":{"@id":"https:\/\/terretabarefoot.com\/#website"},"primaryImageOfPage":{"@id":"https:\/\/terretabarefoot.com\/producto\/vaillo\/#primaryimage"},"image":{"@id":"https:\/\/terretabarefoot.com\/producto\/vaillo\/#primaryimage"},"thumbnailUrl":"https:\/\/terretabarefoot.com\/wp-content\/uploads\/2025\/05\/Vaillo-piel-leopardo-scaled.jpg","datePublished":"2025-05-03T08:29:53+00:00","dateModified":"2026-04-16T12:21:04+00:00","breadcrumb":{"@id":"https:\/\/terretabarefoot.com\/producto\/vaillo\/#breadcrumb"},"inLanguage":"es","potentialAction":[{"@type":"ReadAction","target":["https:\/\/terretabarefoot.com\/producto\/vaillo\/"]}]},{"@type":"ImageObject","inLanguage":"es","@id":"https:\/\/terretabarefoot.com\/producto\/vaillo\/#primaryimage","url":"https:\/\/terretabarefoot.com\/wp-content\/uploads\/2025\/05\/Vaillo-piel-leopardo-scaled.jpg","contentUrl":"https:\/\/terretabarefoot.com\/wp-content\/uploads\/2025\/05\/Vaillo-piel-leopardo-scaled.jpg","width":2560,"height":2231},{"@type":"BreadcrumbList","@id":"https:\/\/terretabarefoot.com\/producto\/vaillo\/#breadcrumb","itemListElement":[{"@type":"ListItem","position":1,"name":"Portada","item":"https:\/\/terretabarefoot.com\/"},{"@type":"ListItem","position":2,"name":"Tienda","item":"https:\/\/terretabarefoot.com\/tienda\/"},{"@type":"ListItem","position":3,"name":"Vaillo"}]},{"@type":"WebSite","@id":"https:\/\/terretabarefoot.com\/#website","url":"https:\/\/terretabarefoot.com\/","name":"Terreta pieds nus","description":"C&#039;est l&#039;heure de marcher pieds nus :-)","publisher":{"@id":"https:\/\/terretabarefoot.com\/#organization"},"potentialAction":[{"@type":"SearchAction","target":{"@type":"EntryPoint","urlTemplate":"https:\/\/terretabarefoot.com\/?s={search_term_string}"},"query-input":{"@type":"PropertyValueSpecification","valueRequired":true,"valueName":"search_term_string"}}],"inLanguage":"es"},{"@type":"Organization","@id":"https:\/\/terretabarefoot.com\/#organization","name":"Terreta pieds nus","url":"https:\/\/terretabarefoot.com\/","logo":{"@type":"ImageObject","inLanguage":"es","@id":"https:\/\/terretabarefoot.com\/#\/schema\/logo\/image\/","url":"https:\/\/terretabarefoot.com\/wp-content\/uploads\/2023\/11\/895f73df-647a-4039-ad35-2894cebe7370.png","contentUrl":"https:\/\/terretabarefoot.com\/wp-content\/uploads\/2023\/11\/895f73df-647a-4039-ad35-2894cebe7370.png","width":150,"height":99,"caption":"Terreta barefoot"},"image":{"@id":"https:\/\/terretabarefoot.com\/#\/schema\/logo\/image\/"}}]}},"_links":{"self":[{"href":"https:\/\/terretabarefoot.com\/fr\/wp-json\/wp\/v2\/product\/5718","targetHints":{"allow":["GET"]}}],"collection":[{"href":"https:\/\/terretabarefoot.com\/fr\/wp-json\/wp\/v2\/product"}],"about":[{"href":"https:\/\/terretabarefoot.com\/fr\/wp-json\/wp\/v2\/types\/product"}],"wp:featuredmedia":[{"embeddable":true,"href":"https:\/\/terretabarefoot.com\/fr\/wp-json\/wp\/v2\/media\/5721"}],"wp:attachment":[{"href":"https:\/\/terretabarefoot.com\/fr\/wp-json\/wp\/v2\/media?parent=5718"}],"wp:term":[{"taxonomy":"brand","embeddable":true,"href":"https:\/\/terretabarefoot.com\/fr\/wp-json\/wp\/v2\/etheme_brands?post=5718"},{"taxonomy":"product_brand","embeddable":true,"href":"https:\/\/terretabarefoot.com\/fr\/wp-json\/wp\/v2\/product_brand?post=5718"},{"taxonomy":"product_cat","embeddable":true,"href":"https:\/\/terretabarefoot.com\/fr\/wp-json\/wp\/v2\/product_cat?post=5718"},{"taxonomy":"product_tag","embeddable":true,"href":"https:\/\/terretabarefoot.com\/fr\/wp-json\/wp\/v2\/product_tag?post=5718"}],"curies":[{"name":"wp","href":"https:\/\/api.w.org\/{rel}","templated":true}]}}