{"id":8729,"date":"2025-08-26T18:11:35","date_gmt":"2025-08-26T16:11:35","guid":{"rendered":"https:\/\/terretabarefoot.com\/?post_type=product&#038;p=8729"},"modified":"2026-02-17T09:25:19","modified_gmt":"2026-02-17T07:25:19","slug":"mary-janes-mysterieuses-vegetaliennes","status":"publish","type":"product","link":"https:\/\/terretabarefoot.com\/fr\/producto\/merceditas-misteri-veganas\/","title":{"rendered":"Mary Janes v\u00e9g\u00e9taliennes Misteri"},"content":{"rendered":"<p class=\"\" data-start=\"279\" data-end=\"504\"><img decoding=\"async\" class=\"emoji\" role=\"img\" draggable=\"false\" src=\"https:\/\/s.w.org\/images\/core\/emoji\/16.0.1\/svg\/1f9b6.svg\" alt=\"\ud83e\uddb6\" \/>\u00a0<strong data-start=\"282\" data-end=\"340\">Zone des orteils anatomique \u2013 Respecte la forme naturelle de votre pied<\/strong><br data-start=\"340\" data-end=\"343\" \/>Con\u00e7u avec une forme\u00a0<strong data-start=\"366\" data-end=\"388\">large et ergonomique<\/strong>, L&#039;espace pr\u00e9vu pour les orteils permet \u00e0 ces derniers de s&#039;\u00e9tendre librement, offrant un confort maximal et \u00e9vitant toute pression inutile.<\/p>\n<p class=\"\" data-start=\"506\" data-end=\"718\"><img decoding=\"async\" class=\"emoji\" role=\"img\" draggable=\"false\" src=\"https:\/\/s.w.org\/images\/core\/emoji\/16.0.1\/svg\/2195.svg\" alt=\"\u2195\ufe0f\" \/>\u00a0<strong data-start=\"509\" data-end=\"559\">Z\u00e9ro chute \u2013 Mouvement naturel sans inclinaison<\/strong><br data-start=\"559\" data-end=\"562\" \/>La semelle \u00e0 drop z\u00e9ro maintient le talon et les orteils \u00e0 la m\u00eame hauteur, favorisant ainsi une foul\u00e9e plus stable.\u00a0<strong data-start=\"661\" data-end=\"682\">posture saine<\/strong>\u00a0et une foul\u00e9e plus naturelle et stable.<\/p>\n<p class=\"\" data-start=\"720\" data-end=\"911\"><img decoding=\"async\" class=\"emoji\" role=\"img\" draggable=\"false\" src=\"https:\/\/s.w.org\/images\/core\/emoji\/16.0.1\/svg\/1f388.svg\" alt=\"\ud83c\udf88\" \/>\u00a0<strong data-start=\"723\" data-end=\"773\">L\u00e9g\u00e8ret\u00e9 \u2013 Une l\u00e9g\u00e8ret\u00e9 que vous remarquerez \u00e0 chaque pas<\/strong><br data-start=\"773\" data-end=\"776\" \/>Fabriqu\u00e9es avec des mat\u00e9riaux ultral\u00e9gers, les Mary Janes <strong data-start=\"830\" data-end=\"841\">Myst\u00e8re <\/strong>Ils vous accompagnent sans effort. Marchez plus librement, sans fardeaux inutiles.<\/p>\n<p class=\"\" data-start=\"913\" data-end=\"1132\"><img decoding=\"async\" class=\"emoji\" role=\"img\" draggable=\"false\" src=\"https:\/\/s.w.org\/images\/core\/emoji\/16.0.1\/svg\/2728.svg\" alt=\"\u2728\" \/>\u00a0<strong data-start=\"916\" data-end=\"973\">Semelle int\u00e9rieure fine et plate \u2013 Contact maximal avec le sol<\/strong><br data-start=\"973\" data-end=\"976\" \/><strong data-start=\"1020\" data-end=\"1057\">\u00a0Semelle fine de seulement 0,6 cm d&#039;\u00e9paisseur<\/strong>, plus le gabarit amovible de <strong data-start=\"1070\" data-end=\"1098\">0,2 cm <\/strong>\u00a0pour plus de confort,\u00a0<strong data-start=\"1054\" data-end=\"1075\">Sentez le sol<\/strong>, Il am\u00e9liore votre \u00e9quilibre et renforce vos pieds \u00e0 chaque utilisation.<\/p>","protected":false},"excerpt":{"rendered":"<p data-start=\"658\" data-end=\"939\">Le <strong data-start=\"662\" data-end=\"701\">Mary Janes pieds nus <\/strong>\u00a0Elles sont con\u00e7ues pour celles et ceux qui recherchent des chaussures minimalistes, saines et polyvalentes. Leur design respecte la forme naturelle du pied, permettant une libert\u00e9 de mouvement des orteils et offrant le confort de la marche pieds nus.<\/p>\n<p data-start=\"941\" data-end=\"1263\">Fabriqu\u00e9 avec <strong data-start=\"960\" data-end=\"1005\">microfibre de haute qualit\u00e9 \u00e0 l&#039;ext\u00e9rieur<\/strong>, contribuer <strong data-start=\"1015\" data-end=\"1062\">Durabilit\u00e9, l\u00e9g\u00e8ret\u00e9 et finition \u00e9l\u00e9gante<\/strong> qui s&#039;accordent facilement avec tous les styles. \u00c0 l&#039;int\u00e9rieur, ils contiennent <strong data-start=\"1134\" data-end=\"1157\">doublure en bambou 100%<\/strong>, une mati\u00e8re naturelle, douce et respirante qui garde les pieds au frais et confortables toute la journ\u00e9e.<\/p>\n<p data-start=\"1265\" data-end=\"1440\">Il <strong data-start=\"1268\" data-end=\"1299\">fermeture \u00e0 boucle r\u00e9glable<\/strong> Elle assure un maintien ferme sans compression, tandis que <strong data-start=\"1358\" data-end=\"1394\">forme large et bout arrondi<\/strong> Elles permettent l&#039;expansion naturelle des doigts.<\/p>\n<p data-start=\"1442\" data-end=\"1709\">Merci \u00e0 vous <strong data-start=\"1455\" data-end=\"1501\">Semelle int\u00e9rieure plate et conception minimaliste sans drop<\/strong>, Elles favorisent une posture correcte et renforcent les muscles des pieds. <strong data-start=\"1574\" data-end=\"1600\">Semelle fine (6 mm)<\/strong> Elle offre une protection l\u00e9g\u00e8re tout en maintenant un contact avec le sol pour une exp\u00e9rience de libert\u00e9 totale.<\/p>\n<p data-start=\"2280\" data-end=\"2342\">Vous h\u00e9sitez sur la taille\u00a0? Consultez notre guide des tailles ici\u00a0: <span style=\"color: #ff0000;\"><a style=\"color: #ff0000;\" href=\"https:\/\/terretabarefoot.com\/fr\/guide-des-tailles-mary-jane\/\">VOIR<\/a><\/span><\/p>","protected":false},"featured_media":8767,"template":"","meta":[],"etheme_brands":[],"product_brand":[],"product_cat":[125,168],"product_tag":[],"class_list":{"0":"post-8729","1":"product","2":"type-product","3":"status-publish","4":"has-post-thumbnail","6":"product_cat-merceditas","7":"product_cat-veganos","8":"pa_talla-99","9":"pa_talla-73","10":"pa_talla-74","11":"pa_talla-75","12":"pa_talla-77","13":"pa_talla-78","14":"pa_talla-79","15":"pa_talla-80","17":"first","18":"outofstock","19":"taxable","20":"shipping-taxable","21":"purchasable","22":"product-type-variable"},"yoast_head":"<!-- This site is optimized with the Yoast SEO plugin v27.2 - https:\/\/yoast.com\/product\/yoast-seo-wordpress\/ -->\n<title>Merceditas Misteri veganas - Terreta barefoot<\/title>\n<meta name=\"robots\" content=\"index, follow, max-snippet:-1, max-image-preview:large, max-video-preview:-1\" \/>\n<link rel=\"canonical\" href=\"https:\/\/terretabarefoot.com\/fr\/produit\/mary-janes-mysterieuses-vegetaliennes\/\" \/>\n<meta property=\"og:locale\" content=\"fr_FR\" \/>\n<meta property=\"og:type\" content=\"article\" \/>\n<meta property=\"og:title\" content=\"Merceditas Misteri veganas - Terreta barefoot\" \/>\n<meta property=\"og:description\" content=\"Las Merceditas barefoot \u00a0est\u00e1n pensadas para quienes buscan un calzado minimalista, saludable y vers\u00e1til. Su dise\u00f1o respeta la forma natural del pie, permitiendo el movimiento libre de los dedos y ofreciendo la comodidad de caminar como si estuvieras descalza. Confeccionadas con microfibra de alta calidad en el exterior, aportan durabilidad, ligereza y un acabado elegante que combina f\u00e1cilmente con cualquier look. En el interior, cuentan con forro 100% de bamb\u00fa, un material natural, suave y transpirable que mantiene los pies frescos y c\u00f3modos durante todo el d\u00eda. El cierre de hebilla ajustable asegura una sujeci\u00f3n firme sin comprimir, mientras que la horma ancha y puntera redondeada permiten la expansi\u00f3n natural de los dedos. Gracias a su plantilla plana y dise\u00f1o barefoot sin drop, favorecen una postura correcta y fortalecen la musculatura del pie. Su fina Suela (6 mm) proporciona protecci\u00f3n ligera manteniendo la conexi\u00f3n con el suelo para una experiencia de libertad total. \u00bfTienes duda con tu talla? Aqu\u00ed puedes consultar nuestra Gu\u00eda de tallas : VER\" \/>\n<meta property=\"og:url\" content=\"https:\/\/terretabarefoot.com\/fr\/produit\/mary-janes-mysterieuses-vegetaliennes\/\" \/>\n<meta property=\"og:site_name\" content=\"Terreta barefoot\" \/>\n<meta property=\"article:modified_time\" content=\"2026-02-17T07:25:19+00:00\" \/>\n<meta property=\"og:image\" content=\"https:\/\/terretabarefoot.com\/wp-content\/uploads\/2025\/08\/Mercedita-collarin-cuero-scaled.jpg\" \/>\n\t<meta property=\"og:image:width\" content=\"2560\" \/>\n\t<meta property=\"og:image:height\" content=\"2222\" \/>\n\t<meta property=\"og:image:type\" content=\"image\/jpeg\" \/>\n<meta name=\"twitter:card\" content=\"summary_large_image\" \/>\n<meta name=\"twitter:label1\" content=\"Tiempo de lectura\" \/>\n\t<meta name=\"twitter:data1\" content=\"2 minutos\" \/>\n<script type=\"application\/ld+json\" class=\"yoast-schema-graph\">{\"@context\":\"https:\/\/schema.org\",\"@graph\":[{\"@type\":\"WebPage\",\"@id\":\"https:\/\/terretabarefoot.com\/producto\/merceditas-misteri-veganas\/\",\"url\":\"https:\/\/terretabarefoot.com\/producto\/merceditas-misteri-veganas\/\",\"name\":\"Merceditas Misteri veganas - Terreta barefoot\",\"isPartOf\":{\"@id\":\"https:\/\/terretabarefoot.com\/#website\"},\"primaryImageOfPage\":{\"@id\":\"https:\/\/terretabarefoot.com\/producto\/merceditas-misteri-veganas\/#primaryimage\"},\"image\":{\"@id\":\"https:\/\/terretabarefoot.com\/producto\/merceditas-misteri-veganas\/#primaryimage\"},\"thumbnailUrl\":\"https:\/\/terretabarefoot.com\/wp-content\/uploads\/2025\/08\/Mercedita-collarin-cuero-scaled.jpg\",\"datePublished\":\"2025-08-26T16:11:35+00:00\",\"dateModified\":\"2026-02-17T07:25:19+00:00\",\"breadcrumb\":{\"@id\":\"https:\/\/terretabarefoot.com\/producto\/merceditas-misteri-veganas\/#breadcrumb\"},\"inLanguage\":\"es\",\"potentialAction\":[{\"@type\":\"ReadAction\",\"target\":[\"https:\/\/terretabarefoot.com\/producto\/merceditas-misteri-veganas\/\"]}]},{\"@type\":\"ImageObject\",\"inLanguage\":\"es\",\"@id\":\"https:\/\/terretabarefoot.com\/producto\/merceditas-misteri-veganas\/#primaryimage\",\"url\":\"https:\/\/terretabarefoot.com\/wp-content\/uploads\/2025\/08\/Mercedita-collarin-cuero-scaled.jpg\",\"contentUrl\":\"https:\/\/terretabarefoot.com\/wp-content\/uploads\/2025\/08\/Mercedita-collarin-cuero-scaled.jpg\",\"width\":2560,\"height\":2222},{\"@type\":\"BreadcrumbList\",\"@id\":\"https:\/\/terretabarefoot.com\/producto\/merceditas-misteri-veganas\/#breadcrumb\",\"itemListElement\":[{\"@type\":\"ListItem\",\"position\":1,\"name\":\"Portada\",\"item\":\"https:\/\/terretabarefoot.com\/\"},{\"@type\":\"ListItem\",\"position\":2,\"name\":\"Tienda\",\"item\":\"https:\/\/terretabarefoot.com\/tienda\/\"},{\"@type\":\"ListItem\",\"position\":3,\"name\":\"Merceditas Misteri veganas\"}]},{\"@type\":\"WebSite\",\"@id\":\"https:\/\/terretabarefoot.com\/#website\",\"url\":\"https:\/\/terretabarefoot.com\/\",\"name\":\"Terreta barefoot\",\"description\":\"It\u00b4s barefoot time :-)\",\"publisher\":{\"@id\":\"https:\/\/terretabarefoot.com\/#organization\"},\"potentialAction\":[{\"@type\":\"SearchAction\",\"target\":{\"@type\":\"EntryPoint\",\"urlTemplate\":\"https:\/\/terretabarefoot.com\/?s={search_term_string}\"},\"query-input\":{\"@type\":\"PropertyValueSpecification\",\"valueRequired\":true,\"valueName\":\"search_term_string\"}}],\"inLanguage\":\"es\"},{\"@type\":\"Organization\",\"@id\":\"https:\/\/terretabarefoot.com\/#organization\",\"name\":\"Terreta barefoot\",\"url\":\"https:\/\/terretabarefoot.com\/\",\"logo\":{\"@type\":\"ImageObject\",\"inLanguage\":\"es\",\"@id\":\"https:\/\/terretabarefoot.com\/#\/schema\/logo\/image\/\",\"url\":\"https:\/\/terretabarefoot.com\/wp-content\/uploads\/2023\/11\/895f73df-647a-4039-ad35-2894cebe7370.png\",\"contentUrl\":\"https:\/\/terretabarefoot.com\/wp-content\/uploads\/2023\/11\/895f73df-647a-4039-ad35-2894cebe7370.png\",\"width\":150,\"height\":99,\"caption\":\"Terreta barefoot\"},\"image\":{\"@id\":\"https:\/\/terretabarefoot.com\/#\/schema\/logo\/image\/\"}}]}<\/script>\n<!-- \/ Yoast SEO plugin. -->","yoast_head_json":{"title":"Vegan Mary Janes Misteri - Terreta pieds nus","robots":{"index":"index","follow":"follow","max-snippet":"max-snippet:-1","max-image-preview":"max-image-preview:large","max-video-preview":"max-video-preview:-1"},"canonical":"https:\/\/terretabarefoot.com\/fr\/produit\/mary-janes-mysterieuses-vegetaliennes\/","og_locale":"fr_FR","og_type":"article","og_title":"Merceditas Misteri veganas - Terreta barefoot","og_description":"Las Merceditas barefoot \u00a0est\u00e1n pensadas para quienes buscan un calzado minimalista, saludable y vers\u00e1til. Su dise\u00f1o respeta la forma natural del pie, permitiendo el movimiento libre de los dedos y ofreciendo la comodidad de caminar como si estuvieras descalza. Confeccionadas con microfibra de alta calidad en el exterior, aportan durabilidad, ligereza y un acabado elegante que combina f\u00e1cilmente con cualquier look. En el interior, cuentan con forro 100% de bamb\u00fa, un material natural, suave y transpirable que mantiene los pies frescos y c\u00f3modos durante todo el d\u00eda. El cierre de hebilla ajustable asegura una sujeci\u00f3n firme sin comprimir, mientras que la horma ancha y puntera redondeada permiten la expansi\u00f3n natural de los dedos. Gracias a su plantilla plana y dise\u00f1o barefoot sin drop, favorecen una postura correcta y fortalecen la musculatura del pie. Su fina Suela (6 mm) proporciona protecci\u00f3n ligera manteniendo la conexi\u00f3n con el suelo para una experiencia de libertad total. \u00bfTienes duda con tu talla? Aqu\u00ed puedes consultar nuestra Gu\u00eda de tallas : VER","og_url":"https:\/\/terretabarefoot.com\/fr\/produit\/mary-janes-mysterieuses-vegetaliennes\/","og_site_name":"Terreta barefoot","article_modified_time":"2026-02-17T07:25:19+00:00","og_image":[{"width":2560,"height":2222,"url":"https:\/\/terretabarefoot.com\/wp-content\/uploads\/2025\/08\/Mercedita-collarin-cuero-scaled.jpg","type":"image\/jpeg"}],"twitter_card":"summary_large_image","twitter_misc":{"Tiempo de lectura":"2 minutos"},"schema":{"@context":"https:\/\/schema.org","@graph":[{"@type":"WebPage","@id":"https:\/\/terretabarefoot.com\/producto\/merceditas-misteri-veganas\/","url":"https:\/\/terretabarefoot.com\/producto\/merceditas-misteri-veganas\/","name":"Vegan Mary Janes Misteri - Terreta pieds nus","isPartOf":{"@id":"https:\/\/terretabarefoot.com\/#website"},"primaryImageOfPage":{"@id":"https:\/\/terretabarefoot.com\/producto\/merceditas-misteri-veganas\/#primaryimage"},"image":{"@id":"https:\/\/terretabarefoot.com\/producto\/merceditas-misteri-veganas\/#primaryimage"},"thumbnailUrl":"https:\/\/terretabarefoot.com\/wp-content\/uploads\/2025\/08\/Mercedita-collarin-cuero-scaled.jpg","datePublished":"2025-08-26T16:11:35+00:00","dateModified":"2026-02-17T07:25:19+00:00","breadcrumb":{"@id":"https:\/\/terretabarefoot.com\/producto\/merceditas-misteri-veganas\/#breadcrumb"},"inLanguage":"es","potentialAction":[{"@type":"ReadAction","target":["https:\/\/terretabarefoot.com\/producto\/merceditas-misteri-veganas\/"]}]},{"@type":"ImageObject","inLanguage":"es","@id":"https:\/\/terretabarefoot.com\/producto\/merceditas-misteri-veganas\/#primaryimage","url":"https:\/\/terretabarefoot.com\/wp-content\/uploads\/2025\/08\/Mercedita-collarin-cuero-scaled.jpg","contentUrl":"https:\/\/terretabarefoot.com\/wp-content\/uploads\/2025\/08\/Mercedita-collarin-cuero-scaled.jpg","width":2560,"height":2222},{"@type":"BreadcrumbList","@id":"https:\/\/terretabarefoot.com\/producto\/merceditas-misteri-veganas\/#breadcrumb","itemListElement":[{"@type":"ListItem","position":1,"name":"Portada","item":"https:\/\/terretabarefoot.com\/"},{"@type":"ListItem","position":2,"name":"Tienda","item":"https:\/\/terretabarefoot.com\/tienda\/"},{"@type":"ListItem","position":3,"name":"Merceditas Misteri veganas"}]},{"@type":"WebSite","@id":"https:\/\/terretabarefoot.com\/#website","url":"https:\/\/terretabarefoot.com\/","name":"Terreta pieds nus","description":"C&#039;est l&#039;heure de marcher pieds nus :-)","publisher":{"@id":"https:\/\/terretabarefoot.com\/#organization"},"potentialAction":[{"@type":"SearchAction","target":{"@type":"EntryPoint","urlTemplate":"https:\/\/terretabarefoot.com\/?s={search_term_string}"},"query-input":{"@type":"PropertyValueSpecification","valueRequired":true,"valueName":"search_term_string"}}],"inLanguage":"es"},{"@type":"Organization","@id":"https:\/\/terretabarefoot.com\/#organization","name":"Terreta pieds nus","url":"https:\/\/terretabarefoot.com\/","logo":{"@type":"ImageObject","inLanguage":"es","@id":"https:\/\/terretabarefoot.com\/#\/schema\/logo\/image\/","url":"https:\/\/terretabarefoot.com\/wp-content\/uploads\/2023\/11\/895f73df-647a-4039-ad35-2894cebe7370.png","contentUrl":"https:\/\/terretabarefoot.com\/wp-content\/uploads\/2023\/11\/895f73df-647a-4039-ad35-2894cebe7370.png","width":150,"height":99,"caption":"Terreta barefoot"},"image":{"@id":"https:\/\/terretabarefoot.com\/#\/schema\/logo\/image\/"}}]}},"_links":{"self":[{"href":"https:\/\/terretabarefoot.com\/fr\/wp-json\/wp\/v2\/product\/8729","targetHints":{"allow":["GET"]}}],"collection":[{"href":"https:\/\/terretabarefoot.com\/fr\/wp-json\/wp\/v2\/product"}],"about":[{"href":"https:\/\/terretabarefoot.com\/fr\/wp-json\/wp\/v2\/types\/product"}],"wp:featuredmedia":[{"embeddable":true,"href":"https:\/\/terretabarefoot.com\/fr\/wp-json\/wp\/v2\/media\/8767"}],"wp:attachment":[{"href":"https:\/\/terretabarefoot.com\/fr\/wp-json\/wp\/v2\/media?parent=8729"}],"wp:term":[{"taxonomy":"brand","embeddable":true,"href":"https:\/\/terretabarefoot.com\/fr\/wp-json\/wp\/v2\/etheme_brands?post=8729"},{"taxonomy":"product_brand","embeddable":true,"href":"https:\/\/terretabarefoot.com\/fr\/wp-json\/wp\/v2\/product_brand?post=8729"},{"taxonomy":"product_cat","embeddable":true,"href":"https:\/\/terretabarefoot.com\/fr\/wp-json\/wp\/v2\/product_cat?post=8729"},{"taxonomy":"product_tag","embeddable":true,"href":"https:\/\/terretabarefoot.com\/fr\/wp-json\/wp\/v2\/product_tag?post=8729"}],"curies":[{"name":"wp","href":"https:\/\/api.w.org\/{rel}","templated":true}]}}