{"id":8838,"date":"2025-08-27T13:29:26","date_gmt":"2025-08-27T11:29:26","guid":{"rendered":"https:\/\/terretabarefoot.com\/?post_type=product&#038;p=8838"},"modified":"2026-04-11T20:45:38","modified_gmt":"2026-04-11T18:45:38","slug":"fesses-de-senia","status":"publish","type":"product","link":"https:\/\/terretabarefoot.com\/fr\/producto\/botin-senia\/","title":{"rendered":"Bottes S\u00e9nia"},"content":{"rendered":"<p class=\"\" data-start=\"279\" data-end=\"504\"><img decoding=\"async\" class=\"emoji\" role=\"img\" draggable=\"false\" src=\"https:\/\/s.w.org\/images\/core\/emoji\/15.1.0\/svg\/1f9b6.svg\" alt=\"\ud83e\uddb6\" \/>\u00a0<strong data-start=\"282\" data-end=\"340\">Zone des orteils anatomique \u2013 Respecte la forme naturelle de votre pied<\/strong><br data-start=\"340\" data-end=\"343\" \/>Con\u00e7u avec une forme\u00a0<strong data-start=\"366\" data-end=\"388\">large et ergonomique<\/strong>, L&#039;espace pr\u00e9vu pour les orteils permet \u00e0 ces derniers de s&#039;\u00e9tendre librement, offrant un confort maximal et \u00e9vitant toute pression inutile.<\/p>\n<p class=\"\" data-start=\"506\" data-end=\"718\"><img decoding=\"async\" class=\"emoji\" role=\"img\" draggable=\"false\" src=\"https:\/\/s.w.org\/images\/core\/emoji\/15.1.0\/svg\/2195.svg\" alt=\"\u2195\ufe0f\" \/>\u00a0<strong data-start=\"509\" data-end=\"559\">Z\u00e9ro chute \u2013 Mouvement naturel sans inclinaison<\/strong><br data-start=\"559\" data-end=\"562\" \/>La semelle \u00e0 drop z\u00e9ro maintient le talon et les orteils \u00e0 la m\u00eame hauteur, favorisant ainsi une foul\u00e9e plus stable.\u00a0<strong data-start=\"661\" data-end=\"682\">posture saine<\/strong>\u00a0et une foul\u00e9e plus naturelle et stable.<\/p>\n<p class=\"\" data-start=\"720\" data-end=\"911\"><img decoding=\"async\" class=\"emoji\" role=\"img\" draggable=\"false\" src=\"https:\/\/s.w.org\/images\/core\/emoji\/15.1.0\/svg\/1f388.svg\" alt=\"\ud83c\udf88\" \/>\u00a0<strong data-start=\"723\" data-end=\"773\">L\u00e9g\u00e8ret\u00e9 \u2013 Une l\u00e9g\u00e8ret\u00e9 que vous remarquerez \u00e0 chaque pas<\/strong><br data-start=\"773\" data-end=\"776\" \/>Fabriqu\u00e9es avec des mat\u00e9riaux tr\u00e8s l\u00e9gers, les bottes <strong data-start=\"830\" data-end=\"841\">S\u00e9nia<\/strong>\u00a0Ils vous accompagnent sans effort. Marchez plus librement, sans fardeaux inutiles.<\/p>\n<p class=\"\" data-start=\"913\" data-end=\"1132\"><img decoding=\"async\" class=\"emoji\" role=\"img\" draggable=\"false\" src=\"https:\/\/s.w.org\/images\/core\/emoji\/15.1.0\/svg\/2728.svg\" alt=\"\u2728\" \/>\u00a0<strong data-start=\"916\" data-end=\"973\">Semelle int\u00e9rieure fine et plate \u2013 Contact maximal avec le sol<\/strong><br data-start=\"973\" data-end=\"976\" \/><strong data-start=\"1020\" data-end=\"1057\">\u00a0Semelle fine,<\/strong> Nous utilisons la m\u00eame semelle que pour nos baskets, avec une \u00e9paisseur de 4 mm, offrant un excellent contact avec le sol, am\u00e9liorant votre \u00e9quilibre et renfor\u00e7ant vos pieds \u00e0 chaque utilisation.<\/p>","protected":false},"excerpt":{"rendered":"<p data-start=\"773\" data-end=\"1060\">Il <strong data-start=\"776\" data-end=\"800\">Bottes pieds nus S\u00e9nia<\/strong> Elle a \u00e9t\u00e9 con\u00e7ue pour accompagner le mouvement naturel du pied sans sacrifier le style ni le confort. Sa construction minimaliste, avec <strong data-start=\"933\" data-end=\"968\">Semelle minimaliste de 4 mm et drop nul<\/strong>, Elle permet de marcher comme pieds nus, am\u00e9liorant ainsi la posture et renfor\u00e7ant les muscles du pied.<\/p>\n<p data-start=\"1062\" data-end=\"1279\">Il <strong data-start=\"1065\" data-end=\"1091\">ext\u00e9rieur en microfibre<\/strong> Elle offre l\u00e9g\u00e8ret\u00e9, r\u00e9sistance \u00e0 l&#039;usage quotidien et une finition \u00e9l\u00e9gante, tout en \u00e9tant tr\u00e8s facile \u00e0 nettoyer et \u00e0 entretenir. Un mat\u00e9riau polyvalent qui garantit une grande durabilit\u00e9 sans compromettre le confort.<\/p>\n<p data-start=\"1062\" data-end=\"1279\">\u00c0 l&#039;int\u00e9rieur, le <strong data-start=\"233\" data-end=\"253\">Doublure en bambou 100%<\/strong> Elle offre un confort sup\u00e9rieur au coton\u00a0: plus respirante, elle r\u00e9gule mieux l\u2019humidit\u00e9, est naturellement antibact\u00e9rienne et douce au contact de la peau. De plus, elle est hypoallerg\u00e9nique et durable, prenant soin de vos pieds et de l\u2019environnement.<\/p>\n<p data-start=\"1794\" data-end=\"2076\">Il <strong data-start=\"1797\" data-end=\"1824\">syst\u00e8me de double verrouillage<\/strong> combine <strong data-start=\"1833\" data-end=\"1856\">lacets avant<\/strong> pour un ajustement sur mesure et <strong data-start=\"1888\" data-end=\"1919\">fermeture \u00e9clair int\u00e9rieure<\/strong> ce qui permet d&#039;enfiler ses chaussures rapidement.<\/p>\n<p data-start=\"2078\" data-end=\"2148\">\ud83d\udc49 Consultez notre guide des tailles pour choisir la v\u00f4tre.<span style=\"color: #ff0000;\"> <a style=\"color: #ff0000;\" href=\"https:\/\/terretabarefoot.com\/fr\/guide-des-tailles\/\">VOIR LE GUIDE<\/a><\/span><\/p>","protected":false},"featured_media":8843,"template":"","meta":[],"etheme_brands":[],"product_brand":[],"product_cat":[171,168],"product_tag":[],"class_list":{"0":"post-8838","1":"product","2":"type-product","3":"status-publish","4":"has-post-thumbnail","6":"product_cat-botines","7":"product_cat-veganos","8":"pa_talla-73","9":"pa_talla-74","10":"pa_talla-75","11":"pa_talla-77","12":"pa_talla-78","13":"pa_talla-79","14":"pa_talla-80","15":"pa_talla-81","17":"first","18":"instock","19":"sale","20":"taxable","21":"shipping-taxable","22":"purchasable","23":"product-type-variable"},"yoast_head":"<!-- This site is optimized with the Yoast SEO plugin v27.2 - https:\/\/yoast.com\/product\/yoast-seo-wordpress\/ -->\n<title>Botin S\u00e9nia - Terreta barefoot<\/title>\n<meta name=\"robots\" content=\"index, follow, max-snippet:-1, max-image-preview:large, max-video-preview:-1\" \/>\n<link rel=\"canonical\" href=\"https:\/\/terretabarefoot.com\/fr\/produit\/fesses-de-senia\/\" \/>\n<meta property=\"og:locale\" content=\"fr_FR\" \/>\n<meta property=\"og:type\" content=\"article\" \/>\n<meta property=\"og:title\" content=\"Botin S\u00e9nia - Terreta barefoot\" \/>\n<meta property=\"og:description\" content=\"El Bot\u00edn barefoot S\u00e9nia ha sido dise\u00f1ado para acompa\u00f1ar el movimiento natural del pie sin renunciar a estilo ni comodidad. Su construcci\u00f3n minimalista, con suela barefoot de 4 mm y drop 0, permite caminar como descalzo, mejorando la postura y reforzando la musculatura del pie. El exterior de microfibra aporta ligereza, resistencia al uso diario y un acabado elegante, adem\u00e1s de ser muy f\u00e1cil de limpiar y mantener. Un material vers\u00e1til que garantiza durabilidad sin sacrificar comodidad. En el interior, el forro 100% bamb\u00fa ofrece un confort superior al algod\u00f3n: es m\u00e1s transpirable, regula mejor la humedad, es antibacteriano por naturaleza y suave al contacto con la piel. Adem\u00e1s, es hipoalerg\u00e9nico y sostenible, cuidando tanto tus pies como el medioambiente. El doble sistema de cierre combina cordones delanteros para un ajuste personalizado y cremallera lateral interior que facilita calzarse r\u00e1pidamente. \ud83d\udc49 Consulta nuestra Gu\u00eda de tallas para elegir tu ajuste perfecto. VER GU\u00cdA\" \/>\n<meta property=\"og:url\" content=\"https:\/\/terretabarefoot.com\/fr\/produit\/fesses-de-senia\/\" \/>\n<meta property=\"og:site_name\" content=\"Terreta barefoot\" \/>\n<meta property=\"article:modified_time\" content=\"2026-04-11T18:45:38+00:00\" \/>\n<meta property=\"og:image\" content=\"https:\/\/terretabarefoot.com\/wp-content\/uploads\/2025\/08\/negro-liso.png\" \/>\n\t<meta property=\"og:image:width\" content=\"1024\" \/>\n\t<meta property=\"og:image:height\" content=\"1024\" \/>\n\t<meta property=\"og:image:type\" content=\"image\/png\" \/>\n<meta name=\"twitter:card\" content=\"summary_large_image\" \/>\n<meta name=\"twitter:label1\" content=\"Tiempo de lectura\" \/>\n\t<meta name=\"twitter:data1\" content=\"2 minutos\" \/>\n<script type=\"application\/ld+json\" class=\"yoast-schema-graph\">{\"@context\":\"https:\/\/schema.org\",\"@graph\":[{\"@type\":\"WebPage\",\"@id\":\"https:\/\/terretabarefoot.com\/producto\/botin-senia\/\",\"url\":\"https:\/\/terretabarefoot.com\/producto\/botin-senia\/\",\"name\":\"Botin S\u00e9nia - Terreta barefoot\",\"isPartOf\":{\"@id\":\"https:\/\/terretabarefoot.com\/#website\"},\"primaryImageOfPage\":{\"@id\":\"https:\/\/terretabarefoot.com\/producto\/botin-senia\/#primaryimage\"},\"image\":{\"@id\":\"https:\/\/terretabarefoot.com\/producto\/botin-senia\/#primaryimage\"},\"thumbnailUrl\":\"https:\/\/terretabarefoot.com\/wp-content\/uploads\/2025\/08\/negro-liso.png\",\"datePublished\":\"2025-08-27T11:29:26+00:00\",\"dateModified\":\"2026-04-11T18:45:38+00:00\",\"breadcrumb\":{\"@id\":\"https:\/\/terretabarefoot.com\/producto\/botin-senia\/#breadcrumb\"},\"inLanguage\":\"es\",\"potentialAction\":[{\"@type\":\"ReadAction\",\"target\":[\"https:\/\/terretabarefoot.com\/producto\/botin-senia\/\"]}]},{\"@type\":\"ImageObject\",\"inLanguage\":\"es\",\"@id\":\"https:\/\/terretabarefoot.com\/producto\/botin-senia\/#primaryimage\",\"url\":\"https:\/\/terretabarefoot.com\/wp-content\/uploads\/2025\/08\/negro-liso.png\",\"contentUrl\":\"https:\/\/terretabarefoot.com\/wp-content\/uploads\/2025\/08\/negro-liso.png\",\"width\":1024,\"height\":1024},{\"@type\":\"BreadcrumbList\",\"@id\":\"https:\/\/terretabarefoot.com\/producto\/botin-senia\/#breadcrumb\",\"itemListElement\":[{\"@type\":\"ListItem\",\"position\":1,\"name\":\"Portada\",\"item\":\"https:\/\/terretabarefoot.com\/\"},{\"@type\":\"ListItem\",\"position\":2,\"name\":\"Tienda\",\"item\":\"https:\/\/terretabarefoot.com\/tienda\/\"},{\"@type\":\"ListItem\",\"position\":3,\"name\":\"Botin S\u00e9nia\"}]},{\"@type\":\"WebSite\",\"@id\":\"https:\/\/terretabarefoot.com\/#website\",\"url\":\"https:\/\/terretabarefoot.com\/\",\"name\":\"Terreta barefoot\",\"description\":\"It\u00b4s barefoot time :-)\",\"publisher\":{\"@id\":\"https:\/\/terretabarefoot.com\/#organization\"},\"potentialAction\":[{\"@type\":\"SearchAction\",\"target\":{\"@type\":\"EntryPoint\",\"urlTemplate\":\"https:\/\/terretabarefoot.com\/?s={search_term_string}\"},\"query-input\":{\"@type\":\"PropertyValueSpecification\",\"valueRequired\":true,\"valueName\":\"search_term_string\"}}],\"inLanguage\":\"es\"},{\"@type\":\"Organization\",\"@id\":\"https:\/\/terretabarefoot.com\/#organization\",\"name\":\"Terreta barefoot\",\"url\":\"https:\/\/terretabarefoot.com\/\",\"logo\":{\"@type\":\"ImageObject\",\"inLanguage\":\"es\",\"@id\":\"https:\/\/terretabarefoot.com\/#\/schema\/logo\/image\/\",\"url\":\"https:\/\/terretabarefoot.com\/wp-content\/uploads\/2023\/11\/895f73df-647a-4039-ad35-2894cebe7370.png\",\"contentUrl\":\"https:\/\/terretabarefoot.com\/wp-content\/uploads\/2023\/11\/895f73df-647a-4039-ad35-2894cebe7370.png\",\"width\":150,\"height\":99,\"caption\":\"Terreta barefoot\"},\"image\":{\"@id\":\"https:\/\/terretabarefoot.com\/#\/schema\/logo\/image\/\"}}]}<\/script>\n<!-- \/ Yoast SEO plugin. -->","yoast_head_json":{"title":"Botte S\u00e9nia - Terreta pieds nus","robots":{"index":"index","follow":"follow","max-snippet":"max-snippet:-1","max-image-preview":"max-image-preview:large","max-video-preview":"max-video-preview:-1"},"canonical":"https:\/\/terretabarefoot.com\/fr\/produit\/fesses-de-senia\/","og_locale":"fr_FR","og_type":"article","og_title":"Botin S\u00e9nia - Terreta barefoot","og_description":"El Bot\u00edn barefoot S\u00e9nia ha sido dise\u00f1ado para acompa\u00f1ar el movimiento natural del pie sin renunciar a estilo ni comodidad. Su construcci\u00f3n minimalista, con suela barefoot de 4 mm y drop 0, permite caminar como descalzo, mejorando la postura y reforzando la musculatura del pie. El exterior de microfibra aporta ligereza, resistencia al uso diario y un acabado elegante, adem\u00e1s de ser muy f\u00e1cil de limpiar y mantener. Un material vers\u00e1til que garantiza durabilidad sin sacrificar comodidad. En el interior, el forro 100% bamb\u00fa ofrece un confort superior al algod\u00f3n: es m\u00e1s transpirable, regula mejor la humedad, es antibacteriano por naturaleza y suave al contacto con la piel. Adem\u00e1s, es hipoalerg\u00e9nico y sostenible, cuidando tanto tus pies como el medioambiente. El doble sistema de cierre combina cordones delanteros para un ajuste personalizado y cremallera lateral interior que facilita calzarse r\u00e1pidamente. \ud83d\udc49 Consulta nuestra Gu\u00eda de tallas para elegir tu ajuste perfecto. VER GU\u00cdA","og_url":"https:\/\/terretabarefoot.com\/fr\/produit\/fesses-de-senia\/","og_site_name":"Terreta barefoot","article_modified_time":"2026-04-11T18:45:38+00:00","og_image":[{"width":1024,"height":1024,"url":"https:\/\/terretabarefoot.com\/wp-content\/uploads\/2025\/08\/negro-liso.png","type":"image\/png"}],"twitter_card":"summary_large_image","twitter_misc":{"Tiempo de lectura":"2 minutos"},"schema":{"@context":"https:\/\/schema.org","@graph":[{"@type":"WebPage","@id":"https:\/\/terretabarefoot.com\/producto\/botin-senia\/","url":"https:\/\/terretabarefoot.com\/producto\/botin-senia\/","name":"Botte S\u00e9nia - Terreta pieds nus","isPartOf":{"@id":"https:\/\/terretabarefoot.com\/#website"},"primaryImageOfPage":{"@id":"https:\/\/terretabarefoot.com\/producto\/botin-senia\/#primaryimage"},"image":{"@id":"https:\/\/terretabarefoot.com\/producto\/botin-senia\/#primaryimage"},"thumbnailUrl":"https:\/\/terretabarefoot.com\/wp-content\/uploads\/2025\/08\/negro-liso.png","datePublished":"2025-08-27T11:29:26+00:00","dateModified":"2026-04-11T18:45:38+00:00","breadcrumb":{"@id":"https:\/\/terretabarefoot.com\/producto\/botin-senia\/#breadcrumb"},"inLanguage":"es","potentialAction":[{"@type":"ReadAction","target":["https:\/\/terretabarefoot.com\/producto\/botin-senia\/"]}]},{"@type":"ImageObject","inLanguage":"es","@id":"https:\/\/terretabarefoot.com\/producto\/botin-senia\/#primaryimage","url":"https:\/\/terretabarefoot.com\/wp-content\/uploads\/2025\/08\/negro-liso.png","contentUrl":"https:\/\/terretabarefoot.com\/wp-content\/uploads\/2025\/08\/negro-liso.png","width":1024,"height":1024},{"@type":"BreadcrumbList","@id":"https:\/\/terretabarefoot.com\/producto\/botin-senia\/#breadcrumb","itemListElement":[{"@type":"ListItem","position":1,"name":"Portada","item":"https:\/\/terretabarefoot.com\/"},{"@type":"ListItem","position":2,"name":"Tienda","item":"https:\/\/terretabarefoot.com\/tienda\/"},{"@type":"ListItem","position":3,"name":"Botin S\u00e9nia"}]},{"@type":"WebSite","@id":"https:\/\/terretabarefoot.com\/#website","url":"https:\/\/terretabarefoot.com\/","name":"Terreta pieds nus","description":"C&#039;est l&#039;heure de marcher pieds nus :-)","publisher":{"@id":"https:\/\/terretabarefoot.com\/#organization"},"potentialAction":[{"@type":"SearchAction","target":{"@type":"EntryPoint","urlTemplate":"https:\/\/terretabarefoot.com\/?s={search_term_string}"},"query-input":{"@type":"PropertyValueSpecification","valueRequired":true,"valueName":"search_term_string"}}],"inLanguage":"es"},{"@type":"Organization","@id":"https:\/\/terretabarefoot.com\/#organization","name":"Terreta pieds nus","url":"https:\/\/terretabarefoot.com\/","logo":{"@type":"ImageObject","inLanguage":"es","@id":"https:\/\/terretabarefoot.com\/#\/schema\/logo\/image\/","url":"https:\/\/terretabarefoot.com\/wp-content\/uploads\/2023\/11\/895f73df-647a-4039-ad35-2894cebe7370.png","contentUrl":"https:\/\/terretabarefoot.com\/wp-content\/uploads\/2023\/11\/895f73df-647a-4039-ad35-2894cebe7370.png","width":150,"height":99,"caption":"Terreta barefoot"},"image":{"@id":"https:\/\/terretabarefoot.com\/#\/schema\/logo\/image\/"}}]}},"_links":{"self":[{"href":"https:\/\/terretabarefoot.com\/fr\/wp-json\/wp\/v2\/product\/8838","targetHints":{"allow":["GET"]}}],"collection":[{"href":"https:\/\/terretabarefoot.com\/fr\/wp-json\/wp\/v2\/product"}],"about":[{"href":"https:\/\/terretabarefoot.com\/fr\/wp-json\/wp\/v2\/types\/product"}],"wp:featuredmedia":[{"embeddable":true,"href":"https:\/\/terretabarefoot.com\/fr\/wp-json\/wp\/v2\/media\/8843"}],"wp:attachment":[{"href":"https:\/\/terretabarefoot.com\/fr\/wp-json\/wp\/v2\/media?parent=8838"}],"wp:term":[{"taxonomy":"brand","embeddable":true,"href":"https:\/\/terretabarefoot.com\/fr\/wp-json\/wp\/v2\/etheme_brands?post=8838"},{"taxonomy":"product_brand","embeddable":true,"href":"https:\/\/terretabarefoot.com\/fr\/wp-json\/wp\/v2\/product_brand?post=8838"},{"taxonomy":"product_cat","embeddable":true,"href":"https:\/\/terretabarefoot.com\/fr\/wp-json\/wp\/v2\/product_cat?post=8838"},{"taxonomy":"product_tag","embeddable":true,"href":"https:\/\/terretabarefoot.com\/fr\/wp-json\/wp\/v2\/product_tag?post=8838"}],"curies":[{"name":"wp","href":"https:\/\/api.w.org\/{rel}","templated":true}]}}