{"id":9707,"date":"2025-10-04T05:16:04","date_gmt":"2025-10-04T05:16:04","guid":{"rendered":"https:\/\/terretabarefoot.com\/?post_type=product&#038;p=9707"},"modified":"2026-02-19T10:04:57","modified_gmt":"2026-02-19T08:04:57","slug":"carabassi-vegetalien","status":"publish","type":"product","link":"https:\/\/terretabarefoot.com\/fr\/producto\/carabassi-vegano\/","title":{"rendered":"Carabass\u00ed v\u00e9g\u00e9talien"},"content":{"rendered":"<p class=\"\" data-start=\"279\" data-end=\"504\"><img decoding=\"async\" class=\"emoji\" role=\"img\" draggable=\"false\" src=\"https:\/\/s.w.org\/images\/core\/emoji\/15.1.0\/svg\/1f9b6.svg\" alt=\"\ud83e\uddb6\" \/>\u00a0<strong data-start=\"282\" data-end=\"340\">Zone des orteils anatomique \u2013 Respecte la forme naturelle de votre pied<\/strong><br data-start=\"340\" data-end=\"343\" \/>Con\u00e7u avec une forme\u00a0<strong data-start=\"366\" data-end=\"388\">large et ergonomique<\/strong>, L&#039;espace pr\u00e9vu pour les orteils permet \u00e0 ces derniers de s&#039;\u00e9tendre librement, offrant un confort maximal et \u00e9vitant toute pression inutile.<\/p>\n<p class=\"\" data-start=\"506\" data-end=\"718\"><img decoding=\"async\" class=\"emoji\" role=\"img\" draggable=\"false\" src=\"https:\/\/s.w.org\/images\/core\/emoji\/15.1.0\/svg\/2195.svg\" alt=\"\u2195\ufe0f\" \/>\u00a0<strong data-start=\"509\" data-end=\"559\">Z\u00e9ro chute \u2013 Mouvement naturel sans inclinaison<\/strong><br data-start=\"559\" data-end=\"562\" \/>La semelle \u00e0 drop z\u00e9ro maintient le talon et les orteils \u00e0 la m\u00eame hauteur, favorisant ainsi une foul\u00e9e plus stable.\u00a0<strong data-start=\"661\" data-end=\"682\">posture saine<\/strong>\u00a0et une foul\u00e9e plus naturelle et stable.<\/p>\n<p class=\"\" data-start=\"720\" data-end=\"911\"><img decoding=\"async\" class=\"emoji\" role=\"img\" draggable=\"false\" src=\"https:\/\/s.w.org\/images\/core\/emoji\/15.1.0\/svg\/1f388.svg\" alt=\"\ud83c\udf88\" \/>\u00a0<strong data-start=\"723\" data-end=\"773\">L\u00e9g\u00e8ret\u00e9 \u2013 Une l\u00e9g\u00e8ret\u00e9 que vous remarquerez \u00e0 chaque pas<\/strong><br data-start=\"773\" data-end=\"776\" \/>Fabriqu\u00e9es avec des mat\u00e9riaux ultra-l\u00e9gers, les baskets Carabass\u00ed offrent une grande libert\u00e9 de mouvement. Marchez plus librement, sans encombrement inutile.<\/p>\n<p class=\"\" data-start=\"913\" data-end=\"1132\"><img decoding=\"async\" class=\"emoji\" role=\"img\" draggable=\"false\" src=\"https:\/\/s.w.org\/images\/core\/emoji\/15.1.0\/svg\/2728.svg\" alt=\"\u2728\" \/>\u00a0<strong data-start=\"916\" data-end=\"973\">Semelle int\u00e9rieure fine et plate \u2013 Contact maximal avec le sol<\/strong><br data-start=\"973\" data-end=\"976\" \/><strong data-start=\"1020\" data-end=\"1057\">\u00a0Semelle fine,<\/strong> Notre nouvelle semelle de 5 mm d&#039;\u00e9paisseur offre une excellente sensation au sol, am\u00e9liore votre \u00e9quilibre et renforce vos pieds \u00e0 chaque utilisation.<\/p>","protected":false},"excerpt":{"rendered":"<p data-start=\"773\" data-end=\"1060\"><span style=\"color: #99cc00;\">\u00a1\u00a1 PUNTOS IMPORTANTES!! <\/span><\/p>\n<p data-start=\"773\" data-end=\"1060\"><span style=\"color: #99cc00;\">1.-MODELO EN PREVENTA, LOS PEDIDOS SE EMPEZARAN A ENVIAR A FINALES DE NOVIEMBRE Y TERMINAREMOS DE ENVIAR\u00a0 A PRINCIPIO DE DICIEMBRE.<\/span><\/p>\n<p data-start=\"773\" data-end=\"1060\"><span style=\"color: #99cc00;\">2.-SOLO SE REALIZARA UN ENVIO, SI JUNTO A ESTE PEDIDO SE A\u00d1ADEN PARES EN STOCK, ESTOS SE RESERVARAN Y SE ENVIARAN JUNTO CON EL PEDIDO DE PREVENTA.<\/span><\/p>\n<p data-start=\"601\" data-end=\"852\">La <strong data-start=\"604\" data-end=\"634\">sneaker barefoot Carabass\u00ed<\/strong> ha sido dise\u00f1ada para quienes buscan un calzado urbano, saludable y sostenible. Con su estilo vers\u00e1til y actual, respeta la anatom\u00eda natural del pie y ofrece la sensaci\u00f3n de caminar descalzo con la protecci\u00f3n justa.<\/p>\n<p data-start=\"854\" data-end=\"1126\">Fabricada en <strong data-start=\"867\" data-end=\"946\">microfibra vegana de alta calidad combinada con suede de diferentes colores<\/strong>, aporta resistencia, ligereza y un look moderno que se adapta a cualquier ocasi\u00f3n. Adem\u00e1s de ser una alternativa cruelty-free, la microfibra es f\u00e1cil de mantener y muy duradera.<\/p>\n<p data-start=\"1128\" data-end=\"1338\">Su <strong data-start=\"1131\" data-end=\"1157\">suela barefoot de 5 mm<\/strong> proporciona flexibilidad y conexi\u00f3n con el suelo, mientras que la <strong data-start=\"1224\" data-end=\"1262\">horma ancha y la puntera anat\u00f3mica<\/strong> permiten que los dedos se expandan de manera natural, evitando presiones.<\/p>\n<p data-start=\"1340\" data-end=\"1565\">En el interior, el <strong data-start=\"1359\" data-end=\"1379\">forro 100% bamb\u00fa<\/strong> mejora las propiedades del algod\u00f3n: es m\u00e1s transpirable, regula mejor la humedad y aporta suavidad al contacto con la piel, manteniendo los pies frescos y c\u00f3modos durante todo el d\u00eda.<\/p>\n<p data-start=\"1567\" data-end=\"1637\">\ud83d\udc49 Consulta nuestra <a href=\"https:\/\/terretabarefoot.com\/guia-tallas-marina-carabassi\/\">[Gu\u00eda de tallas]<\/a> para elegir tu ajuste perfecto.<\/p>\n","protected":false},"featured_media":9779,"template":"","meta":[],"etheme_brands":[],"product_brand":[],"product_cat":[24],"product_tag":[],"class_list":{"0":"post-9707","1":"product","2":"type-product","3":"status-publish","4":"has-post-thumbnail","6":"product_cat-sin-categorizar","7":"pa_talla-73","8":"pa_talla-74","9":"pa_talla-75","10":"pa_talla-77","11":"pa_talla-78","12":"pa_talla-79","13":"pa_talla-80","14":"pa_talla-81","15":"pa_talla-82","16":"pa_talla-83","18":"first","19":"outofstock","20":"taxable","21":"shipping-taxable","22":"purchasable","23":"product-type-variable"},"yoast_head":"<!-- This site is optimized with the Yoast SEO plugin v27.2 - https:\/\/yoast.com\/product\/yoast-seo-wordpress\/ -->\n<title>Carabass\u00ed Vegano - Terreta barefoot<\/title>\n<meta name=\"robots\" content=\"index, follow, max-snippet:-1, max-image-preview:large, max-video-preview:-1\" \/>\n<link rel=\"canonical\" href=\"https:\/\/terretabarefoot.com\/fr\/produit\/carabassi-vegetalien\/\" \/>\n<meta property=\"og:locale\" content=\"fr_FR\" \/>\n<meta property=\"og:type\" content=\"article\" \/>\n<meta property=\"og:title\" content=\"Carabass\u00ed Vegano - Terreta barefoot\" \/>\n<meta property=\"og:description\" content=\"\u00a1\u00a1 PUNTOS IMPORTANTES!!  1.-MODELO EN PREVENTA, LOS PEDIDOS SE EMPEZARAN A ENVIAR A FINALES DE NOVIEMBRE Y TERMINAREMOS DE ENVIAR\u00a0 A PRINCIPIO DE DICIEMBRE. 2.-SOLO SE REALIZARA UN ENVIO, SI JUNTO A ESTE PEDIDO SE A\u00d1ADEN PARES EN STOCK, ESTOS SE RESERVARAN Y SE ENVIARAN JUNTO CON EL PEDIDO DE PREVENTA. La sneaker barefoot Carabass\u00ed ha sido dise\u00f1ada para quienes buscan un calzado urbano, saludable y sostenible. Con su estilo vers\u00e1til y actual, respeta la anatom\u00eda natural del pie y ofrece la sensaci\u00f3n de caminar descalzo con la protecci\u00f3n justa. Fabricada en microfibra vegana de alta calidad combinada con suede de diferentes colores, aporta resistencia, ligereza y un look moderno que se adapta a cualquier ocasi\u00f3n. Adem\u00e1s de ser una alternativa cruelty-free, la microfibra es f\u00e1cil de mantener y muy duradera. Su suela barefoot de 5 mm proporciona flexibilidad y conexi\u00f3n con el suelo, mientras que la horma ancha y la puntera anat\u00f3mica permiten que los dedos se expandan de manera natural, evitando presiones. En el interior, el forro 100% bamb\u00fa mejora las propiedades del algod\u00f3n: es m\u00e1s transpirable, regula mejor la humedad y aporta suavidad al contacto con la piel, manteniendo los pies frescos y c\u00f3modos durante todo el d\u00eda. \ud83d\udc49 Consulta nuestra [Gu\u00eda de tallas] para elegir tu ajuste perfecto.\" \/>\n<meta property=\"og:url\" content=\"https:\/\/terretabarefoot.com\/fr\/produit\/carabassi-vegetalien\/\" \/>\n<meta property=\"og:site_name\" content=\"Terreta barefoot\" \/>\n<meta property=\"article:modified_time\" content=\"2026-02-19T08:04:57+00:00\" \/>\n<meta property=\"og:image\" content=\"https:\/\/terretabarefoot.com\/wp-content\/uploads\/2025\/10\/Carabassi-blanco-cielo1-scaled.jpg\" \/>\n\t<meta property=\"og:image:width\" content=\"2560\" \/>\n\t<meta property=\"og:image:height\" content=\"2167\" \/>\n\t<meta property=\"og:image:type\" content=\"image\/jpeg\" \/>\n<meta name=\"twitter:card\" content=\"summary_large_image\" \/>\n<meta name=\"twitter:label1\" content=\"Tiempo de lectura\" \/>\n\t<meta name=\"twitter:data1\" content=\"2 minutos\" \/>\n<script type=\"application\/ld+json\" class=\"yoast-schema-graph\">{\"@context\":\"https:\/\/schema.org\",\"@graph\":[{\"@type\":\"WebPage\",\"@id\":\"https:\/\/terretabarefoot.com\/producto\/carabassi-vegano\/\",\"url\":\"https:\/\/terretabarefoot.com\/producto\/carabassi-vegano\/\",\"name\":\"Carabass\u00ed Vegano - Terreta barefoot\",\"isPartOf\":{\"@id\":\"https:\/\/terretabarefoot.com\/#website\"},\"primaryImageOfPage\":{\"@id\":\"https:\/\/terretabarefoot.com\/producto\/carabassi-vegano\/#primaryimage\"},\"image\":{\"@id\":\"https:\/\/terretabarefoot.com\/producto\/carabassi-vegano\/#primaryimage\"},\"thumbnailUrl\":\"https:\/\/terretabarefoot.com\/wp-content\/uploads\/2025\/10\/Carabassi-blanco-cielo1-scaled.jpg\",\"datePublished\":\"2025-10-04T05:16:04+00:00\",\"dateModified\":\"2026-02-19T08:04:57+00:00\",\"breadcrumb\":{\"@id\":\"https:\/\/terretabarefoot.com\/producto\/carabassi-vegano\/#breadcrumb\"},\"inLanguage\":\"es\",\"potentialAction\":[{\"@type\":\"ReadAction\",\"target\":[\"https:\/\/terretabarefoot.com\/producto\/carabassi-vegano\/\"]}]},{\"@type\":\"ImageObject\",\"inLanguage\":\"es\",\"@id\":\"https:\/\/terretabarefoot.com\/producto\/carabassi-vegano\/#primaryimage\",\"url\":\"https:\/\/terretabarefoot.com\/wp-content\/uploads\/2025\/10\/Carabassi-blanco-cielo1-scaled.jpg\",\"contentUrl\":\"https:\/\/terretabarefoot.com\/wp-content\/uploads\/2025\/10\/Carabassi-blanco-cielo1-scaled.jpg\",\"width\":2560,\"height\":2167},{\"@type\":\"BreadcrumbList\",\"@id\":\"https:\/\/terretabarefoot.com\/producto\/carabassi-vegano\/#breadcrumb\",\"itemListElement\":[{\"@type\":\"ListItem\",\"position\":1,\"name\":\"Portada\",\"item\":\"https:\/\/terretabarefoot.com\/\"},{\"@type\":\"ListItem\",\"position\":2,\"name\":\"Tienda\",\"item\":\"https:\/\/terretabarefoot.com\/tienda\/\"},{\"@type\":\"ListItem\",\"position\":3,\"name\":\"Carabass\u00ed Vegano\"}]},{\"@type\":\"WebSite\",\"@id\":\"https:\/\/terretabarefoot.com\/#website\",\"url\":\"https:\/\/terretabarefoot.com\/\",\"name\":\"Terreta barefoot\",\"description\":\"It\u00b4s barefoot time :-)\",\"publisher\":{\"@id\":\"https:\/\/terretabarefoot.com\/#organization\"},\"potentialAction\":[{\"@type\":\"SearchAction\",\"target\":{\"@type\":\"EntryPoint\",\"urlTemplate\":\"https:\/\/terretabarefoot.com\/?s={search_term_string}\"},\"query-input\":{\"@type\":\"PropertyValueSpecification\",\"valueRequired\":true,\"valueName\":\"search_term_string\"}}],\"inLanguage\":\"es\"},{\"@type\":\"Organization\",\"@id\":\"https:\/\/terretabarefoot.com\/#organization\",\"name\":\"Terreta barefoot\",\"url\":\"https:\/\/terretabarefoot.com\/\",\"logo\":{\"@type\":\"ImageObject\",\"inLanguage\":\"es\",\"@id\":\"https:\/\/terretabarefoot.com\/#\/schema\/logo\/image\/\",\"url\":\"https:\/\/terretabarefoot.com\/wp-content\/uploads\/2023\/11\/895f73df-647a-4039-ad35-2894cebe7370.png\",\"contentUrl\":\"https:\/\/terretabarefoot.com\/wp-content\/uploads\/2023\/11\/895f73df-647a-4039-ad35-2894cebe7370.png\",\"width\":150,\"height\":99,\"caption\":\"Terreta barefoot\"},\"image\":{\"@id\":\"https:\/\/terretabarefoot.com\/#\/schema\/logo\/image\/\"}}]}<\/script>\n<!-- \/ Yoast SEO plugin. -->","yoast_head_json":{"title":"Carabass\u00ed Vegano - Terreta pieds nus","robots":{"index":"index","follow":"follow","max-snippet":"max-snippet:-1","max-image-preview":"max-image-preview:large","max-video-preview":"max-video-preview:-1"},"canonical":"https:\/\/terretabarefoot.com\/fr\/produit\/carabassi-vegetalien\/","og_locale":"fr_FR","og_type":"article","og_title":"Carabass\u00ed Vegano - Terreta barefoot","og_description":"\u00a1\u00a1 PUNTOS IMPORTANTES!!  1.-MODELO EN PREVENTA, LOS PEDIDOS SE EMPEZARAN A ENVIAR A FINALES DE NOVIEMBRE Y TERMINAREMOS DE ENVIAR\u00a0 A PRINCIPIO DE DICIEMBRE. 2.-SOLO SE REALIZARA UN ENVIO, SI JUNTO A ESTE PEDIDO SE A\u00d1ADEN PARES EN STOCK, ESTOS SE RESERVARAN Y SE ENVIARAN JUNTO CON EL PEDIDO DE PREVENTA. La sneaker barefoot Carabass\u00ed ha sido dise\u00f1ada para quienes buscan un calzado urbano, saludable y sostenible. Con su estilo vers\u00e1til y actual, respeta la anatom\u00eda natural del pie y ofrece la sensaci\u00f3n de caminar descalzo con la protecci\u00f3n justa. Fabricada en microfibra vegana de alta calidad combinada con suede de diferentes colores, aporta resistencia, ligereza y un look moderno que se adapta a cualquier ocasi\u00f3n. Adem\u00e1s de ser una alternativa cruelty-free, la microfibra es f\u00e1cil de mantener y muy duradera. Su suela barefoot de 5 mm proporciona flexibilidad y conexi\u00f3n con el suelo, mientras que la horma ancha y la puntera anat\u00f3mica permiten que los dedos se expandan de manera natural, evitando presiones. En el interior, el forro 100% bamb\u00fa mejora las propiedades del algod\u00f3n: es m\u00e1s transpirable, regula mejor la humedad y aporta suavidad al contacto con la piel, manteniendo los pies frescos y c\u00f3modos durante todo el d\u00eda. \ud83d\udc49 Consulta nuestra [Gu\u00eda de tallas] para elegir tu ajuste perfecto.","og_url":"https:\/\/terretabarefoot.com\/fr\/produit\/carabassi-vegetalien\/","og_site_name":"Terreta barefoot","article_modified_time":"2026-02-19T08:04:57+00:00","og_image":[{"width":2560,"height":2167,"url":"https:\/\/terretabarefoot.com\/wp-content\/uploads\/2025\/10\/Carabassi-blanco-cielo1-scaled.jpg","type":"image\/jpeg"}],"twitter_card":"summary_large_image","twitter_misc":{"Tiempo de lectura":"2 minutos"},"schema":{"@context":"https:\/\/schema.org","@graph":[{"@type":"WebPage","@id":"https:\/\/terretabarefoot.com\/producto\/carabassi-vegano\/","url":"https:\/\/terretabarefoot.com\/producto\/carabassi-vegano\/","name":"Carabass\u00ed Vegano - Terreta pieds nus","isPartOf":{"@id":"https:\/\/terretabarefoot.com\/#website"},"primaryImageOfPage":{"@id":"https:\/\/terretabarefoot.com\/producto\/carabassi-vegano\/#primaryimage"},"image":{"@id":"https:\/\/terretabarefoot.com\/producto\/carabassi-vegano\/#primaryimage"},"thumbnailUrl":"https:\/\/terretabarefoot.com\/wp-content\/uploads\/2025\/10\/Carabassi-blanco-cielo1-scaled.jpg","datePublished":"2025-10-04T05:16:04+00:00","dateModified":"2026-02-19T08:04:57+00:00","breadcrumb":{"@id":"https:\/\/terretabarefoot.com\/producto\/carabassi-vegano\/#breadcrumb"},"inLanguage":"es","potentialAction":[{"@type":"ReadAction","target":["https:\/\/terretabarefoot.com\/producto\/carabassi-vegano\/"]}]},{"@type":"ImageObject","inLanguage":"es","@id":"https:\/\/terretabarefoot.com\/producto\/carabassi-vegano\/#primaryimage","url":"https:\/\/terretabarefoot.com\/wp-content\/uploads\/2025\/10\/Carabassi-blanco-cielo1-scaled.jpg","contentUrl":"https:\/\/terretabarefoot.com\/wp-content\/uploads\/2025\/10\/Carabassi-blanco-cielo1-scaled.jpg","width":2560,"height":2167},{"@type":"BreadcrumbList","@id":"https:\/\/terretabarefoot.com\/producto\/carabassi-vegano\/#breadcrumb","itemListElement":[{"@type":"ListItem","position":1,"name":"Portada","item":"https:\/\/terretabarefoot.com\/"},{"@type":"ListItem","position":2,"name":"Tienda","item":"https:\/\/terretabarefoot.com\/tienda\/"},{"@type":"ListItem","position":3,"name":"Carabass\u00ed Vegano"}]},{"@type":"WebSite","@id":"https:\/\/terretabarefoot.com\/#website","url":"https:\/\/terretabarefoot.com\/","name":"Terreta pieds nus","description":"C&#039;est l&#039;heure de marcher pieds nus :-)","publisher":{"@id":"https:\/\/terretabarefoot.com\/#organization"},"potentialAction":[{"@type":"SearchAction","target":{"@type":"EntryPoint","urlTemplate":"https:\/\/terretabarefoot.com\/?s={search_term_string}"},"query-input":{"@type":"PropertyValueSpecification","valueRequired":true,"valueName":"search_term_string"}}],"inLanguage":"es"},{"@type":"Organization","@id":"https:\/\/terretabarefoot.com\/#organization","name":"Terreta pieds nus","url":"https:\/\/terretabarefoot.com\/","logo":{"@type":"ImageObject","inLanguage":"es","@id":"https:\/\/terretabarefoot.com\/#\/schema\/logo\/image\/","url":"https:\/\/terretabarefoot.com\/wp-content\/uploads\/2023\/11\/895f73df-647a-4039-ad35-2894cebe7370.png","contentUrl":"https:\/\/terretabarefoot.com\/wp-content\/uploads\/2023\/11\/895f73df-647a-4039-ad35-2894cebe7370.png","width":150,"height":99,"caption":"Terreta barefoot"},"image":{"@id":"https:\/\/terretabarefoot.com\/#\/schema\/logo\/image\/"}}]}},"_links":{"self":[{"href":"https:\/\/terretabarefoot.com\/fr\/wp-json\/wp\/v2\/product\/9707","targetHints":{"allow":["GET"]}}],"collection":[{"href":"https:\/\/terretabarefoot.com\/fr\/wp-json\/wp\/v2\/product"}],"about":[{"href":"https:\/\/terretabarefoot.com\/fr\/wp-json\/wp\/v2\/types\/product"}],"wp:featuredmedia":[{"embeddable":true,"href":"https:\/\/terretabarefoot.com\/fr\/wp-json\/wp\/v2\/media\/9779"}],"wp:attachment":[{"href":"https:\/\/terretabarefoot.com\/fr\/wp-json\/wp\/v2\/media?parent=9707"}],"wp:term":[{"taxonomy":"brand","embeddable":true,"href":"https:\/\/terretabarefoot.com\/fr\/wp-json\/wp\/v2\/etheme_brands?post=9707"},{"taxonomy":"product_brand","embeddable":true,"href":"https:\/\/terretabarefoot.com\/fr\/wp-json\/wp\/v2\/product_brand?post=9707"},{"taxonomy":"product_cat","embeddable":true,"href":"https:\/\/terretabarefoot.com\/fr\/wp-json\/wp\/v2\/product_cat?post=9707"},{"taxonomy":"product_tag","embeddable":true,"href":"https:\/\/terretabarefoot.com\/fr\/wp-json\/wp\/v2\/product_tag?post=9707"}],"curies":[{"name":"wp","href":"https:\/\/api.w.org\/{rel}","templated":true}]}}