{"id":9976,"date":"2025-10-04T06:28:31","date_gmt":"2025-10-04T06:28:31","guid":{"rendered":"https:\/\/terretabarefoot.com\/?post_type=product&#038;p=9976"},"modified":"2026-02-19T10:24:14","modified_gmt":"2026-02-19T08:24:14","slug":"estampes-daugusta","status":"publish","type":"product","link":"https:\/\/terretabarefoot.com\/fr\/producto\/augusta-estampados\/","title":{"rendered":"Estampes d&#039;Augusta"},"content":{"rendered":"<p class=\"\" data-start=\"279\" data-end=\"504\"><img decoding=\"async\" class=\"emoji\" role=\"img\" draggable=\"false\" src=\"https:\/\/s.w.org\/images\/core\/emoji\/15.1.0\/svg\/1f9b6.svg\" alt=\"\ud83e\uddb6\" \/>\u00a0<strong data-start=\"282\" data-end=\"340\">Zone des orteils anatomique \u2013 Respecte la forme naturelle de votre pied<\/strong><br data-start=\"340\" data-end=\"343\" \/>Con\u00e7u avec une forme\u00a0<strong data-start=\"366\" data-end=\"388\">large et ergonomique<\/strong>, L&#039;espace pr\u00e9vu pour les orteils permet \u00e0 ces derniers de s&#039;\u00e9tendre librement, offrant un confort maximal et \u00e9vitant toute pression inutile.<\/p>\n<p class=\"\" data-start=\"506\" data-end=\"718\"><img decoding=\"async\" class=\"emoji\" role=\"img\" draggable=\"false\" src=\"https:\/\/s.w.org\/images\/core\/emoji\/15.1.0\/svg\/2195.svg\" alt=\"\u2195\ufe0f\" \/>\u00a0<strong data-start=\"509\" data-end=\"559\">Z\u00e9ro chute \u2013 Mouvement naturel sans inclinaison<\/strong><br data-start=\"559\" data-end=\"562\" \/>La semelle \u00e0 drop z\u00e9ro maintient le talon et les orteils \u00e0 la m\u00eame hauteur, favorisant ainsi une foul\u00e9e plus stable.\u00a0<strong data-start=\"661\" data-end=\"682\">posture saine<\/strong>\u00a0et une foul\u00e9e plus naturelle et stable.<\/p>\n<p class=\"\" data-start=\"720\" data-end=\"911\"><img decoding=\"async\" class=\"emoji\" role=\"img\" draggable=\"false\" src=\"https:\/\/s.w.org\/images\/core\/emoji\/15.1.0\/svg\/1f388.svg\" alt=\"\ud83c\udf88\" \/>\u00a0<strong data-start=\"723\" data-end=\"773\">L\u00e9g\u00e8ret\u00e9 \u2013 Une l\u00e9g\u00e8ret\u00e9 que vous remarquerez \u00e0 chaque pas<\/strong><br data-start=\"773\" data-end=\"776\" \/>Fabriqu\u00e9es avec des mat\u00e9riaux ultra-l\u00e9gers, les chaussures Augusta de Sneaker offrent une grande libert\u00e9 de mouvement. Marchez plus librement, sans contraintes inutiles.<\/p>\n<p class=\"\" data-start=\"913\" data-end=\"1132\"><img decoding=\"async\" class=\"emoji\" role=\"img\" draggable=\"false\" src=\"https:\/\/s.w.org\/images\/core\/emoji\/15.1.0\/svg\/2728.svg\" alt=\"\u2728\" \/>\u00a0<strong data-start=\"916\" data-end=\"973\">Semelle int\u00e9rieure fine et plate \u2013 Contact maximal avec le sol<\/strong><br data-start=\"973\" data-end=\"976\" \/><strong data-start=\"1020\" data-end=\"1057\">\u00a0Semelle fine,<\/strong> Notre nouvelle semelle de 5 mm d&#039;\u00e9paisseur offre une excellente sensation au sol, am\u00e9liore votre \u00e9quilibre et renforce vos pieds \u00e0 chaque utilisation.<\/p>","protected":false},"excerpt":{"rendered":"<p data-start=\"619\" data-end=\"749\">El <strong data-start=\"622\" data-end=\"642\">Augusta barefoot<\/strong> se renueva con una edici\u00f3n estampada que combina materiales de calidad, comodidad y un estilo llamativo.<\/p>\n<ul data-start=\"751\" data-end=\"1127\">\n<li data-start=\"751\" data-end=\"951\">\n<p data-start=\"753\" data-end=\"951\">\ud83c\udf3c <strong data-start=\"756\" data-end=\"812\">Augusta marr\u00f3n amostazado con flores<span style=\"color: #ff0000;\"> (suede vegano)<\/span>:<\/strong> una opci\u00f3n c\u00e1lida y vers\u00e1til, con un toque natural gracias al estampado floral. Perfecta para quienes buscan dise\u00f1o y compromiso vegano.<\/p>\n<\/li>\n<li data-start=\"952\" data-end=\"1127\">\n<p data-start=\"954\" data-end=\"1127\">\ud83c\udf38 <strong data-start=\"957\" data-end=\"1009\">Augusta rosa con estampado geom\u00e9trico <span style=\"color: #ff0000;\">(serraje)<\/span>:<\/strong> una versi\u00f3n alegre y atrevida, con un acabado premium en serraje natural que destaca por su suavidad y durabilidad.<\/p>\n<\/li>\n<\/ul>\n<p data-start=\"1129\" data-end=\"1279\">Ambos modelos mantienen la filosof\u00eda barefoot: <strong data-start=\"1176\" data-end=\"1235\">suela flexible de 5 mm, horma ancha y puntera anat\u00f3mica<\/strong>, permitiendo la libertad natural del pie.<\/p>\n<p data-start=\"1281\" data-end=\"1425\">El interior cuenta con <strong data-start=\"1304\" data-end=\"1324\">forro 100% bamb\u00fa<\/strong>, antibacteriano, hipoalerg\u00e9nico y regulador de la humedad, ofreciendo confort durante todo el d\u00eda.<\/p>\n<p data-start=\"1427\" data-end=\"1494\">\ud83d\udc49 Consulta nuestra <a href=\"https:\/\/terretabarefoot.com\/guia-tallas-marina-carabassi\/\">[Gu\u00eda de tallas]<\/a> para elegir tu ajuste perfecto.<\/p>\n","protected":false},"featured_media":10027,"template":"","meta":[],"etheme_brands":[],"product_brand":[],"product_cat":[167],"product_tag":[],"class_list":{"0":"post-9976","1":"product","2":"type-product","3":"status-publish","4":"has-post-thumbnail","6":"product_cat-sneakers","7":"pa_talla-73","8":"pa_talla-74","9":"pa_talla-75","10":"pa_talla-77","11":"pa_talla-78","12":"pa_talla-79","13":"pa_talla-80","14":"pa_talla-81","15":"pa_talla-82","16":"pa_talla-83","18":"first","19":"instock","20":"taxable","21":"shipping-taxable","22":"purchasable","23":"product-type-variable"},"yoast_head":"<!-- This site is optimized with the Yoast SEO plugin v27.2 - https:\/\/yoast.com\/product\/yoast-seo-wordpress\/ -->\n<title>Augusta Estampados - Terreta barefoot<\/title>\n<meta name=\"robots\" content=\"index, follow, max-snippet:-1, max-image-preview:large, max-video-preview:-1\" \/>\n<link rel=\"canonical\" href=\"https:\/\/terretabarefoot.com\/fr\/produit\/estampes-daugusta\/\" \/>\n<meta property=\"og:locale\" content=\"fr_FR\" \/>\n<meta property=\"og:type\" content=\"article\" \/>\n<meta property=\"og:title\" content=\"Augusta Estampados - Terreta barefoot\" \/>\n<meta property=\"og:description\" content=\"El Augusta barefoot se renueva con una edici\u00f3n estampada que combina materiales de calidad, comodidad y un estilo llamativo.     \ud83c\udf3c Augusta marr\u00f3n amostazado con flores (suede vegano): una opci\u00f3n c\u00e1lida y vers\u00e1til, con un toque natural gracias al estampado floral. Perfecta para quienes buscan dise\u00f1o y compromiso vegano.    \ud83c\udf38 Augusta rosa con estampado geom\u00e9trico (serraje): una versi\u00f3n alegre y atrevida, con un acabado premium en serraje natural que destaca por su suavidad y durabilidad.   Ambos modelos mantienen la filosof\u00eda barefoot: suela flexible de 5 mm, horma ancha y puntera anat\u00f3mica, permitiendo la libertad natural del pie. El interior cuenta con forro 100% bamb\u00fa, antibacteriano, hipoalerg\u00e9nico y regulador de la humedad, ofreciendo confort durante todo el d\u00eda. \ud83d\udc49 Consulta nuestra [Gu\u00eda de tallas] para elegir tu ajuste perfecto.\" \/>\n<meta property=\"og:url\" content=\"https:\/\/terretabarefoot.com\/fr\/produit\/estampes-daugusta\/\" \/>\n<meta property=\"og:site_name\" content=\"Terreta barefoot\" \/>\n<meta property=\"article:modified_time\" content=\"2026-02-19T08:24:14+00:00\" \/>\n<meta property=\"og:image\" content=\"https:\/\/terretabarefoot.com\/wp-content\/uploads\/2025\/10\/Diseno-sin-titulo-4.jpg\" \/>\n\t<meta property=\"og:image:width\" content=\"940\" \/>\n\t<meta property=\"og:image:height\" content=\"788\" \/>\n\t<meta property=\"og:image:type\" content=\"image\/jpeg\" \/>\n<meta name=\"twitter:card\" content=\"summary_large_image\" \/>\n<meta name=\"twitter:label1\" content=\"Tiempo de lectura\" \/>\n\t<meta name=\"twitter:data1\" content=\"2 minutos\" \/>\n<script type=\"application\/ld+json\" class=\"yoast-schema-graph\">{\"@context\":\"https:\/\/schema.org\",\"@graph\":[{\"@type\":\"WebPage\",\"@id\":\"https:\/\/terretabarefoot.com\/producto\/augusta-estampados\/\",\"url\":\"https:\/\/terretabarefoot.com\/producto\/augusta-estampados\/\",\"name\":\"Augusta Estampados - Terreta barefoot\",\"isPartOf\":{\"@id\":\"https:\/\/terretabarefoot.com\/#website\"},\"primaryImageOfPage\":{\"@id\":\"https:\/\/terretabarefoot.com\/producto\/augusta-estampados\/#primaryimage\"},\"image\":{\"@id\":\"https:\/\/terretabarefoot.com\/producto\/augusta-estampados\/#primaryimage\"},\"thumbnailUrl\":\"https:\/\/terretabarefoot.com\/wp-content\/uploads\/2025\/10\/Diseno-sin-titulo-4.jpg\",\"datePublished\":\"2025-10-04T06:28:31+00:00\",\"dateModified\":\"2026-02-19T08:24:14+00:00\",\"breadcrumb\":{\"@id\":\"https:\/\/terretabarefoot.com\/producto\/augusta-estampados\/#breadcrumb\"},\"inLanguage\":\"es\",\"potentialAction\":[{\"@type\":\"ReadAction\",\"target\":[\"https:\/\/terretabarefoot.com\/producto\/augusta-estampados\/\"]}]},{\"@type\":\"ImageObject\",\"inLanguage\":\"es\",\"@id\":\"https:\/\/terretabarefoot.com\/producto\/augusta-estampados\/#primaryimage\",\"url\":\"https:\/\/terretabarefoot.com\/wp-content\/uploads\/2025\/10\/Diseno-sin-titulo-4.jpg\",\"contentUrl\":\"https:\/\/terretabarefoot.com\/wp-content\/uploads\/2025\/10\/Diseno-sin-titulo-4.jpg\",\"width\":940,\"height\":788},{\"@type\":\"BreadcrumbList\",\"@id\":\"https:\/\/terretabarefoot.com\/producto\/augusta-estampados\/#breadcrumb\",\"itemListElement\":[{\"@type\":\"ListItem\",\"position\":1,\"name\":\"Portada\",\"item\":\"https:\/\/terretabarefoot.com\/\"},{\"@type\":\"ListItem\",\"position\":2,\"name\":\"Tienda\",\"item\":\"https:\/\/terretabarefoot.com\/tienda\/\"},{\"@type\":\"ListItem\",\"position\":3,\"name\":\"Augusta Estampados\"}]},{\"@type\":\"WebSite\",\"@id\":\"https:\/\/terretabarefoot.com\/#website\",\"url\":\"https:\/\/terretabarefoot.com\/\",\"name\":\"Terreta barefoot\",\"description\":\"It\u00b4s barefoot time :-)\",\"publisher\":{\"@id\":\"https:\/\/terretabarefoot.com\/#organization\"},\"potentialAction\":[{\"@type\":\"SearchAction\",\"target\":{\"@type\":\"EntryPoint\",\"urlTemplate\":\"https:\/\/terretabarefoot.com\/?s={search_term_string}\"},\"query-input\":{\"@type\":\"PropertyValueSpecification\",\"valueRequired\":true,\"valueName\":\"search_term_string\"}}],\"inLanguage\":\"es\"},{\"@type\":\"Organization\",\"@id\":\"https:\/\/terretabarefoot.com\/#organization\",\"name\":\"Terreta barefoot\",\"url\":\"https:\/\/terretabarefoot.com\/\",\"logo\":{\"@type\":\"ImageObject\",\"inLanguage\":\"es\",\"@id\":\"https:\/\/terretabarefoot.com\/#\/schema\/logo\/image\/\",\"url\":\"https:\/\/terretabarefoot.com\/wp-content\/uploads\/2023\/11\/895f73df-647a-4039-ad35-2894cebe7370.png\",\"contentUrl\":\"https:\/\/terretabarefoot.com\/wp-content\/uploads\/2023\/11\/895f73df-647a-4039-ad35-2894cebe7370.png\",\"width\":150,\"height\":99,\"caption\":\"Terreta barefoot\"},\"image\":{\"@id\":\"https:\/\/terretabarefoot.com\/#\/schema\/logo\/image\/\"}}]}<\/script>\n<!-- \/ Yoast SEO plugin. -->","yoast_head_json":{"title":"Augusta Prints - Terreta pieds nus","robots":{"index":"index","follow":"follow","max-snippet":"max-snippet:-1","max-image-preview":"max-image-preview:large","max-video-preview":"max-video-preview:-1"},"canonical":"https:\/\/terretabarefoot.com\/fr\/produit\/estampes-daugusta\/","og_locale":"fr_FR","og_type":"article","og_title":"Augusta Estampados - Terreta barefoot","og_description":"El Augusta barefoot se renueva con una edici\u00f3n estampada que combina materiales de calidad, comodidad y un estilo llamativo.     \ud83c\udf3c Augusta marr\u00f3n amostazado con flores (suede vegano): una opci\u00f3n c\u00e1lida y vers\u00e1til, con un toque natural gracias al estampado floral. Perfecta para quienes buscan dise\u00f1o y compromiso vegano.    \ud83c\udf38 Augusta rosa con estampado geom\u00e9trico (serraje): una versi\u00f3n alegre y atrevida, con un acabado premium en serraje natural que destaca por su suavidad y durabilidad.   Ambos modelos mantienen la filosof\u00eda barefoot: suela flexible de 5 mm, horma ancha y puntera anat\u00f3mica, permitiendo la libertad natural del pie. El interior cuenta con forro 100% bamb\u00fa, antibacteriano, hipoalerg\u00e9nico y regulador de la humedad, ofreciendo confort durante todo el d\u00eda. \ud83d\udc49 Consulta nuestra [Gu\u00eda de tallas] para elegir tu ajuste perfecto.","og_url":"https:\/\/terretabarefoot.com\/fr\/produit\/estampes-daugusta\/","og_site_name":"Terreta barefoot","article_modified_time":"2026-02-19T08:24:14+00:00","og_image":[{"width":940,"height":788,"url":"https:\/\/terretabarefoot.com\/wp-content\/uploads\/2025\/10\/Diseno-sin-titulo-4.jpg","type":"image\/jpeg"}],"twitter_card":"summary_large_image","twitter_misc":{"Tiempo de lectura":"2 minutos"},"schema":{"@context":"https:\/\/schema.org","@graph":[{"@type":"WebPage","@id":"https:\/\/terretabarefoot.com\/producto\/augusta-estampados\/","url":"https:\/\/terretabarefoot.com\/producto\/augusta-estampados\/","name":"Augusta Prints - Terreta pieds nus","isPartOf":{"@id":"https:\/\/terretabarefoot.com\/#website"},"primaryImageOfPage":{"@id":"https:\/\/terretabarefoot.com\/producto\/augusta-estampados\/#primaryimage"},"image":{"@id":"https:\/\/terretabarefoot.com\/producto\/augusta-estampados\/#primaryimage"},"thumbnailUrl":"https:\/\/terretabarefoot.com\/wp-content\/uploads\/2025\/10\/Diseno-sin-titulo-4.jpg","datePublished":"2025-10-04T06:28:31+00:00","dateModified":"2026-02-19T08:24:14+00:00","breadcrumb":{"@id":"https:\/\/terretabarefoot.com\/producto\/augusta-estampados\/#breadcrumb"},"inLanguage":"es","potentialAction":[{"@type":"ReadAction","target":["https:\/\/terretabarefoot.com\/producto\/augusta-estampados\/"]}]},{"@type":"ImageObject","inLanguage":"es","@id":"https:\/\/terretabarefoot.com\/producto\/augusta-estampados\/#primaryimage","url":"https:\/\/terretabarefoot.com\/wp-content\/uploads\/2025\/10\/Diseno-sin-titulo-4.jpg","contentUrl":"https:\/\/terretabarefoot.com\/wp-content\/uploads\/2025\/10\/Diseno-sin-titulo-4.jpg","width":940,"height":788},{"@type":"BreadcrumbList","@id":"https:\/\/terretabarefoot.com\/producto\/augusta-estampados\/#breadcrumb","itemListElement":[{"@type":"ListItem","position":1,"name":"Portada","item":"https:\/\/terretabarefoot.com\/"},{"@type":"ListItem","position":2,"name":"Tienda","item":"https:\/\/terretabarefoot.com\/tienda\/"},{"@type":"ListItem","position":3,"name":"Augusta Estampados"}]},{"@type":"WebSite","@id":"https:\/\/terretabarefoot.com\/#website","url":"https:\/\/terretabarefoot.com\/","name":"Terreta pieds nus","description":"C&#039;est l&#039;heure de marcher pieds nus :-)","publisher":{"@id":"https:\/\/terretabarefoot.com\/#organization"},"potentialAction":[{"@type":"SearchAction","target":{"@type":"EntryPoint","urlTemplate":"https:\/\/terretabarefoot.com\/?s={search_term_string}"},"query-input":{"@type":"PropertyValueSpecification","valueRequired":true,"valueName":"search_term_string"}}],"inLanguage":"es"},{"@type":"Organization","@id":"https:\/\/terretabarefoot.com\/#organization","name":"Terreta pieds nus","url":"https:\/\/terretabarefoot.com\/","logo":{"@type":"ImageObject","inLanguage":"es","@id":"https:\/\/terretabarefoot.com\/#\/schema\/logo\/image\/","url":"https:\/\/terretabarefoot.com\/wp-content\/uploads\/2023\/11\/895f73df-647a-4039-ad35-2894cebe7370.png","contentUrl":"https:\/\/terretabarefoot.com\/wp-content\/uploads\/2023\/11\/895f73df-647a-4039-ad35-2894cebe7370.png","width":150,"height":99,"caption":"Terreta barefoot"},"image":{"@id":"https:\/\/terretabarefoot.com\/#\/schema\/logo\/image\/"}}]}},"_links":{"self":[{"href":"https:\/\/terretabarefoot.com\/fr\/wp-json\/wp\/v2\/product\/9976","targetHints":{"allow":["GET"]}}],"collection":[{"href":"https:\/\/terretabarefoot.com\/fr\/wp-json\/wp\/v2\/product"}],"about":[{"href":"https:\/\/terretabarefoot.com\/fr\/wp-json\/wp\/v2\/types\/product"}],"wp:featuredmedia":[{"embeddable":true,"href":"https:\/\/terretabarefoot.com\/fr\/wp-json\/wp\/v2\/media\/10027"}],"wp:attachment":[{"href":"https:\/\/terretabarefoot.com\/fr\/wp-json\/wp\/v2\/media?parent=9976"}],"wp:term":[{"taxonomy":"brand","embeddable":true,"href":"https:\/\/terretabarefoot.com\/fr\/wp-json\/wp\/v2\/etheme_brands?post=9976"},{"taxonomy":"product_brand","embeddable":true,"href":"https:\/\/terretabarefoot.com\/fr\/wp-json\/wp\/v2\/product_brand?post=9976"},{"taxonomy":"product_cat","embeddable":true,"href":"https:\/\/terretabarefoot.com\/fr\/wp-json\/wp\/v2\/product_cat?post=9976"},{"taxonomy":"product_tag","embeddable":true,"href":"https:\/\/terretabarefoot.com\/fr\/wp-json\/wp\/v2\/product_tag?post=9976"}],"curies":[{"name":"wp","href":"https:\/\/api.w.org\/{rel}","templated":true}]}}